{"id":1096,"date":"2021-06-25T20:13:22","date_gmt":"2021-06-25T19:13:22","guid":{"rendered":"https:\/\/mairie-saint-marcel.fr\/?page_id=1096"},"modified":"2026-01-07T15:21:28","modified_gmt":"2026-01-07T14:21:28","slug":"stop-aux-violence-et-entraide-save","status":"publish","type":"page","link":"https:\/\/mairie-saint-marcel.fr\/?page_id=1096","title":{"rendered":"Stop Aux Violence et Entraide : SAVE"},"content":{"rendered":"<div class=\"wp-block-image\">\n<figure class=\"aligncenter size-large is-resized\"><img loading=\"lazy\" decoding=\"async\" width=\"1024\" height=\"620\" src=\"https:\/\/mairie-saint-marcel.fr\/wp-content\/uploads\/2021\/06\/save2560-1024x620.png\" alt=\"\" class=\"wp-image-1097\" style=\"width:363px;height:217px\" srcset=\"https:\/\/mairie-saint-marcel.fr\/wp-content\/uploads\/2021\/06\/save2560-1024x620.png 1024w, https:\/\/mairie-saint-marcel.fr\/wp-content\/uploads\/2021\/06\/save2560-300x182.png 300w, https:\/\/mairie-saint-marcel.fr\/wp-content\/uploads\/2021\/06\/save2560-768x465.png 768w, https:\/\/mairie-saint-marcel.fr\/wp-content\/uploads\/2021\/06\/save2560-1536x930.png 1536w, https:\/\/mairie-saint-marcel.fr\/wp-content\/uploads\/2021\/06\/save2560-140x85.png 140w, https:\/\/mairie-saint-marcel.fr\/wp-content\/uploads\/2021\/06\/save2560.png 2048w\" sizes=\"auto, (max-width: 1024px) 100vw, 1024px\" \/><\/figure>\n<\/div>\n\n\n<p><\/p>\n\n\n\n<ul class=\"wp-block-list\">\n<li>T\u00e9l\u00e9phone : 06.50.26.50.68 (service disponible du lundi au vendredi de 9h00 \u00e0 17h00)<\/li>\n\n\n\n<li>Mail : <a href=\"mailto:contact@save01.fr\">save01390@gmail.com<\/a><\/li>\n\n\n\n<li>Site internet : <a href=\"http:\/\/www.save01.fr\/\">www.save01.fr<\/a><\/li>\n<\/ul>\n\n\n\n<figure class=\"wp-block-image size-full is-resized\"><img loading=\"lazy\" decoding=\"async\" width=\"630\" height=\"899\" src=\"https:\/\/mairie-saint-marcel.fr\/wp-content\/uploads\/2026\/01\/image-1.png\" alt=\"\" class=\"wp-image-3639\" style=\"aspect-ratio:0.7007808751036078;width:725px;height:auto\" srcset=\"https:\/\/mairie-saint-marcel.fr\/wp-content\/uploads\/2026\/01\/image-1.png 630w, https:\/\/mairie-saint-marcel.fr\/wp-content\/uploads\/2026\/01\/image-1-210x300.png 210w, https:\/\/mairie-saint-marcel.fr\/wp-content\/uploads\/2026\/01\/image-1-140x200.png 140w\" sizes=\"auto, (max-width: 630px) 100vw, 630px\" \/><\/figure>\n\n\n\n<p><\/p>\n\n\n\n<p><\/p>\n\n\n\n<p><\/p>\n\n\n\n<p><\/p>\n\n\n\n<p><\/p>\n\n\n\n<p><\/p>\n","protected":false},"excerpt":{"rendered":"","protected":false},"author":3,"featured_media":0,"parent":0,"menu_order":0,"comment_status":"closed","ping_status":"closed","template":"","meta":{"footnotes":""},"class_list":["post-1096","page","type-page","status-publish","hentry"],"_links":{"self":[{"href":"https:\/\/mairie-saint-marcel.fr\/index.php?rest_route=\/wp\/v2\/pages\/1096","targetHints":{"allow":["GET"]}}],"collection":[{"href":"https:\/\/mairie-saint-marcel.fr\/index.php?rest_route=\/wp\/v2\/pages"}],"about":[{"href":"https:\/\/mairie-saint-marcel.fr\/index.php?rest_route=\/wp\/v2\/types\/page"}],"author":[{"embeddable":true,"href":"https:\/\/mairie-saint-marcel.fr\/index.php?rest_route=\/wp\/v2\/users\/3"}],"replies":[{"embeddable":true,"href":"https:\/\/mairie-saint-marcel.fr\/index.php?rest_route=%2Fwp%2Fv2%2Fcomments&post=1096"}],"version-history":[{"count":7,"href":"https:\/\/mairie-saint-marcel.fr\/index.php?rest_route=\/wp\/v2\/pages\/1096\/revisions"}],"predecessor-version":[{"id":3643,"href":"https:\/\/mairie-saint-marcel.fr\/index.php?rest_route=\/wp\/v2\/pages\/1096\/revisions\/3643"}],"wp:attachment":[{"href":"https:\/\/mairie-saint-marcel.fr\/index.php?rest_route=%2Fwp%2Fv2%2Fmedia&parent=1096"}],"curies":[{"name":"wp","href":"https:\/\/api.w.org\/{rel}","templated":true}]}}