{"id":1222,"date":"2021-10-11T09:35:05","date_gmt":"2021-10-11T08:35:05","guid":{"rendered":"https:\/\/mairie-saint-marcel.fr\/?page_id=1222"},"modified":"2026-04-01T17:29:11","modified_gmt":"2026-04-01T16:29:11","slug":"meditheque","status":"publish","type":"page","link":"https:\/\/mairie-saint-marcel.fr\/?page_id=1222","title":{"rendered":"M\u00e9di@th\u00e8que"},"content":{"rendered":"\n<div class=\"wp-block-group\"><div class=\"wp-block-group__inner-container is-layout-flow wp-block-group-is-layout-flow\">\n<p><mark style=\"background-color: rgba(0, 0, 0, 0); color: rgb(30, 9, 238);\" class=\"has-inline-color\"><b>L&rsquo;acc\u00e8s \u00e0 la m\u00e9diath\u00e8que est enti\u00e8rement gratuit pour tous<\/b><\/mark><strong><mark style=\"background-color:rgba(0, 0, 0, 0);color:#1e09ee\" class=\"has-inline-color\">.<\/mark><\/strong><\/p>\n\n\n\n<p>Retrouvez des DVDs, bien \u00e9videmment livres, BD, mangas et magazines. Mais aussi de nombreuses animations tout au long de l&rsquo;ann\u00e9e. Le tout conseill\u00e9 et anim\u00e9 par St\u00e9phanie, notre m\u00e9diath\u00e9caire.<\/p>\n\n\n\n<p>Acc\u00e8s \u00e0 <a href=\"https:\/\/sofa.ain.fr\/\">SOFA<\/a> : VOD et musique en streaming gratuit.<\/p>\n\n\n\n<p>N&rsquo;h\u00e9sitez pas \u00e0 franchir la porte et \u00e0 d\u00e9couvrir votre univers culturel.<\/p>\n\n\n\n<p>Formulaire d&rsquo;inscription: <\/p>\n\n\n\n<div class=\"wp-block-file\"><a id=\"wp-block-file--media-9f4d324e-1db8-43fc-b7d7-951cb915aa3b\" href=\"https:\/\/mairie-saint-marcel.fr\/wp-content\/uploads\/2022\/10\/Fiche-Inscription-lecteur.pdf\">Fiche-Inscription-lecteur<\/a><a href=\"https:\/\/mairie-saint-marcel.fr\/wp-content\/uploads\/2022\/10\/Fiche-Inscription-lecteur.pdf\" class=\"wp-block-file__button wp-element-button\" download aria-describedby=\"wp-block-file--media-9f4d324e-1db8-43fc-b7d7-951cb915aa3b\">T\u00e9l\u00e9charger<\/a><\/div>\n<\/div><\/div>\n\n\n\n<p><a href=\"http:\/\/www.mediatheque-saint-marcel.fr\">Site de la M\u00e9diath\u00e8que<\/a> (retrouver les nouveaut\u00e9s, r\u00e9server vos m\u00e9dias)<\/p>\n\n\n\n<p><a href=\"http:\/\/new.mabib.fr\/mediathequestmarcel\/\">Catalogue en ligne<\/a><\/p>\n\n\n<h3><span style=\"color: #000080;\"><strong>Ma M\u00e9di@th\u00e8que :<\/strong><\/span><\/h3>\n<p><img loading=\"lazy\" decoding=\"async\" class=\"alignnone size-full wp-image-76\" src=\"http:\/\/mairie-saint-marcel.fr\/wp-content\/uploads\/2020\/03\/mediatheque-1.jpg\" alt=\"\" width=\"800\" height=\"391\" \/><\/p>\n<h2><span style=\"color: #000080;\"><strong>Horaires d\u2019ouverture:<\/strong><\/span><\/h2>\n<ul>\n<li>les mercredis de 14h00 \u00e0 18h30<\/li>\n<li>les jeudis de 11h00 \u00e0 12h00 et de 15h30 \u00e0 18h30<\/li>\n<li>les samedis de 8h30 \u00e0 12h00<\/li>\n<\/ul>\n<h2 style=\"text-align: center;\"><span style=\"color: #000080;\"><strong>Contact:<\/strong><\/span><\/h2>\n<p style=\"text-align: center;\"><span style=\"color: #0000ff;\"><strong><span style=\"font-size: 12pt;\">09.84.20.40.32 et <a class=\"ql-email\" style=\"color: #0000ff;\" href=\"mailto:mediatheque@mairie-saint-marcel.fr\" target=\"_blank\" rel=\"noopener noreferrer\">mediatheque@mairie-saint-marcel.fr<\/a><\/span><\/strong><\/span><\/p>\n\n\n<p><\/p>\n\n\n\n<p><\/p>\n\n\n\n<p><\/p>\n","protected":false},"excerpt":{"rendered":"<p>L&rsquo;acc\u00e8s \u00e0 la m\u00e9diath\u00e8que est enti\u00e8rement gratuit pour tous. Retrouvez des DVDs, bien \u00e9videmment livres, BD, mangas et magazines. Mais aussi de nombreuses animations tout au long de l&rsquo;ann\u00e9e. Le&hellip;<\/p>\n","protected":false},"author":3,"featured_media":0,"parent":0,"menu_order":0,"comment_status":"closed","ping_status":"closed","template":"","meta":{"footnotes":""},"class_list":["post-1222","page","type-page","status-publish","hentry"],"_links":{"self":[{"href":"https:\/\/mairie-saint-marcel.fr\/index.php?rest_route=\/wp\/v2\/pages\/1222","targetHints":{"allow":["GET"]}}],"collection":[{"href":"https:\/\/mairie-saint-marcel.fr\/index.php?rest_route=\/wp\/v2\/pages"}],"about":[{"href":"https:\/\/mairie-saint-marcel.fr\/index.php?rest_route=\/wp\/v2\/types\/page"}],"author":[{"embeddable":true,"href":"https:\/\/mairie-saint-marcel.fr\/index.php?rest_route=\/wp\/v2\/users\/3"}],"replies":[{"embeddable":true,"href":"https:\/\/mairie-saint-marcel.fr\/index.php?rest_route=%2Fwp%2Fv2%2Fcomments&post=1222"}],"version-history":[{"count":47,"href":"https:\/\/mairie-saint-marcel.fr\/index.php?rest_route=\/wp\/v2\/pages\/1222\/revisions"}],"predecessor-version":[{"id":3852,"href":"https:\/\/mairie-saint-marcel.fr\/index.php?rest_route=\/wp\/v2\/pages\/1222\/revisions\/3852"}],"wp:attachment":[{"href":"https:\/\/mairie-saint-marcel.fr\/index.php?rest_route=%2Fwp%2Fv2%2Fmedia&parent=1222"}],"curies":[{"name":"wp","href":"https:\/\/api.w.org\/{rel}","templated":true}]}}