{"id":1420,"date":"2022-01-03T21:53:23","date_gmt":"2022-01-03T20:53:23","guid":{"rendered":"https:\/\/mairie-saint-marcel.fr\/?page_id=1420"},"modified":"2024-01-16T15:08:41","modified_gmt":"2024-01-16T14:08:41","slug":"comptes-rendus-de-conseil-municipal-2022","status":"publish","type":"page","link":"https:\/\/mairie-saint-marcel.fr\/?page_id=1420","title":{"rendered":"Comptes-rendus de conseil municipal 2022"},"content":{"rendered":"\n<p>Les comptes-rendus de Conseil Municipal ont \u00e9t\u00e9 remplac\u00e9s par les proc\u00e8s verbaux depuis le 1er juillet 2022<\/p>\n\n\n\n<p>Retrouver nos anciens comptes-rendus de conseil<\/p>\n\n\n\n<p><a rel=\"noreferrer noopener\" href=\"https:\/\/mairie-saint-marcel.fr\/images\/ConseilMunicipal\/2021\/cr_01_2021.pdf\" target=\"_blank\">J<\/a><a rel=\"noreferrer noopener\" href=\"https:\/\/mairie-saint-marcel.fr\/images\/ConseilMunicipal\/2022\/cr_01_2022.pdf\" target=\"_blank\">anvier<\/a> pas de conseil en janvier<\/p>\n\n\n\n<p><a href=\"https:\/\/mairie-saint-marcel.fr\/images\/ConseilMunicipal\/2022\/cr_02_2022.pdf\" target=\"_blank\" rel=\"noreferrer noopener\">F\u00e9vrier<\/a><\/p>\n\n\n\n<p><a href=\"https:\/\/mairie-saint-marcel.fr\/images\/ConseilMunicipal\/2022\/cr_04_2022.pdf\" target=\"_blank\" rel=\"noreferrer noopener\">Avril<\/a><\/p>\n\n\n\n<p><a href=\"http:\/\/mairie-saint-marcel.fr\/images\/ConseilMunicipal\/2022\/cr_05_2022.pdf\" target=\"_blank\" rel=\"noreferrer noopener\">Mai<\/a><\/p>\n\n\n\n<p><a href=\"http:\/\/mairie-saint-marcel.fr\/images\/ConseilMunicipal\/2022\/cr_06_2022.pdf\" target=\"_blank\" rel=\"noreferrer noopener\">Juin<\/a><\/p>\n\n\n\n<p><a href=\"http:\/\/mairie-saint-marcel.fr\/images\/ConseilMunicipal\/2022\/cr_07_2022.pdf\" target=\"_blank\" rel=\"noreferrer noopener\">Juillet<\/a><\/p>\n\n\n\n<p>Aout (Pas de conseil)<\/p>\n\n\n\n<p><a href=\"http:\/\/mairie-saint-marcel.fr\/images\/ConseilMunicipal\/2022\/cr_09_2022.pdf\" target=\"_blank\" rel=\"noreferrer noopener\">Septembre <\/a><\/p>\n\n\n\n<p><a rel=\"noreferrer noopener\" href=\"http:\/\/mairie-saint-marcel.fr\/images\/ConseilMunicipal\/2022\/cr_10_2022.pdf\" target=\"_blank\">Octobre<\/a> <\/p>\n\n\n\n<p>Novembre (Pas de conseil)<\/p>\n\n\n\n<p><a href=\"http:\/\/mairie-saint-marcel.fr\/images\/ConseilMunicipal\/2022\/cr_12_2022.pdf\" target=\"_blank\" rel=\"noreferrer noopener\">D\u00e9cembre<\/a> : <a rel=\"noreferrer noopener\" href=\"http:\/\/mairie-saint-marcel.fr\/images\/ConseilMunicipal\/2022\/Delib202212.pdf\" target=\"_blank\">d\u00e9lib\u00e9rations<\/a><\/p>\n","protected":false},"excerpt":{"rendered":"<p>Les comptes-rendus de Conseil Municipal ont \u00e9t\u00e9 remplac\u00e9s par les proc\u00e8s verbaux depuis le 1er juillet 2022 Retrouver nos anciens comptes-rendus de conseil Janvier pas de conseil en janvier F\u00e9vrier&hellip;<\/p>\n","protected":false},"author":3,"featured_media":0,"parent":0,"menu_order":0,"comment_status":"closed","ping_status":"closed","template":"","meta":{"footnotes":""},"class_list":["post-1420","page","type-page","status-publish","hentry"],"_links":{"self":[{"href":"https:\/\/mairie-saint-marcel.fr\/index.php?rest_route=\/wp\/v2\/pages\/1420","targetHints":{"allow":["GET"]}}],"collection":[{"href":"https:\/\/mairie-saint-marcel.fr\/index.php?rest_route=\/wp\/v2\/pages"}],"about":[{"href":"https:\/\/mairie-saint-marcel.fr\/index.php?rest_route=\/wp\/v2\/types\/page"}],"author":[{"embeddable":true,"href":"https:\/\/mairie-saint-marcel.fr\/index.php?rest_route=\/wp\/v2\/users\/3"}],"replies":[{"embeddable":true,"href":"https:\/\/mairie-saint-marcel.fr\/index.php?rest_route=%2Fwp%2Fv2%2Fcomments&post=1420"}],"version-history":[{"count":21,"href":"https:\/\/mairie-saint-marcel.fr\/index.php?rest_route=\/wp\/v2\/pages\/1420\/revisions"}],"predecessor-version":[{"id":2490,"href":"https:\/\/mairie-saint-marcel.fr\/index.php?rest_route=\/wp\/v2\/pages\/1420\/revisions\/2490"}],"wp:attachment":[{"href":"https:\/\/mairie-saint-marcel.fr\/index.php?rest_route=%2Fwp%2Fv2%2Fmedia&parent=1420"}],"curies":[{"name":"wp","href":"https:\/\/api.w.org\/{rel}","templated":true}]}}