{"id":1805,"date":"2022-10-15T09:56:00","date_gmt":"2022-10-15T08:56:00","guid":{"rendered":"https:\/\/mairie-saint-marcel.fr\/?page_id=1805"},"modified":"2022-10-15T09:56:00","modified_gmt":"2022-10-15T08:56:00","slug":"conseil-de-developpement-de-la-dombes-cdd","status":"publish","type":"page","link":"https:\/\/mairie-saint-marcel.fr\/?page_id=1805","title":{"rendered":"Conseil de d\u00e9veloppement de la Dombes (CDD)"},"content":{"rendered":"<div class=\"wp-block-image\">\n<figure class=\"alignleft size-full\"><img loading=\"lazy\" decoding=\"async\" width=\"304\" height=\"205\" src=\"https:\/\/mairie-saint-marcel.fr\/wp-content\/uploads\/2022\/10\/logo.png\" alt=\"\" class=\"wp-image-1806\" srcset=\"https:\/\/mairie-saint-marcel.fr\/wp-content\/uploads\/2022\/10\/logo.png 304w, https:\/\/mairie-saint-marcel.fr\/wp-content\/uploads\/2022\/10\/logo-300x202.png 300w, https:\/\/mairie-saint-marcel.fr\/wp-content\/uploads\/2022\/10\/logo-140x94.png 140w\" sizes=\"auto, (max-width: 304px) 100vw, 304px\" \/><\/figure>\n<\/div>\n\n\n<p><strong>Citoyens, volontaires, b\u00e9n\u00e9voles, actifs, dombistes, curieux\u2026 tels sont les membres du Conseil de d\u00e9veloppement\u2026<\/strong><\/p>\n\n\n\n<p><strong><mark style=\"background-color:rgba(0, 0, 0, 0);color:#0b6605\" class=\"has-inline-color\">Mais le Conseil de d\u00e9veloppement de la Dombes (CDD) K\u00e9saco\u00a0?<\/mark><\/strong><\/p>\n\n\n\n<p>Le Conseil de d\u00e9veloppement est une instance participative. Il travaille sur des projets qui contribuent \u00e0 l\u2019animation, au d\u00e9veloppement, \u00e0 l\u2019avenir et \u00e0 la connaissance du territoire g\u00e9r\u00e9 par les \u00e9lus de la Communaut\u00e9 de communes et peuvent, avant d\u00e9cision, donner leur avis sur des plans ou des projets \u00e9labor\u00e9s par les \u00e9lus communautaires.<\/p>\n\n\n\n<p>Ses membres ont un point commun&nbsp;: ils habitent une des 36 communes de la Communaut\u00e9 de communes de la Dombes. Int\u00e9ress\u00e9s par l\u2019avenir du territoire, ils se sont port\u00e9s volontaires suite \u00e0 un appel \u00e0 candidatures. Tous b\u00e9n\u00e9voles, ils sont organis\u00e9s en commissions pour \u00eatre plus efficaces tout en se retrouvant chaque trimestre en r\u00e9union pl\u00e9ni\u00e8re autour d\u2019une th\u00e9matique propre au territoire (l\u2019eau et les \u00e9tangs, la culture ou l\u2019\u00e9conomie en Dombes par exemple). Cinq commissions sont actives&nbsp;: <em>Animation et communication de proximit\u00e9&nbsp;; \u00c9conomie-emploi-tourisme&nbsp;; Alimentation et circuits courts&nbsp;; Transition \u00e9cologique&nbsp;; Mobilit\u00e9 et am\u00e9nagement du territoire.<\/em> Au centre de leurs pr\u00e9occupations&nbsp;: am\u00e9liorer la vie de tous, \u00e9viter des villages dortoirs et cr\u00e9er des liens, faire conna\u00eetre le territoire et les dispositifs qui g\u00e8rent le quotidien de chacun\u2026 Avec en mot d\u2019ordre&nbsp;: l\u2019int\u00e9r\u00eat g\u00e9n\u00e9ral avant tout et le respect de la parole de chacun.<\/p>\n\n\n\n<p>Le Conseil de d\u00e9veloppement est ouvert aux habitants qui souhaiteraient participer \u00e0 ses actions. Pour faire acte de candidature\u00a0: <a href=\"mailto:contact@enc-cdd-dombes.org\" target=\"_blank\" rel=\"noreferrer noopener\">contact@enc-cdd-dombes.org<\/a><\/p>\n\n\n<div class=\"wp-block-image\">\n<figure class=\"alignright size-full\"><img loading=\"lazy\" decoding=\"async\" width=\"70\" height=\"70\" src=\"https:\/\/mairie-saint-marcel.fr\/wp-content\/uploads\/2022\/10\/QR-code.jpg\" alt=\"\" class=\"wp-image-1807\"\/><\/figure>\n<\/div>\n\n\n<p>Pour suivre l\u2019actualit\u00e9 du CDD&nbsp;: page Facebook @ConseildedeveloppementDombes<\/p>\n\n\n\n<p>Pour r\u00e9pondre au questionnaire sur les services en Dombes\u00a0: <\/p>\n\n\n\n<p>Pour d\u00e9poser vos questions pour l&rsquo;\u00e9laboration d&rsquo;un quizz sur la Dombes :&nbsp;<a href=\"mailto:cddjeudombes@gmail.com\" target=\"_blank\" rel=\"noreferrer noopener\">cddjeudombes@gmail.com<\/a><\/p>\n","protected":false},"excerpt":{"rendered":"<p>Citoyens, volontaires, b\u00e9n\u00e9voles, actifs, dombistes, curieux\u2026 tels sont les membres du Conseil de d\u00e9veloppement\u2026 Mais le Conseil de d\u00e9veloppement de la Dombes (CDD) K\u00e9saco\u00a0? Le Conseil de d\u00e9veloppement est une&hellip;<\/p>\n","protected":false},"author":3,"featured_media":0,"parent":0,"menu_order":0,"comment_status":"closed","ping_status":"closed","template":"","meta":{"footnotes":""},"class_list":["post-1805","page","type-page","status-publish","hentry"],"_links":{"self":[{"href":"https:\/\/mairie-saint-marcel.fr\/index.php?rest_route=\/wp\/v2\/pages\/1805","targetHints":{"allow":["GET"]}}],"collection":[{"href":"https:\/\/mairie-saint-marcel.fr\/index.php?rest_route=\/wp\/v2\/pages"}],"about":[{"href":"https:\/\/mairie-saint-marcel.fr\/index.php?rest_route=\/wp\/v2\/types\/page"}],"author":[{"embeddable":true,"href":"https:\/\/mairie-saint-marcel.fr\/index.php?rest_route=\/wp\/v2\/users\/3"}],"replies":[{"embeddable":true,"href":"https:\/\/mairie-saint-marcel.fr\/index.php?rest_route=%2Fwp%2Fv2%2Fcomments&post=1805"}],"version-history":[{"count":1,"href":"https:\/\/mairie-saint-marcel.fr\/index.php?rest_route=\/wp\/v2\/pages\/1805\/revisions"}],"predecessor-version":[{"id":1808,"href":"https:\/\/mairie-saint-marcel.fr\/index.php?rest_route=\/wp\/v2\/pages\/1805\/revisions\/1808"}],"wp:attachment":[{"href":"https:\/\/mairie-saint-marcel.fr\/index.php?rest_route=%2Fwp%2Fv2%2Fmedia&parent=1805"}],"curies":[{"name":"wp","href":"https:\/\/api.w.org\/{rel}","templated":true}]}}