{"id":2007,"date":"2023-02-02T14:18:30","date_gmt":"2023-02-02T13:18:30","guid":{"rendered":"https:\/\/mairie-saint-marcel.fr\/?page_id=2007"},"modified":"2024-01-16T15:09:26","modified_gmt":"2024-01-16T14:09:26","slug":"proces-verbaux-de-conseil-municipal-2023","status":"publish","type":"page","link":"https:\/\/mairie-saint-marcel.fr\/?page_id=2007","title":{"rendered":"Proc\u00e8s verbaux des conseils municipaux 2023"},"content":{"rendered":"\n<p>Janvier : <a href=\"http:\/\/mairie-saint-marcel.fr\/images\/ConseilMunicipal\/2023\/cr_01_2023.pdf\" data-type=\"URL\" data-id=\"mairie-saint-marcel.fr\/images\/ConseilMunicipal\/2023\/cr_01_2023.pdf\" target=\"_blank\" rel=\"noreferrer noopener\">PV<\/a> et <a rel=\"noreferrer noopener\" href=\"\/images\/ConseilMunicipal\/2023\/delib_01_2023.pdf\" data-type=\"URL\" data-id=\"\/images\/ConseilMunicipal\/2023\/cr_01_2023.pdf\" target=\"_blank\">d\u00e9lib\u00e9rations<\/a><\/p>\n\n\n\n<p>F\u00e9vrier : pas de conseil<\/p>\n\n\n\n<p>Mars : pas de conseil<\/p>\n\n\n\n<p>Avril : <a href=\"http:\/\/mairie-saint-marcel.fr\/images\/ConseilMunicipal\/2023\/cr_04_2023.pdf\" data-type=\"URL\" data-id=\"mairie-saint-marcel.fr\/images\/ConseilMunicipal\/2023\/cr_04_2023.pdf\" target=\"_blank\" rel=\"noreferrer noopener\">PV<\/a> et <a href=\"https:\/\/mairie-saint-marcel.fr\/images\/ConseilMunicipal\/2023\/delib_04_2023.pdf\" data-type=\"URL\" data-id=\"https:\/\/mairie-saint-marcel.fr\/images\/ConseilMunicipal\/2023\/delib_04_2023.pdf\" target=\"_blank\" rel=\"noreferrer noopener\">d\u00e9lib\u00e9rations<\/a><\/p>\n\n\n\n<p>Mai : <a href=\"http:\/\/mairie-saint-marcel.fr\/images\/ConseilMunicipal\/2023\/cr_05_2023.pdf\" data-type=\"URL\" target=\"_blank\" rel=\"noreferrer noopener\">PV<\/a> et <a rel=\"noreferrer noopener\" href=\"http:\/\/mairie-saint-marcel.fr\/images\/ConseilMunicipal\/2023\/delib_05_2023.pdf\" data-type=\"URL\" data-id=\"mairie-saint-marcel.fr\/images\/ConseilMunicipal\/2023\/delib_05_2023.pdf\" target=\"_blank\">d\u00e9lib\u00e9rations<\/a><\/p>\n\n\n\n<p>Juin : <a href=\"https:\/\/mairie-saint-marcel.fr\/images\/ConseilMunicipal\/2023\/cr_06_2023.pdf\" data-type=\"URL\" data-id=\"https:\/\/mairie-saint-marcel.fr\/images\/ConseilMunicipal\/2023\/cr_06_2023.pdf\" target=\"_blank\" rel=\"noreferrer noopener\">PV<\/a> et <a href=\"http:\/\/mairie-saint-marcel.fr\/images\/ConseilMunicipal\/2023\/delib_06_2023.pdf\" data-type=\"URL\" data-id=\"mairie-saint-marcel.fr\/images\/ConseilMunicipal\/2023\/delib_06_2023.pdf\" target=\"_blank\" rel=\"noreferrer noopener\">d\u00e9lib\u00e9rations<\/a><\/p>\n\n\n\n<p>Juillet : <a href=\"http:\/\/mairie-saint-marcel.fr\/images\/ConseilMunicipal\/2023\/cr_07_2023.pdf\" data-type=\"URL\" data-id=\"http:\/\/mairie-saint-marcel.fr\/images\/ConseilMunicipal\/2023\/cr_07_2023.pdf\" target=\"_blank\" rel=\"noreferrer noopener\">PV<\/a> et <a href=\"http:\/\/mairie-saint-marcel.fr\/images\/ConseilMunicipal\/2023\/delib_07_2023.pdf\" data-type=\"URL\" data-id=\"http:\/\/mairie-saint-marcel.fr\/images\/ConseilMunicipal\/2023\/delib_07_2023.pdf\" target=\"_blank\" rel=\"noreferrer noopener\">d\u00e9lib\u00e9rations<\/a><\/p>\n\n\n\n<p>Ao\u00fbt : <a rel=\"noreferrer noopener\" href=\"http:\/\/mairie-saint-marcel.fr\/images\/ConseilMunicipal\/2023\/cr_08_2023.pdf\" data-type=\"URL\" data-id=\"mairie-saint-marcel.fr\/images\/ConseilMunicipal\/2023\/cr_08_2023.pdf\" target=\"_blank\">PV<\/a> et <a rel=\"noreferrer noopener\" href=\"http:\/\/mairie-saint-marcel.fr\/images\/ConseilMunicipal\/2023\/delib_08_2023.pdf\" data-type=\"URL\" data-id=\"mairie-saint-marcel.fr\/images\/ConseilMunicipal\/2023\/delib_08_2023.pdf\" target=\"_blank\">d\u00e9lib\u00e9rations<\/a><\/p>\n\n\n\n<p>Septembre : pas de conseil<\/p>\n\n\n\n<p>Octobre : <a rel=\"noreferrer noopener\" href=\"http:\/\/mairie-saint-marcel.fr\/images\/ConseilMunicipal\/2023\/cr_10_2023.pdf\" data-type=\"URL\" data-id=\"mairie-saint-marcel.fr\/images\/ConseilMunicipal\/2023\/cr_10_2023.pdf\" target=\"_blank\">PV<\/a> et <a href=\"http:\/\/mairie-saint-marcel.fr\/images\/ConseilMunicipal\/2023\/delib_10_2023.pdf\" data-type=\"URL\" data-id=\"mairie-saint-marcel.fr\/images\/ConseilMunicipal\/2023\/delib_10_2023.pdf\" target=\"_blank\" rel=\"noreferrer noopener\">d\u00e9lib\u00e9rations<\/a><\/p>\n\n\n\n<p>Novembre : <a href=\"http:\/\/mairie-saint-marcel.fr\/images\/ConseilMunicipal\/2023\/cr_11_2023.pdf\" data-type=\"URL\" data-id=\"mairie-saint-marcel.fr\/images\/ConseilMunicipal\/2023\/cr_11_2023.pdf\" target=\"_blank\" rel=\"noreferrer noopener\">PV<\/a> et <a rel=\"noreferrer noopener\" href=\"http:\/\/mairie-saint-marcel.fr\/images\/ConseilMunicipal\/2023\/delib_11_2023.pdf\" data-type=\"URL\" data-id=\"mairie-saint-marcel.fr\/images\/ConseilMunicipal\/2023\/delib_11_2023.pdf\" target=\"_blank\">d\u00e9lib\u00e9rations<\/a><\/p>\n","protected":false},"excerpt":{"rendered":"<p>Janvier : PV et d\u00e9lib\u00e9rations F\u00e9vrier : pas de conseil Mars : pas de conseil Avril : PV et d\u00e9lib\u00e9rations Mai : PV et d\u00e9lib\u00e9rations Juin : PV et d\u00e9lib\u00e9rations&hellip;<\/p>\n","protected":false},"author":3,"featured_media":0,"parent":0,"menu_order":0,"comment_status":"closed","ping_status":"closed","template":"","meta":{"footnotes":""},"class_list":["post-2007","page","type-page","status-publish","hentry"],"_links":{"self":[{"href":"https:\/\/mairie-saint-marcel.fr\/index.php?rest_route=\/wp\/v2\/pages\/2007","targetHints":{"allow":["GET"]}}],"collection":[{"href":"https:\/\/mairie-saint-marcel.fr\/index.php?rest_route=\/wp\/v2\/pages"}],"about":[{"href":"https:\/\/mairie-saint-marcel.fr\/index.php?rest_route=\/wp\/v2\/types\/page"}],"author":[{"embeddable":true,"href":"https:\/\/mairie-saint-marcel.fr\/index.php?rest_route=\/wp\/v2\/users\/3"}],"replies":[{"embeddable":true,"href":"https:\/\/mairie-saint-marcel.fr\/index.php?rest_route=%2Fwp%2Fv2%2Fcomments&post=2007"}],"version-history":[{"count":46,"href":"https:\/\/mairie-saint-marcel.fr\/index.php?rest_route=\/wp\/v2\/pages\/2007\/revisions"}],"predecessor-version":[{"id":2491,"href":"https:\/\/mairie-saint-marcel.fr\/index.php?rest_route=\/wp\/v2\/pages\/2007\/revisions\/2491"}],"wp:attachment":[{"href":"https:\/\/mairie-saint-marcel.fr\/index.php?rest_route=%2Fwp%2Fv2%2Fmedia&parent=2007"}],"curies":[{"name":"wp","href":"https:\/\/api.w.org\/{rel}","templated":true}]}}