{"id":2372,"date":"2023-09-21T08:31:17","date_gmt":"2023-09-21T07:31:17","guid":{"rendered":"https:\/\/mairie-saint-marcel.fr\/?page_id=2372"},"modified":"2023-09-21T09:02:33","modified_gmt":"2023-09-21T08:02:33","slug":"la-region","status":"publish","type":"page","link":"https:\/\/mairie-saint-marcel.fr\/?page_id=2372","title":{"rendered":"La R\u00e9gion Auvergne-Rh\u00f4ne-Alpes"},"content":{"rendered":"\n<p>la R\u00e9gion a inaugur\u00e9 cet \u00e9t\u00e9 une plateforme d\u2019appel gratuite, destin\u00e9e aux usagers qui souhaitent utiliser les moyens de transport collectif pour leurs d\u00e9placements. Cette nouvelle offre de service compl\u00e8te l\u2019application O\u00f9ra et permet notamment, de r\u00e9server des services de TAD dans les zones identifi\u00e9es mais \u00e9galement de se renseigner sur les trajets sur l\u2019ensemble du territoire r\u00e9gional et ce, quel que soit le mode de transport utilis\u00e9.<\/p>\n\n\n\n<p><strong>La centrale de r\u00e9servation<\/strong> <strong>\u00ab&nbsp;All\u00f4 la R\u00e9gion vous transporte&nbsp;\u00bb<\/strong> <strong>est joignable de<\/strong> <strong>8h00 \u00e0 19h00<\/strong> <strong>du lundi au samedi<\/strong> <strong>au num\u00e9ro suivant : 04 8000 7000<\/strong><\/p>\n\n\n\n<p>Pour plus d&rsquo;information cliquez <a href=\"https:\/\/laregionvoustransporte.fr\/\" data-type=\"URL\" data-id=\"https:\/\/laregionvoustransporte.fr\/\">ici<\/a><\/p>\n\n\n\n<figure class=\"wp-block-image size-full\"><img loading=\"lazy\" decoding=\"async\" width=\"633\" height=\"894\" src=\"https:\/\/mairie-saint-marcel.fr\/wp-content\/uploads\/2023\/09\/image-1.png\" alt=\"\" class=\"wp-image-2373\" srcset=\"https:\/\/mairie-saint-marcel.fr\/wp-content\/uploads\/2023\/09\/image-1.png 633w, https:\/\/mairie-saint-marcel.fr\/wp-content\/uploads\/2023\/09\/image-1-212x300.png 212w, https:\/\/mairie-saint-marcel.fr\/wp-content\/uploads\/2023\/09\/image-1-140x198.png 140w\" sizes=\"auto, (max-width: 633px) 100vw, 633px\" \/><\/figure>\n","protected":false},"excerpt":{"rendered":"<p>la R\u00e9gion a inaugur\u00e9 cet \u00e9t\u00e9 une plateforme d\u2019appel gratuite, destin\u00e9e aux usagers qui souhaitent utiliser les moyens de transport collectif pour leurs d\u00e9placements. Cette nouvelle offre de service compl\u00e8te&hellip;<\/p>\n","protected":false},"author":3,"featured_media":0,"parent":0,"menu_order":0,"comment_status":"closed","ping_status":"closed","template":"","meta":{"footnotes":""},"class_list":["post-2372","page","type-page","status-publish","hentry"],"_links":{"self":[{"href":"https:\/\/mairie-saint-marcel.fr\/index.php?rest_route=\/wp\/v2\/pages\/2372","targetHints":{"allow":["GET"]}}],"collection":[{"href":"https:\/\/mairie-saint-marcel.fr\/index.php?rest_route=\/wp\/v2\/pages"}],"about":[{"href":"https:\/\/mairie-saint-marcel.fr\/index.php?rest_route=\/wp\/v2\/types\/page"}],"author":[{"embeddable":true,"href":"https:\/\/mairie-saint-marcel.fr\/index.php?rest_route=\/wp\/v2\/users\/3"}],"replies":[{"embeddable":true,"href":"https:\/\/mairie-saint-marcel.fr\/index.php?rest_route=%2Fwp%2Fv2%2Fcomments&post=2372"}],"version-history":[{"count":3,"href":"https:\/\/mairie-saint-marcel.fr\/index.php?rest_route=\/wp\/v2\/pages\/2372\/revisions"}],"predecessor-version":[{"id":2377,"href":"https:\/\/mairie-saint-marcel.fr\/index.php?rest_route=\/wp\/v2\/pages\/2372\/revisions\/2377"}],"wp:attachment":[{"href":"https:\/\/mairie-saint-marcel.fr\/index.php?rest_route=%2Fwp%2Fv2%2Fmedia&parent=2372"}],"curies":[{"name":"wp","href":"https:\/\/api.w.org\/{rel}","templated":true}]}}