{"id":2485,"date":"2024-01-16T15:03:46","date_gmt":"2024-01-16T14:03:46","guid":{"rendered":"https:\/\/mairie-saint-marcel.fr\/?page_id=2485"},"modified":"2025-01-17T13:41:03","modified_gmt":"2025-01-17T12:41:03","slug":"proces-verbaux-des-conseils-municipaux-2024","status":"publish","type":"page","link":"https:\/\/mairie-saint-marcel.fr\/?page_id=2485","title":{"rendered":"Proc\u00e8s verbaux et d\u00e9lib\u00e9rations des conseils municipaux 2024"},"content":{"rendered":"\n<p>Janvier : <a href=\"http:\/\/mairie-saint-marcel.fr\/images\/ConseilMunicipal\/2024\/cr_01_2024.pdf\" data-type=\"URL\" data-id=\"mairie-saint-marcel.fr\/images\/ConseilMunicipal\/2024\/cr_01_2024.pdf\" target=\"_blank\" rel=\"noreferrer noopener\">PV<\/a> et <a rel=\"noreferrer noopener\" href=\"http:\/\/mairie-saint-marcel.fr\/images\/ConseilMunicipal\/2024\/delib_01_2024.pdf\" data-type=\"URL\" data-id=\"http:\/\/mairie-saint-marcel.fr\/images\/ConseilMunicipal\/2024\/delib_01_2024.pdf\" target=\"_blank\">d\u00e9lib\u00e9rations<\/a><\/p>\n\n\n\n<p>F\u00e9vrier : <a href=\"http:\/\/mairie-saint-marcel.fr\/images\/ConseilMunicipal\/2024\/cr_02_2024.pdf\">PV<\/a> et <a href=\"http:\/\/mairie-saint-marcel.fr\/images\/ConseilMunicipal\/2024\/delib_02_2024.pdf\" data-type=\"URL\" data-id=\"mairie-saint-marcel.fr\/images\/ConseilMunicipal\/2024\/delib_02_2024.pdf\">d\u00e9lib\u00e9rations<\/a><\/p>\n\n\n\n<p>Mars : <a href=\"http:\/\/mairie-saint-marcel.fr\/images\/ConseilMunicipal\/2024\/cr_03_2024.pdf\" target=\"_blank\" rel=\"noreferrer noopener\">PV<\/a> et <a href=\"http:\/\/mairie-saint-marcel.fr\/images\/ConseilMunicipal\/2024\/delib_03_2024.pdf\" data-type=\"link\" data-id=\"mairie-saint-marcel.fr\/images\/ConseilMunicipal\/2024\/delib_03_2024.pdf\">d\u00e9lib\u00e9rations<\/a><\/p>\n\n\n\n<p>Avril : pas de conseil<\/p>\n\n\n\n<p>Mai : <a href=\"http:\/\/mairie-saint-marcel.fr\/images\/ConseilMunicipal\/2024\/cr_05_2024.pdf\" target=\"_blank\" rel=\"noreferrer noopener\">PV<\/a> et <a href=\"http:\/\/mairie-saint-marcel.fr\/images\/ConseilMunicipal\/2024\/delib_05_2024.pdf\">d\u00e9lib\u00e9rations<\/a><\/p>\n\n\n\n<p>Juin : pas de conseil<\/p>\n\n\n\n<p>Juillet : <a href=\"http:\/\/mairie-saint-marcel.fr\/images\/ConseilMunicipal\/2024\/cr_07_2024.pdf\" target=\"_blank\" rel=\"noreferrer noopener\">PV<\/a> et <a href=\"http:\/\/mairie-saint-marcel.fr\/images\/ConseilMunicipal\/2024\/delib_07_2024.pdf\" data-type=\"link\" data-id=\"mairie-saint-marcel.fr\/images\/ConseilMunicipal\/2024\/delib_07_2024.pdf\" target=\"_blank\" rel=\"noreferrer noopener\">d\u00e9lib\u00e9rations<\/a><\/p>\n\n\n\n<p>Ao\u00fbt : pas de conseil<\/p>\n\n\n\n<p>Septembre : <a href=\"http:\/\/mairie-saint-marcel.fr\/images\/ConseilMunicipal\/2024\/cr_09_2024.pdf\" target=\"_blank\" rel=\"noreferrer noopener\">PV<\/a> et <a href=\"http:\/\/mairie-saint-marcel.fr\/images\/ConseilMunicipal\/2024\/delib_09_2024.pdf\" target=\"_blank\" rel=\"noreferrer noopener\">d\u00e9lib\u00e9rations<\/a><\/p>\n\n\n\n<p>Octobre : pas de conseil<\/p>\n\n\n\n<p>Novembre : <a href=\"http:\/\/mairie-saint-marcel.fr\/images\/ConseilMunicipal\/2024\/cr_11_2024.pdf\" target=\"_blank\" rel=\"noreferrer noopener\">PV<\/a> et <a href=\"http:\/\/mairie-saint-marcel.fr\/images\/ConseilMunicipal\/2024\/delib_11_2024.pdf\" target=\"_blank\" rel=\"noreferrer noopener\">d\u00e9lib\u00e9rations<\/a><\/p>\n\n\n\n<p><\/p>\n","protected":false},"excerpt":{"rendered":"<p>Janvier : PV et d\u00e9lib\u00e9rations F\u00e9vrier : PV et d\u00e9lib\u00e9rations Mars : PV et d\u00e9lib\u00e9rations Avril : pas de conseil Mai : PV et d\u00e9lib\u00e9rations Juin : pas de conseil&hellip;<\/p>\n","protected":false},"author":3,"featured_media":0,"parent":0,"menu_order":0,"comment_status":"closed","ping_status":"closed","template":"","meta":{"footnotes":""},"class_list":["post-2485","page","type-page","status-publish","hentry"],"_links":{"self":[{"href":"https:\/\/mairie-saint-marcel.fr\/index.php?rest_route=\/wp\/v2\/pages\/2485","targetHints":{"allow":["GET"]}}],"collection":[{"href":"https:\/\/mairie-saint-marcel.fr\/index.php?rest_route=\/wp\/v2\/pages"}],"about":[{"href":"https:\/\/mairie-saint-marcel.fr\/index.php?rest_route=\/wp\/v2\/types\/page"}],"author":[{"embeddable":true,"href":"https:\/\/mairie-saint-marcel.fr\/index.php?rest_route=\/wp\/v2\/users\/3"}],"replies":[{"embeddable":true,"href":"https:\/\/mairie-saint-marcel.fr\/index.php?rest_route=%2Fwp%2Fv2%2Fcomments&post=2485"}],"version-history":[{"count":29,"href":"https:\/\/mairie-saint-marcel.fr\/index.php?rest_route=\/wp\/v2\/pages\/2485\/revisions"}],"predecessor-version":[{"id":3048,"href":"https:\/\/mairie-saint-marcel.fr\/index.php?rest_route=\/wp\/v2\/pages\/2485\/revisions\/3048"}],"wp:attachment":[{"href":"https:\/\/mairie-saint-marcel.fr\/index.php?rest_route=%2Fwp%2Fv2%2Fmedia&parent=2485"}],"curies":[{"name":"wp","href":"https:\/\/api.w.org\/{rel}","templated":true}]}}