{"id":3050,"date":"2025-01-17T14:55:31","date_gmt":"2025-01-17T13:55:31","guid":{"rendered":"https:\/\/mairie-saint-marcel.fr\/?page_id=3050"},"modified":"2026-01-22T12:00:22","modified_gmt":"2026-01-22T11:00:22","slug":"proces-verbaux-et-deliberations-des-conseils-municipaux-2025","status":"publish","type":"page","link":"https:\/\/mairie-saint-marcel.fr\/?page_id=3050","title":{"rendered":"Proc\u00e8s verbaux et d\u00e9lib\u00e9rations des conseils municipaux 2025"},"content":{"rendered":"\n<p>Janvier : <a href=\"http:\/\/mairie-saint-marcel.fr\/images\/ConseilMunicipal\/2025\/cr_01_2025.pdf\" target=\"_blank\" rel=\"noreferrer noopener\">PV<\/a> et <a href=\"http:\/\/mairie-saint-marcel.fr\/images\/ConseilMunicipal\/2025\/delib_01_2025.pdf\" target=\"_blank\" rel=\"noreferrer noopener\">liste des d\u00e9lib\u00e9rations<\/a><\/p>\n\n\n\n<p>F\u00e9vrier : <a href=\"http:\/\/mairie-saint-marcel.fr\/images\/ConseilMunicipal\/2025\/cr_02_2025.pdf\" target=\"_blank\" rel=\"noreferrer noopener\">PV<\/a> et <a href=\"http:\/\/mairie-saint-marcel.fr\/images\/ConseilMunicipal\/2025\/delib_02_2025.pdf\" target=\"_blank\" rel=\"noreferrer noopener\">liste des d\u00e9lib\u00e9rations<\/a><\/p>\n\n\n\n<p>Mars : <a href=\"http:\/\/mairie-saint-marcel.fr\/images\/ConseilMunicipal\/2025\/cr_03_2025.pdf\">PV<\/a> et <a href=\"http:\/\/mairie-saint-marcel.fr\/images\/ConseilMunicipal\/2025\/delib_03_2025.pdf\" target=\"_blank\" rel=\"noreferrer noopener\">liste des d\u00e9lib\u00e9rations<\/a><\/p>\n\n\n\n<p>Avril : pas de conseil<\/p>\n\n\n\n<p>Mai : <a href=\"http:\/\/mairie-saint-marcel.fr\/images\/ConseilMunicipal\/2025\/cr_05_2025.pdf\" target=\"_blank\" rel=\"noreferrer noopener\">PV<\/a> et <a href=\"http:\/\/mairie-saint-marcel.fr\/images\/ConseilMunicipal\/2025\/delib_05_2025.pdf\" target=\"_blank\" rel=\"noreferrer noopener\">liste des d\u00e9lib\u00e9rations<\/a><\/p>\n\n\n\n<p>Juin : <a href=\"http:\/\/mairie-saint-marcel.fr\/images\/ConseilMunicipal\/2025\/cr_06_2025.pdf\" target=\"_blank\" rel=\"noreferrer noopener\">PV<\/a> et <a href=\"http:\/\/mairie-saint-marcel.fr\/images\/ConseilMunicipal\/2025\/delib_06_2025.pdf\" target=\"_blank\" rel=\"noreferrer noopener\">liste des d\u00e9lib\u00e9rations<\/a><\/p>\n\n\n\n<p>Juillet : <a href=\"http:\/\/mairie-saint-marcel.fr\/images\/ConseilMunicipal\/2025\/cr_07_2025.pdf\" target=\"_blank\" rel=\"noreferrer noopener\">PV<\/a> et <a href=\"http:\/\/mairie-saint-marcel.fr\/images\/ConseilMunicipal\/2025\/delib_07_2025.pdf\">liste des d\u00e9lib\u00e9rations<\/a><\/p>\n\n\n\n<p>Ao\u00fbt : pas de conseil<\/p>\n\n\n\n<p>Septembre : <a href=\"http:\/\/mairie-saint-marcel.fr\/images\/ConseilMunicipal\/2025\/cr_09_2025.pdf\" target=\"_blank\" rel=\"noreferrer noopener\">PV<\/a> et <a href=\"http:\/\/mairie-saint-marcel.fr\/images\/ConseilMunicipal\/2025\/delib_09_2025.pdf\" target=\"_blank\" rel=\"noreferrer noopener\">liste des d\u00e9lib\u00e9rations<\/a><\/p>\n\n\n\n<p>Octobre : <a href=\"\/images\/ConseilMunicipal\/2025\/cr_10_2025.pdf\">PV<\/a> et <a href=\"http:\/\/mairie-saint-marcel.fr\/images\/ConseilMunicipal\/2025\/delib_10_2025.pdf\" target=\"_blank\" rel=\"noreferrer noopener\">liste des d\u00e9lib\u00e9rations<\/a><\/p>\n\n\n\n<p>Novembre : <a href=\"http:\/\/mairie-saint-marcel.fr\/images\/ConseilMunicipal\/2025\/cr_11_2025.pdf\" target=\"_blank\" rel=\"noreferrer noopener\">PV<\/a> et <a href=\"http:\/\/mairie-saint-marcel.fr\/images\/ConseilMunicipal\/2025\/delib_11_2025.pdf\" target=\"_blank\" rel=\"noreferrer noopener\">liste des d\u00e9lib\u00e9rations<\/a><\/p>\n\n\n\n<p>D\u00e9cembre : <a href=\"http:\/\/mairie-saint-marcel.fr\/images\/ConseilMunicipal\/2025\/cr_12_2025.pdf\" target=\"_blank\" rel=\"noreferrer noopener\">PV<\/a> et <a href=\"http:\/\/mairie-saint-marcel.fr\/images\/ConseilMunicipal\/2025\/delib_12_2025.pdf\" target=\"_blank\" rel=\"noreferrer noopener\">liste des d\u00e9lib\u00e9rations<\/a><\/p>\n\n\n\n<p><\/p>\n","protected":false},"excerpt":{"rendered":"<p>Janvier : PV et liste des d\u00e9lib\u00e9rations F\u00e9vrier : PV et liste des d\u00e9lib\u00e9rations Mars : PV et liste des d\u00e9lib\u00e9rations Avril : pas de conseil Mai : PV et&hellip;<\/p>\n","protected":false},"author":3,"featured_media":0,"parent":0,"menu_order":0,"comment_status":"closed","ping_status":"closed","template":"","meta":{"footnotes":""},"class_list":["post-3050","page","type-page","status-publish","hentry"],"_links":{"self":[{"href":"https:\/\/mairie-saint-marcel.fr\/index.php?rest_route=\/wp\/v2\/pages\/3050","targetHints":{"allow":["GET"]}}],"collection":[{"href":"https:\/\/mairie-saint-marcel.fr\/index.php?rest_route=\/wp\/v2\/pages"}],"about":[{"href":"https:\/\/mairie-saint-marcel.fr\/index.php?rest_route=\/wp\/v2\/types\/page"}],"author":[{"embeddable":true,"href":"https:\/\/mairie-saint-marcel.fr\/index.php?rest_route=\/wp\/v2\/users\/3"}],"replies":[{"embeddable":true,"href":"https:\/\/mairie-saint-marcel.fr\/index.php?rest_route=%2Fwp%2Fv2%2Fcomments&post=3050"}],"version-history":[{"count":37,"href":"https:\/\/mairie-saint-marcel.fr\/index.php?rest_route=\/wp\/v2\/pages\/3050\/revisions"}],"predecessor-version":[{"id":3687,"href":"https:\/\/mairie-saint-marcel.fr\/index.php?rest_route=\/wp\/v2\/pages\/3050\/revisions\/3687"}],"wp:attachment":[{"href":"https:\/\/mairie-saint-marcel.fr\/index.php?rest_route=%2Fwp%2Fv2%2Fmedia&parent=3050"}],"curies":[{"name":"wp","href":"https:\/\/api.w.org\/{rel}","templated":true}]}}