{"id":3311,"date":"2025-07-24T14:20:22","date_gmt":"2025-07-24T13:20:22","guid":{"rendered":"https:\/\/mairie-saint-marcel.fr\/?page_id=3311"},"modified":"2025-07-24T14:41:45","modified_gmt":"2025-07-24T13:41:45","slug":"2025-3","status":"publish","type":"page","link":"https:\/\/mairie-saint-marcel.fr\/?page_id=3311","title":{"rendered":"2025"},"content":{"rendered":"\n<p><a href=\"http:\/\/mairie-saint-marcel.fr\/images\/arretescommunaux\/2025-71CIR NCD travaux -07.2025.pdf\" target=\"_blank\" rel=\"noreferrer noopener\">Arr\u00eat\u00e9 de circulation 2025-71CIR &#8211; NCD Travaux Publics &#8211; Juillet 2025<\/a><\/p>\n\n\n\n<p><a href=\"https:\/\/mairie-saint-marcel.fr\/images\/arretescommunaux\/2025-72VOI OPTISOLEX -07.2025.pdf\" data-type=\"page\" data-id=\"3326\" target=\"_blank\" rel=\"noreferrer noopener\">Arr\u00eate de voirie 2025-72VOI &#8211; OPTISOLE ENERGIES &#8211; Juillet 2025<\/a><\/p>\n\n\n\n<p><a href=\"https:\/\/mairie-saint-marcel.fr\/images\/arretescommunaux\/2025-73CIR SCTP -07.2025.pdf\" data-type=\"page\" data-id=\"3330\" target=\"_blank\" rel=\"noreferrer noopener\">Arr\u00eat\u00e9 de circulation 2025-73CIR &#8211; SCTP Charollaise de travaux publics &#8211; Juillet 2025<\/a><\/p>\n\n\n\n<p><\/p>\n","protected":false},"excerpt":{"rendered":"<p>Arr\u00eat\u00e9 de circulation 2025-71CIR &#8211; NCD Travaux Publics &#8211; Juillet 2025 Arr\u00eate de voirie 2025-72VOI &#8211; OPTISOLE ENERGIES &#8211; Juillet 2025 Arr\u00eat\u00e9 de circulation 2025-73CIR &#8211; SCTP Charollaise de travaux&hellip;<\/p>\n","protected":false},"author":3,"featured_media":0,"parent":0,"menu_order":0,"comment_status":"closed","ping_status":"closed","template":"","meta":{"footnotes":""},"class_list":["post-3311","page","type-page","status-publish","hentry"],"_links":{"self":[{"href":"https:\/\/mairie-saint-marcel.fr\/index.php?rest_route=\/wp\/v2\/pages\/3311","targetHints":{"allow":["GET"]}}],"collection":[{"href":"https:\/\/mairie-saint-marcel.fr\/index.php?rest_route=\/wp\/v2\/pages"}],"about":[{"href":"https:\/\/mairie-saint-marcel.fr\/index.php?rest_route=\/wp\/v2\/types\/page"}],"author":[{"embeddable":true,"href":"https:\/\/mairie-saint-marcel.fr\/index.php?rest_route=\/wp\/v2\/users\/3"}],"replies":[{"embeddable":true,"href":"https:\/\/mairie-saint-marcel.fr\/index.php?rest_route=%2Fwp%2Fv2%2Fcomments&post=3311"}],"version-history":[{"count":10,"href":"https:\/\/mairie-saint-marcel.fr\/index.php?rest_route=\/wp\/v2\/pages\/3311\/revisions"}],"predecessor-version":[{"id":3331,"href":"https:\/\/mairie-saint-marcel.fr\/index.php?rest_route=\/wp\/v2\/pages\/3311\/revisions\/3331"}],"wp:attachment":[{"href":"https:\/\/mairie-saint-marcel.fr\/index.php?rest_route=%2Fwp%2Fv2%2Fmedia&parent=3311"}],"curies":[{"name":"wp","href":"https:\/\/api.w.org\/{rel}","templated":true}]}}