{"id":333,"date":"2020-12-06T16:18:35","date_gmt":"2020-12-06T15:18:35","guid":{"rendered":"http:\/\/mairie-saint-marcel.fr\/?page_id=333"},"modified":"2025-03-27T10:31:41","modified_gmt":"2025-03-27T09:31:41","slug":"mairie-de-saint-marcel","status":"publish","type":"page","link":"https:\/\/mairie-saint-marcel.fr\/?page_id=333","title":{"rendered":"Mairie de Saint Marcel"},"content":{"rendered":"\n<div class=\"wp-block-group\"><div class=\"wp-block-group__inner-container is-layout-flow wp-block-group-is-layout-flow\"><div class=\"wp-block-image\">\n<figure class=\"alignright size-large is-resized\"><img loading=\"lazy\" decoding=\"async\" width=\"1024\" height=\"666\" src=\"http:\/\/mairie-saint-marcel.fr\/wp-content\/uploads\/2020\/04\/577-scaled-1-1024x666.jpg\" alt=\"\" class=\"wp-image-109\" style=\"width:225px;height:147px\" srcset=\"https:\/\/mairie-saint-marcel.fr\/wp-content\/uploads\/2020\/04\/577-scaled-1-1024x666.jpg 1024w, https:\/\/mairie-saint-marcel.fr\/wp-content\/uploads\/2020\/04\/577-scaled-1-300x195.jpg 300w, https:\/\/mairie-saint-marcel.fr\/wp-content\/uploads\/2020\/04\/577-scaled-1-768x500.jpg 768w, https:\/\/mairie-saint-marcel.fr\/wp-content\/uploads\/2020\/04\/577-scaled-1-1536x999.jpg 1536w, https:\/\/mairie-saint-marcel.fr\/wp-content\/uploads\/2020\/04\/577-scaled-1-2048x1332.jpg 2048w, https:\/\/mairie-saint-marcel.fr\/wp-content\/uploads\/2020\/04\/577-scaled-1-140x91.jpg 140w\" sizes=\"auto, (max-width: 1024px) 100vw, 1024px\" \/><\/figure>\n<\/div>\n\n\n<p><strong>Adresse:<\/strong><\/p>\n\n\n\n<p>74 route de Lyon<\/p>\n\n\n\n<p>01390 Saint Marcel<\/p>\n\n\n\n<p><strong>T\u00e9l\u00e9phone:<\/strong> 04 72 26 12 53<\/p>\n\n\n\n<p><strong>Mail:<\/strong> <a href=\"mailto:secretariat@mairie-saint-marcel.fr\" target=\"_blank\" rel=\"noreferrer noopener\">secretariat@mairie-saint-marcel.fr<\/a><\/p>\n\n\n\n<p><strong>Les secr\u00e9taires de mairie vous accueillent: <\/strong><\/p>\n\n\n\n<p class=\"has-text-align-center\"><strong><em>LUNDI &nbsp;&nbsp;&nbsp;&nbsp;&nbsp;&nbsp;&nbsp;&nbsp;&nbsp;&nbsp;&nbsp;&nbsp;&nbsp;&nbsp;&nbsp;&nbsp;&nbsp;&nbsp;&nbsp;&nbsp;&nbsp;&nbsp;&nbsp; 9H00 \u2013 12H00<\/em><\/strong><\/p>\n\n\n\n<p class=\"has-text-align-center\"><strong><em>MARDI &nbsp;&nbsp;&nbsp;&nbsp;&nbsp;&nbsp;&nbsp;&nbsp;&nbsp;&nbsp;&nbsp;&nbsp;&nbsp;&nbsp;&nbsp;&nbsp;&nbsp;&nbsp;&nbsp;&nbsp;&nbsp;&nbsp; 9H00 \u2013 12H00<\/em><\/strong><\/p>\n\n\n\n<p class=\"has-text-align-center\"><strong><em>MERCREDI &nbsp;&nbsp;&nbsp;&nbsp;&nbsp;&nbsp;&nbsp;&nbsp;&nbsp;&nbsp;&nbsp;&nbsp;&nbsp;&nbsp;&nbsp; 9H00 \u2013 12H00<\/em><\/strong><\/p>\n\n\n\n<p class=\"has-text-align-center\"><em>JEUDI\u00a0\u00a0\u00a0\u00a0\u00a0\u00a0\u00a0\u00a0\u00a0\u00a0\u00a0\u00a0\u00a0\u00a0\u00a0\u00a0\u00a0\u00a0\u00a0\u00a0\u00a0\u00a0\u00a0\u00a0\u00a0 FERMEE<\/em><\/p>\n\n\n\n<p class=\"has-text-align-center\"><strong>VENDREDI                 9H00 &#8211; 12H00 \/ 13H30 &#8211; 16H30<\/strong> <\/p>\n\n\n\n<p class=\"has-text-align-center\"><strong><em>SAMEDI &nbsp;&nbsp;&nbsp;&nbsp;&nbsp;&nbsp;&nbsp;&nbsp;&nbsp;&nbsp;&nbsp;&nbsp;&nbsp;&nbsp;&nbsp;&nbsp;&nbsp;&nbsp;&nbsp;&nbsp; 9H00 \u2013 11H30<\/em><\/strong><\/p>\n<\/div><\/div>\n\n\n\n<p><\/p>\n","protected":false},"excerpt":{"rendered":"<p>Adresse: 74 route de Lyon 01390 Saint Marcel T\u00e9l\u00e9phone: 04 72 26 12 53 Mail: secretariat@mairie-saint-marcel.fr Les secr\u00e9taires de mairie vous accueillent: LUNDI &nbsp;&nbsp;&nbsp;&nbsp;&nbsp;&nbsp;&nbsp;&nbsp;&nbsp;&nbsp;&nbsp;&nbsp;&nbsp;&nbsp;&nbsp;&nbsp;&nbsp;&nbsp;&nbsp;&nbsp;&nbsp;&nbsp;&nbsp; 9H00 \u2013 12H00 MARDI &nbsp;&nbsp;&nbsp;&nbsp;&nbsp;&nbsp;&nbsp;&nbsp;&nbsp;&nbsp;&nbsp;&nbsp;&nbsp;&nbsp;&nbsp;&nbsp;&nbsp;&nbsp;&nbsp;&nbsp;&nbsp;&nbsp; 9H00&hellip;<\/p>\n","protected":false},"author":3,"featured_media":0,"parent":0,"menu_order":0,"comment_status":"closed","ping_status":"closed","template":"","meta":{"footnotes":""},"class_list":["post-333","page","type-page","status-publish","hentry"],"_links":{"self":[{"href":"https:\/\/mairie-saint-marcel.fr\/index.php?rest_route=\/wp\/v2\/pages\/333","targetHints":{"allow":["GET"]}}],"collection":[{"href":"https:\/\/mairie-saint-marcel.fr\/index.php?rest_route=\/wp\/v2\/pages"}],"about":[{"href":"https:\/\/mairie-saint-marcel.fr\/index.php?rest_route=\/wp\/v2\/types\/page"}],"author":[{"embeddable":true,"href":"https:\/\/mairie-saint-marcel.fr\/index.php?rest_route=\/wp\/v2\/users\/3"}],"replies":[{"embeddable":true,"href":"https:\/\/mairie-saint-marcel.fr\/index.php?rest_route=%2Fwp%2Fv2%2Fcomments&post=333"}],"version-history":[{"count":8,"href":"https:\/\/mairie-saint-marcel.fr\/index.php?rest_route=\/wp\/v2\/pages\/333\/revisions"}],"predecessor-version":[{"id":3140,"href":"https:\/\/mairie-saint-marcel.fr\/index.php?rest_route=\/wp\/v2\/pages\/333\/revisions\/3140"}],"wp:attachment":[{"href":"https:\/\/mairie-saint-marcel.fr\/index.php?rest_route=%2Fwp%2Fv2%2Fmedia&parent=333"}],"curies":[{"name":"wp","href":"https:\/\/api.w.org\/{rel}","templated":true}]}}