{"id":3337,"date":"2025-07-25T07:45:19","date_gmt":"2025-07-25T06:45:19","guid":{"rendered":"https:\/\/mairie-saint-marcel.fr\/?page_id=3337"},"modified":"2026-01-22T14:31:41","modified_gmt":"2026-01-22T13:31:41","slug":"deliberations-2025","status":"publish","type":"page","link":"https:\/\/mairie-saint-marcel.fr\/?page_id=3337","title":{"rendered":"D\u00e9lib\u00e9rations 2025"},"content":{"rendered":"\n<p><strong>Janvier<\/strong><\/p>\n\n\n\n<p><a href=\"http:\/\/mairie-saint-marcel.fr\/images\/ConseilMunicipal\/2025\/2025-01%20-%20DELIBERATION%20POURTARIFICATION%20DES%20REPAS%20AU%20RESTAURANT%20SCOLAIRE%20-%20TAMPONNEE.pdf\" target=\"_blank\" rel=\"noreferrer noopener\">1-D\u00e9lib\u00e9ration tarification des repas au restaurant scolaire \u00e0 compter du 1er f\u00e9vrier 2025<\/a><\/p>\n\n\n\n<p><a href=\"http:\/\/mairie-saint-marcel.fr\/images\/ConseilMunicipal\/2025\/2025-02 - Deliberation pour la subvention au RASED Reseau dAides Specialisees aux Eleves en Difficulte - TAMPONNEE.pdf\" target=\"_blank\" rel=\"noreferrer noopener\">2-D\u00e9lib\u00e9ration pour la subvention au RASED<\/a><\/p>\n\n\n\n<p><a href=\"http:\/\/mairie-saint-marcel.fr\/images\/ConseilMunicipal\/2025\/2025-03 - DELIBERATION POUR UNE DECISION MODIFICATIVE N.6 - TAMPONNEE.pdf\" target=\"_blank\" rel=\"noreferrer noopener\">3-D\u00e9lib\u00e9ration pour une d\u00e9cision modificative &#8211; budget commune<\/a><\/p>\n\n\n\n<p><a href=\"http:\/\/mairie-saint-marcel.fr\/images\/ConseilMunicipal\/2025\/2025-04 - Deliberation pour le nom de la commune - TAMPONNEE.pdf\" target=\"_blank\" rel=\"noreferrer noopener\">4- D\u00e9lib\u00e9ration pour le nom de la commune<\/a><\/p>\n\n\n\n<p><a href=\"http:\/\/mairie-saint-marcel.fr\/images\/ConseilMunicipal\/2025\/2025-05 - DELIBERATION POUR UNE DECISION MODIFICATIVE N.5 budget assainissement - TAMPONNEE.pdf\" target=\"_blank\" rel=\"noreferrer noopener\">5-D\u00e9lib\u00e9ration pour une d\u00e9cision modificative &#8211; budget assainissement<\/a><\/p>\n\n\n\n<p><strong>F\u00e9vrier<\/strong><\/p>\n\n\n\n<p><a href=\"http:\/\/mairie-saint-marcel.fr\/images\/ConseilMunicipal\/2025\/2025-06 - DELIBERATION POUR PROJET SALLE PERISCOLAIRE A L ECOLE - ATTRIBUTION DES MARCHES DE TRAVAUX.PDF\" target=\"_blank\" rel=\"noreferrer noopener\">6-D\u00e9lib\u00e9ration pour le projet de la salle p\u00e9riscolaire \u00e0 l&rsquo;\u00e9cole &#8211; attribution des march\u00e9s de travaux<\/a><\/p>\n\n\n\n<p><a href=\"http:\/\/mairie-saint-marcel.fr\/images\/ConseilMunicipal\/2025\/2025-07 - DELIBERATION POUR LA SIGNATURE DE LA CONVENTION TERRITORIALE GLOBALE (CTG) 2025-2029 AVEC LA CAISSE D'ALLOCATIONS FAMI.PDF\" target=\"_blank\" rel=\"noreferrer noopener\">7-D\u00e9lib\u00e9ration pour la signature de la convention territoriale globale 2025-2029 avec la caisse d&rsquo;allocations familiales de l&rsquo;Ain et la mutualit\u00e9 sociale agricole Ain-Rh\u00f4ne<\/a><\/p>\n\n\n\n<p><a href=\"http:\/\/mairie-saint-marcel.fr\/images\/ConseilMunicipal\/2025\/2025-08 - DELIBERATION POUR L INSTALLATION SANS AUTORISATION DES GENS DU VOYAGE SUR TERRAIN COMMUNAL.PDF\" target=\"_blank\" rel=\"noreferrer noopener\">8-D\u00e9lib\u00e9ration pour l&rsquo;installation sans autorisation des gens du voyage sur terrain communal<\/a><\/p>\n\n\n\n<p><a href=\"http:\/\/mairie-saint-marcel.fr\/images\/ConseilMunicipal\/2025\/2025-09 - DELIBERATION POUR ACCROISSEMENT TEMPORAIRE D ACTIVITE.PDF\" target=\"_blank\" rel=\"noreferrer noopener\">9-D\u00e9lib\u00e9ration pour accroissement temporaire d&rsquo;activit\u00e9<\/a> <\/p>\n\n\n\n<p><a href=\"http:\/\/mairie-saint-marcel.fr\/images\/ConseilMunicipal\/2025\/2025-10 - DELIBERATION POUR CONVENTION D OCCUPATION TEMPORAIRE DU DOMAINE PUBLIC.PDF\" target=\"_blank\" rel=\"noreferrer noopener\">10-D\u00e9lib\u00e9ration pour convention d&rsquo;occupation temporaire du domaine public<\/a><\/p>\n\n\n\n<p><strong>Mars<\/strong><\/p>\n\n\n\n<p><a href=\"http:\/\/mairie-saint-marcel.fr\/images\/ConseilMunicipal\/2025\/2025-14 - DELIBERATION POUR LE VOTE DES BUDGETS PRIMITIFS 2025.PDF\" target=\"_blank\" rel=\"noreferrer noopener\">14-D\u00e9lib\u00e9ration pour le vote des budgets primitifs 2025<\/a><\/p>\n\n\n\n<p><a href=\"http:\/\/mairie-saint-marcel.fr\/images\/ConseilMunicipal\/2025\/2025-15- DELIBERATION POUR LE VOTE DES TAUX D IMPOSITIONS .PDF\" target=\"_blank\" rel=\"noreferrer noopener\">15-D\u00e9lib\u00e9ration pour le vote des taux d&rsquo;impositions<\/a><\/p>\n\n\n\n<p><a href=\"http:\/\/mairie-saint-marcel.fr\/images\/ConseilMunicipal\/2025\/2025-16 - DELIBERATION POUR L'ADHESION AU SERVICE PAIE DU CENTRE DE GESTION DE L'AIN.PDF\" target=\"_blank\" rel=\"noreferrer noopener\">16-D\u00e9lib\u00e9ration pour l&rsquo;adh\u00e9sion au service paie du centre de gestion de l&rsquo;Ain<\/a><\/p>\n\n\n\n<p><a href=\"http:\/\/mairie-saint-marcel.fr\/images\/ConseilMunicipal\/2025\/2025-17- DELIBERATION POUR LADHESION A LA PLATEFORME CITOYENNE.PDF\" target=\"_blank\" rel=\"noreferrer noopener\">17-D\u00e9lib\u00e9ration pour l&rsquo;adh\u00e9sion \u00e0 la plateforme citoyenne<\/a><\/p>\n\n\n\n<p><strong>Mai<\/strong><\/p>\n\n\n\n<p><a href=\"http:\/\/mairie-saint-marcel.fr\/images\/ConseilMunicipal\/2025\/2025-11 - DELIBERATION POUR APPROBATION COMPTE FINANCIER UNIQUE 2024 - budget principal (1).PDF\" target=\"_blank\" rel=\"noreferrer noopener\">11-D\u00e9lib\u00e9ration pour approbation du compte financier unique 2024 &#8211; budget principal<\/a><\/p>\n\n\n\n<p><a href=\"http:\/\/mairie-saint-marcel.fr\/images\/ConseilMunicipal\/2025\/2025-12 - DELIBERATION POUR APPROBATION COMPTE FINANCIER UNIQUE 2024 - budget assainissement (1).PDF\" target=\"_blank\" rel=\"noreferrer noopener\">12-D\u00e9lib\u00e9ration pour approbation du compte financier unique 2024 &#8211; budget assainissement<\/a><\/p>\n\n\n\n<p><a href=\"http:\/\/mairie-saint-marcel.fr\/images\/ConseilMunicipal\/2025\/2025-13 - DELIBERATION POUR APPROBATION COMPTE FINANCIER UNIQUE 2024 - budget local commercial (1).PDF\" target=\"_blank\" rel=\"noreferrer noopener\">13-D\u00e9lib\u00e9ration pour approbation du compte financier unique 2024 &#8211; budget local commercial<\/a><\/p>\n\n\n\n<p><a href=\"http:\/\/mairie-saint-marcel.fr\/images\/ConseilMunicipal\/2025\/2025-16 - DELIBERATION POUR APPROBATION TRAVAUX D'EXTENSION DE L'ECOLE - TAMPONNEE.pdf\" target=\"_blank\" rel=\"noreferrer noopener\">16-D\u00e9lib\u00e9ration pour l&rsquo;approbation des travaux d&rsquo;extension de l&rsquo;\u00e9cole<\/a><\/p>\n\n\n\n<p><a href=\"http:\/\/mairie-saint-marcel.fr\/images\/ConseilMunicipal\/2025\/2025-17 - DELIBERATION SUBVENTIONS AUX ASSOCIATIONS - ATTRIBUTIONS 2025 - TAMPONNEE.pdf\" target=\"_blank\" rel=\"noreferrer noopener\">17-D\u00e9lib\u00e9ration subventions aux associations &#8211; attributions 2025<\/a><\/p>\n\n\n\n<p><a href=\"http:\/\/mairie-saint-marcel.fr\/images\/ConseilMunicipal\/2025\/2025-18 - DELIBERATION POUR APPROBATION SEMCODA - TAMPONNEE.pdf\">18-D\u00e9lib\u00e9ration pour l&rsquo;approbation SEMCODA<\/a><\/p>\n\n\n\n<p><a href=\"http:\/\/mairie-saint-marcel.fr\/images\/ConseilMunicipal\/2025\/2025-19 - DELIBERATION DELEGUES SIEA - TAMPONNEE.pdf\" target=\"_blank\" rel=\"noreferrer noopener\">19-D\u00e9lib\u00e9ration \u00e9lection des d\u00e9l\u00e9gu\u00e9s au SIEA <\/a><\/p>\n\n\n\n<p><a href=\"http:\/\/mairie-saint-marcel.fr\/images\/ConseilMunicipal\/2025\/2025-20 - DELIBERATION CONVENTION D'OCCUPATION PRECAIRE ET REVOCABLE DU DOMAINE PUBLIC COMMUNAL - TAMPONNEE.pdf\" target=\"_blank\" rel=\"noreferrer noopener\">20-D\u00e9lib\u00e9ration autorisation donn\u00e9 \u00e0 M. le Maire pour signer une convention d&rsquo;occupation pr\u00e9caire et r\u00e9vocable du domaine public communal pour l&rsquo;installation d&rsquo;une terrasse \u00e0 l&rsquo;usage du restaurant La Colonne<\/a><\/p>\n\n\n\n<p><a href=\"http:\/\/mairie-saint-marcel.fr\/images\/ConseilMunicipal\/2025\/2025-21 - DELIBERATION POUR ADHESION AU CNAS - TAMPONNEE.pdf\">21-D\u00e9lib\u00e9ration d\u00e9signation d&rsquo;un d\u00e9l\u00e9gu\u00e9 \u00e9lu communal au sein du CNAS<\/a><\/p>\n\n\n\n<p><a href=\"http:\/\/mairie-saint-marcel.fr\/images\/ConseilMunicipal\/2025\/2025-22 -TABLEAU DES EMPLOIS PERMANENTS - TAMPONNEE.pdf\" target=\"_blank\" rel=\"noreferrer noopener\">22-D\u00e9lib\u00e9ration modification du tableau des emplois permanents<\/a><\/p>\n\n\n\n<p><a href=\"http:\/\/mairie-saint-marcel.fr\/images\/ConseilMunicipal\/2025\/2025-23 - D\u00e9lib\u00e9ration concernant la tarification des repas servis au restaurant scolaire - TAMPONNEE.pdf\" target=\"_blank\" rel=\"noreferrer noopener\">23-D\u00e9lib\u00e9ration tarification des repas du restaurant scolaire \u00e0 compter du 1er septembre 2025<\/a><\/p>\n\n\n\n<p><a href=\"http:\/\/mairie-saint-marcel.fr\/images\/ConseilMunicipal\/2025\/2025-24 D\u00e9lib\u00e9ration concernant l'avenant n. 3 dela convention relative au Service Commun Enfance Jeunesse - TAMPONNEE.pdf\" target=\"_blank\" rel=\"noreferrer noopener\">24-D\u00e9lib\u00e9ration concernant l&rsquo;avenant n\u00b03 de la convention relative au service commun enfance jeunesse<\/a><\/p>\n\n\n\n<p><a href=\"http:\/\/mairie-saint-marcel.fr\/images\/ConseilMunicipal\/2025\/2025-25 - D\u00c9LIB\u00c9RATION CONCERNANT LES TARIFS DE LOCATION DE LA SALLE DES FETES - TAMPONNEE.pdf\" target=\"_blank\" rel=\"noreferrer noopener\">25-D\u00e9lib\u00e9ration pour fixer le montant de la location de la salle des f\u00eates<\/a><\/p>\n\n\n\n<p><a href=\"http:\/\/mairie-saint-marcel.fr\/images\/ConseilMunicipal\/2025\/2025-26 - DELIBERATION OBTENTION BARNUM - TAMPONNEE.pdf\" target=\"_blank\" rel=\"noreferrer noopener\">26-D\u00e9lib\u00e9ration proposition de la R\u00e9gion Auvergne-Rh\u00f4ne-Alpes pour l&rsquo;obtention d&rsquo;un barnum<\/a><\/p>\n\n\n\n<p><strong>Juin<\/strong><\/p>\n\n\n\n<p><a href=\"http:\/\/mairie-saint-marcel.fr\/images\/ConseilMunicipal\/2025\/2025-27 DELIBERATION POUR LA CREATION DE LA REGIE COMMUNALE PLATEFORME CITOYENNE - TAMPONNEE.pdf\" target=\"_blank\" rel=\"noreferrer noopener\">27-D\u00e9lib\u00e9ration pour la cr\u00e9ation de la r\u00e9gie communale plateforme citoyenne<\/a><\/p>\n\n\n\n<p><a href=\"http:\/\/mairie-saint-marcel.fr\/images\/ConseilMunicipal\/2025\/2025-28-DELIBERATION CONVENTION D'ENCAISSEMENT ET DE REVERSEMENT DE RECETTES POUR LE COMPTE DE TIERS - TAMPONNEE.pdf\" target=\"_blank\" rel=\"noreferrer noopener\">28-D\u00e9lib\u00e9ration convention d&rsquo;encaissement et reversement de recettes pour le compte de tiers<\/a><\/p>\n\n\n\n<p><a href=\"http:\/\/mairie-saint-marcel.fr\/images\/ConseilMunicipal\/2025\/2025-29 DELIBERATION INSTALLATION PANNEAUX PHOTOVOLTAIQUES MAIRIE (SUBVENTION DETR) - TAMPONNEE.pdf\" target=\"_blank\" rel=\"noreferrer noopener\">29-D\u00e9lib\u00e9ration installation de panneaux photovolta\u00efques que la toiture de la Mairie &#8211; demande d&rsquo;une subvention au titre de la DETR<\/a><\/p>\n\n\n\n<p><a href=\"http:\/\/mairie-saint-marcel.fr\/images\/ConseilMunicipal\/2025\/2025-30 DELIBERATION INSTALLATION PANNEAUX PHOTOVOLTAIQUES MAIRIE (SUBVENTION CONSEIL DEPARTEMENTAL) - TAMPONNEE.pdf\" target=\"_blank\" rel=\"noreferrer noopener\">30-D\u00e9lib\u00e9ration installation de panneaux photovolta\u00efques que la toiture de la Mairie &#8211; demande d&rsquo;une subvention au conseil d\u00e9partemental<\/a><\/p>\n\n\n\n<p><a href=\"http:\/\/mairie-saint-marcel.fr\/images\/ConseilMunicipal\/2025\/2025-31-DELIBERATION AUTORISATION DU CONSEIL MUNICIPAL A MR LE MAIRE POUR LA SIGNATURE DE LA CONVENTION D'OCCUPATION TEMPORAIRE - TAMPONNEE.pdf\" target=\"_blank\" rel=\"noreferrer noopener\">31-D\u00e9lib\u00e9ration autorisation du conseil municipal \u00e0 M. le Maire pour la signature de la convention d&rsquo;occupation temporaire \u00ab\u00a0travers\u00e9e\u00a0\u00bb de la SNCF<\/a><\/p>\n\n\n\n<p><a href=\"http:\/\/mairie-saint-marcel.fr\/images\/ConseilMunicipal\/2025\/2025-32 DELIBERATION INSTALLATION DE CAMERAS (SUBVENTION DETR) - TAMPONNEE.pdf\">32-D\u00e9lib\u00e9ration vid\u00e9o protection &#8211; installation de cam\u00e9ras &#8211; demande d&rsquo;une subvention aupr\u00e8s de l&rsquo;Etat au titre de la DETR<\/a><\/p>\n\n\n\n<p><a href=\"http:\/\/mairie-saint-marcel.fr\/images\/ConseilMunicipal\/2025\/2025-33DELIBERATION INSTALLATION DE CAMERAS (SUBVENTION CONSEIL DEPARTEMENTAL) - TAMPONNEE.pdf\" target=\"_blank\" rel=\"noreferrer noopener\">33-D\u00e9lib\u00e9ration vid\u00e9o protection &#8211; installation de cam\u00e9ras &#8211; demande d&rsquo;une subvention aupr\u00e8s du conseil d\u00e9partemental (pacte de territoire)<\/a><\/p>\n\n\n\n<p><a href=\"http:\/\/mairie-saint-marcel.fr\/images\/ConseilMunicipal\/2025\/2025-34DELIBERATION INSTALLATION DE CAMERAS (SUBVENTION BONUS RURALITE REGION) - TAMPONNEE.pdf\" target=\"_blank\" rel=\"noreferrer noopener\">34-D\u00e9lib\u00e9ration vid\u00e9o protection &#8211; installation de cam\u00e9ras &#8211; demande d&rsquo;une subvention aupr\u00e8s de la R\u00e9gion<\/a><\/p>\n\n\n\n<p><strong>Juillet<\/strong><\/p>\n\n\n\n<p><a href=\"http:\/\/mairie-saint-marcel.fr\/images\/ConseilMunicipal\/2025\/2025-35 D\u00e9lib\u00e9ration concernant la modification du r\u00e8glement int\u00e9rieur TAMPONNEE.pdf\" target=\"_blank\" rel=\"noreferrer noopener\">35-D\u00e9lib\u00e9ration concernant la modification du r\u00e8glement int\u00e9rieur de la cantine scolaire<\/a><\/p>\n\n\n\n<p><a href=\"http:\/\/mairie-saint-marcel.fr\/images\/ConseilMunicipal\/2025\/2025-36 - Modification du tableau des emplois TAMPONNEE.pdf\" target=\"_blank\" rel=\"noreferrer noopener\">36-Modification du tableau des emplois<\/a><\/p>\n\n\n\n<p><a href=\"http:\/\/mairie-saint-marcel.fr\/images\/ConseilMunicipal\/2025\/2025-37 Convention d'entente pluricommunale de transport MOBI-DOMBES TAMPONNEE.pdf\" target=\"_blank\" rel=\"noreferrer noopener\">37-Convention d&rsquo;entente pluricommunale de transport MOBI-DOMBES<\/a><\/p>\n\n\n\n<p><strong>Septembre<\/strong><\/p>\n\n\n\n<p><a href=\"http:\/\/mairie-saint-marcel.fr\/images\/ConseilMunicipal\/2025\/2025-38 - DELIBERATION POUR UNE DECISION MODIFICATIVE N.1 TAMPONNEE.pdf\" target=\"_blank\" rel=\"noreferrer noopener\">38-D\u00e9lib\u00e9ration pour une d\u00e9cision modificative N\u00b01- Budget principal<\/a><\/p>\n\n\n\n<p><a href=\"http:\/\/mairie-saint-marcel.fr\/images\/ConseilMunicipal\/2025\/2025-39 - Modification du TABLEAU DES EMPLOIS TAMPONNEE.pdf\" target=\"_blank\" rel=\"noreferrer noopener\">39-Modification du tableau des emplois permanents<\/a><\/p>\n\n\n\n<p><a href=\"http:\/\/mairie-saint-marcel.fr\/images\/ConseilMunicipal\/2025\/2025-40 - CISPD - Comit\u00e9 de coordination sant\u00e9 pr\u00e9vention d\u00e9linquance TAMPONNEE.pdf\" target=\"_blank\" rel=\"noreferrer noopener\">40-Adh\u00e9sion \u00e0 un Conseil Intercommunale de S\u00e9curit\u00e9 et de Pr\u00e9vention de la d\u00e9linquance (CISPD)<\/a><\/p>\n\n\n\n<p><a href=\"http:\/\/mairie-saint-marcel.fr\/images\/ConseilMunicipal\/2025\/2025-41 - Modification de r\u00e9gie TAMPONNEE.pdf\" target=\"_blank\" rel=\"noreferrer noopener\">41-Modification de r\u00e9gie existante<\/a><\/p>\n\n\n\n<p><strong>Octobre<\/strong><\/p>\n\n\n\n<p><a href=\"http:\/\/mairie-saint-marcel.fr\/images\/ConseilMunicipal\/2025\/2025-42 - DELIBERATION ACCORD DE PRINCIPE AIN HABITAT - tamponn\u00e9e.PDF\" target=\"_blank\" rel=\"noreferrer noopener\">42-D\u00e9lib\u00e9ration accord de principe au sujet de la garantie financi\u00e8re \u00e0 Ain Habitat<\/a><\/p>\n\n\n\n<p><a href=\"http:\/\/mairie-saint-marcel.fr\/images\/ConseilMunicipal\/2025\/2025-43 - Modification du TABLEAU DES EMPLOIS - tamponn\u00e9e.PDF\" target=\"_blank\" rel=\"noreferrer noopener\">43-Modification du tableau des emplois permanents<\/a><\/p>\n\n\n\n<p><a href=\"http:\/\/mairie-saint-marcel.fr\/images\/ConseilMunicipal\/2025\/2025-44 - DELIBERATION REFACTURATION - tamponn\u00e9e.PDF\" target=\"_blank\" rel=\"noreferrer noopener\">44-Refacturation aux habitants du co\u00fbt d&rsquo;intervention d&rsquo;une entreprise pour la mise en conformit\u00e9<br>des haies empi\u00e9tant sur le domaine public<\/a><\/p>\n\n\n\n<p><a href=\"http:\/\/mairie-saint-marcel.fr\/images\/ConseilMunicipal\/2025\/2025-45 - DELIBERATION FRAIS CONGRES DES MAIRES - tamponn\u00e9e.PDF\" target=\"_blank\" rel=\"noreferrer noopener\">45-Prise en charge des frais de participation au congr\u00e8s des Maires \u00e0 Paris<\/a><\/p>\n\n\n\n<p><a href=\"http:\/\/mairie-saint-marcel.fr\/images\/ConseilMunicipal\/2025\/2025-46 - DELIBERATION COMPLEMENTAIRE SANTE - tamponn\u00e9e.PDF\" target=\"_blank\" rel=\"noreferrer noopener\">46-Modalit\u00e9s et fixation de la participation employeur au niveau de la compl\u00e9mentaire sant\u00e9 des agents<\/a><\/p>\n\n\n\n<p><a href=\"http:\/\/mairie-saint-marcel.fr\/images\/ConseilMunicipal\/2025\/2025-47 - DELIBERATION TELETRAVAIL - tamponn\u00e9e.PDF\" target=\"_blank\" rel=\"noreferrer noopener\">47-Organisation et mise en place du t\u00e9l\u00e9travail au sein de la commune<\/a><\/p>\n\n\n\n<p><a href=\"http:\/\/mairie-saint-marcel.fr\/images\/ConseilMunicipal\/2025\/2025-48 - DELIBERATION JOURNEE DE SOLIDARITE - tamponn\u00e9e.PDF\" target=\"_blank\" rel=\"noreferrer noopener\">48-Modalit\u00e9s d&rsquo;accomplissement de la journ\u00e9e de solidarit\u00e9<\/a><\/p>\n\n\n\n<p><a href=\"http:\/\/mairie-saint-marcel.fr\/images\/ConseilMunicipal\/2025\/2025-49 - DELIBERATION ACCEPTATION DE CONGE BONIFIE - tamponn\u00e9e.PDF\" target=\"_blank\" rel=\"noreferrer noopener\">49-Acceptation d&rsquo;un cong\u00e9 bonifi\u00e9<\/a><\/p>\n\n\n\n<p><strong>Novembre<\/strong><\/p>\n\n\n\n<p><a href=\"http:\/\/mairie-saint-marcel.fr\/images\/ConseilMunicipal\/2025\/2025-50 - Mise en place controle des branchements assainissement collectif.pdf\" target=\"_blank\" rel=\"noreferrer noopener\">50-Mise en place du contr\u00f4le des branchements au r\u00e9seau public d&rsquo;assainissement collectif dans le cadre des ventes et successions immobili\u00e8res<\/a><\/p>\n\n\n\n<p><a href=\"http:\/\/mairie-saint-marcel.fr\/images\/ConseilMunicipal\/2025\/2025-51 - Fixation des tarifs des concessions au cimeti\u00e8re communal et des cases de columbarium.pdf\" target=\"_blank\" rel=\"noreferrer noopener\">51-Fixation des tarifs des concessions et des cases de columbarium au cimeti\u00e8re communal<\/a><\/p>\n\n\n\n<p><a href=\"http:\/\/mairie-saint-marcel.fr\/images\/ConseilMunicipal\/2025\/2025-52 - Approbation de avenant de transfert du bail commercial Epicerie.pdf\" target=\"_blank\" rel=\"noreferrer noopener\">52-Approbation de l&rsquo;avenant de transfert de bail commercial du local communale \u00ab\u00a0Epicerie &#8211; Tabac, Presse, jeux de la fran\u00e7aise des jeux, activit\u00e9s annexes\u00a0\u00bb<\/a><\/p>\n\n\n\n<p><a href=\"http:\/\/mairie-saint-marcel.fr\/images\/ConseilMunicipal\/2025\/2025-53 - Deliberation_RIFSEEP.pdf\" target=\"_blank\" rel=\"noreferrer noopener\">53-Modification du r\u00e9gime indemnitaire tenant compte des fonctions, des suj\u00e9tions, de l&rsquo;expertise et de l&rsquo;engagement professionnel (RIFSEEP)<\/a><\/p>\n\n\n\n<p><a href=\"http:\/\/mairie-saint-marcel.fr\/images\/ConseilMunicipal\/2025\/2025-54 - Approbation du transfert de competences relative \u00e0 l entretien, amenagement, gestion et developpement de la.pdf\" target=\"_blank\" rel=\"noreferrer noopener\">54-Approbation du transfert de comp\u00e9tences relative \u00e0 l&rsquo;entretien, l&rsquo;am\u00e9nagement, la gestion et le d\u00e9veloppement de la base de loisirs \u00ab\u00a0La Nizi\u00e8re\u00a0\u00bb<\/a><\/p>\n\n\n\n<p><a href=\"http:\/\/mairie-saint-marcel.fr\/images\/ConseilMunicipal\/2025\/2025-55 - Installation d'un syst\u00e8me de vid\u00e9oprotection sur le territoire communal.pdf\" target=\"_blank\" rel=\"noreferrer noopener\">55-Installation d&rsquo;un syst\u00e8me de vid\u00e9oprotection sur le territoire communal<\/a><\/p>\n\n\n\n<p><strong>D\u00e9cembre<\/strong><\/p>\n\n\n\n<p><a href=\"http:\/\/mairie-saint-marcel.fr\/images\/ConseilMunicipal\/2025\/2025-57 - RGPD_designation_delegue_de_la_protection_des_donnees.pdf\" target=\"_blank\" rel=\"noreferrer noopener\">57-R\u00e9glement Europ\u00e9en G\u00e9n\u00e9ral sur la Protection des Donn\u00e9es Personnelles (RGPD) : d\u00e9signation d&rsquo;un d\u00e9l\u00e9gu\u00e9 de la Protection des Donn\u00e9es (DPD)<\/a><\/p>\n\n\n\n<p><a href=\"http:\/\/mairie-saint-marcel.fr\/images\/ConseilMunicipal\/2025\/2025-58 - DELIBERATION_SUR_LES_TARIFS_DE_LA_REDEVANCE_PERFORMANCE_DE_LAGENCE_DE_LEAU.pdf\" target=\"_blank\" rel=\"noreferrer noopener\">58-Redevance pour performance des syst\u00e8mes d&rsquo;assainissement collectif pour l&rsquo;Agence de l&rsquo;Eau RMC<\/a><\/p>\n\n\n\n<p><a href=\"http:\/\/mairie-saint-marcel.fr\/images\/ConseilMunicipal\/2025\/2025-59 - decision_modificative_n_1_budget_assainissement.pdf\" target=\"_blank\" rel=\"noreferrer noopener\">59-D\u00e9cision modificative n\u00b01 &#8211; Budget assainissement<\/a><\/p>\n\n\n\n<p><a href=\"http:\/\/mairie-saint-marcel.fr\/images\/ConseilMunicipal\/2025\/2025-60 - approbation_de_avenant_de_transfert_du_bail_commercial_epicerie.pdf\" target=\"_blank\" rel=\"noreferrer noopener\">60-Approbation de la modification de l&rsquo;avenant de transfert du bail commercial du local communale \u00ab\u00a0Epicerie &#8211; Tabac, Presse, jeux de la fran\u00e7aise des jeux, activit\u00e9s annexes\u00a0\u00bb<\/a><\/p>\n\n\n\n<p><a href=\"http:\/\/mairie-saint-marcel.fr\/images\/ConseilMunicipal\/2025\/2025-61 - approbation_de_lavenant_1_transfert_des_effluents_a_Saint_Andre_de_Corcy_ALBERTAZZI.pdf\" target=\"_blank\" rel=\"noreferrer noopener\">61- Approbation de l&rsquo;avenant 1 &#8211; Transfert des effluents \u00e0 Saint-Andr\u00e9-de-Corcy &#8211; ALBERTAZZI<\/a><\/p>\n\n\n\n<p><a href=\"http:\/\/mairie-saint-marcel.fr\/images\/ConseilMunicipal\/2025\/2025-62 - approbation_de_lavenant_1_transfert_des_effluents_a_Saint_Andre_de_Corcy_SCTP.pdf\" target=\"_blank\" rel=\"noreferrer noopener\">62-Approbation de l&rsquo;avenant 1 &#8211; Transfert des effluents \u00e0 Saint-Andr\u00e9-de-Corcy &#8211; Entreprise SCTP<\/a><\/p>\n\n\n\n<p><a href=\"http:\/\/mairie-saint-marcel.fr\/images\/ConseilMunicipal\/2025\/2025-63 - DELIBERATION_conditions_de_la_mise_a_disposition_des_salles_communales_aux_associations.pdf\" target=\"_blank\" rel=\"noreferrer noopener\">63-Condition de la mise \u00e0 disposition des salles communales aux associations<\/a><\/p>\n\n\n\n<p><a href=\"http:\/\/mairie-saint-marcel.fr\/images\/ConseilMunicipal\/2025\/2025-64 - mise_en_place_dun_dispositif_communal_de_lutte_contre_le_frelon_asiatique.pdf\" target=\"_blank\" rel=\"noreferrer noopener\">64-Mise en place d&rsquo;un dispositif communal de lutte contre le frelon asiatique<\/a><\/p>\n\n\n\n<p><a href=\"http:\/\/mairie-saint-marcel.fr\/images\/ConseilMunicipal\/2025\/2025-65 - autorisation_de_la_signature_de_la_convention_dadhesion_a_la_plateforme_de_dematerialisation_propose_CDG01.pdf\" target=\"_blank\" rel=\"noreferrer noopener\">65-Autorisation de la signature de la convention d&rsquo;adh\u00e9sion \u00e0 la plateforme de d\u00e9mat\u00e9rialisation propos\u00e9 par le Centre de Gestion de l&rsquo;Ain<\/a><\/p>\n\n\n\n<p><a href=\"http:\/\/mairie-saint-marcel.fr\/images\/ConseilMunicipal\/2025\/2025-66 - deliberation_avenant_1_prix_PEI_service_commun_POTEAU_INCENDIE.pdf\" target=\"_blank\" rel=\"noreferrer noopener\">66-Approbation de l&rsquo;avenant 1 de la convention pour la cr\u00e9ation d&rsquo;un service commun de contr\u00f4le des EPI<\/a><\/p>\n\n\n\n<p><\/p>\n","protected":false},"excerpt":{"rendered":"<p>Janvier 1-D\u00e9lib\u00e9ration tarification des repas au restaurant scolaire \u00e0 compter du 1er f\u00e9vrier 2025 2-D\u00e9lib\u00e9ration pour la subvention au RASED 3-D\u00e9lib\u00e9ration pour une d\u00e9cision modificative &#8211; budget commune 4- D\u00e9lib\u00e9ration&hellip;<\/p>\n","protected":false},"author":3,"featured_media":0,"parent":0,"menu_order":0,"comment_status":"closed","ping_status":"closed","template":"","meta":{"footnotes":""},"class_list":["post-3337","page","type-page","status-publish","hentry"],"_links":{"self":[{"href":"https:\/\/mairie-saint-marcel.fr\/index.php?rest_route=\/wp\/v2\/pages\/3337","targetHints":{"allow":["GET"]}}],"collection":[{"href":"https:\/\/mairie-saint-marcel.fr\/index.php?rest_route=\/wp\/v2\/pages"}],"about":[{"href":"https:\/\/mairie-saint-marcel.fr\/index.php?rest_route=\/wp\/v2\/types\/page"}],"author":[{"embeddable":true,"href":"https:\/\/mairie-saint-marcel.fr\/index.php?rest_route=\/wp\/v2\/users\/3"}],"replies":[{"embeddable":true,"href":"https:\/\/mairie-saint-marcel.fr\/index.php?rest_route=%2Fwp%2Fv2%2Fcomments&post=3337"}],"version-history":[{"count":76,"href":"https:\/\/mairie-saint-marcel.fr\/index.php?rest_route=\/wp\/v2\/pages\/3337\/revisions"}],"predecessor-version":[{"id":3699,"href":"https:\/\/mairie-saint-marcel.fr\/index.php?rest_route=\/wp\/v2\/pages\/3337\/revisions\/3699"}],"wp:attachment":[{"href":"https:\/\/mairie-saint-marcel.fr\/index.php?rest_route=%2Fwp%2Fv2%2Fmedia&parent=3337"}],"curies":[{"name":"wp","href":"https:\/\/api.w.org\/{rel}","templated":true}]}}