{"id":352,"date":"2020-12-08T20:38:07","date_gmt":"2020-12-08T19:38:07","guid":{"rendered":"http:\/\/mairie-saint-marcel.fr\/?page_id=352"},"modified":"2024-07-04T15:25:09","modified_gmt":"2024-07-04T14:25:09","slug":"derniers-articles","status":"publish","type":"page","link":"https:\/\/mairie-saint-marcel.fr\/","title":{"rendered":"A la une"},"content":{"rendered":"<ul class=\"wp-block-latest-posts__list has-dates wp-block-latest-posts\"><li><a class=\"wp-block-latest-posts__post-title\" href=\"https:\/\/mairie-saint-marcel.fr\/?p=3667\">Inscription scolaire 2026 \u2013 2027<\/a><time datetime=\"2026-01-14T15:32:49+01:00\" class=\"wp-block-latest-posts__post-date\">14 janvier 2026<\/time><div class=\"wp-block-latest-posts__post-full-content\"><!-- wp:paragraph -->\n<p><strong>En septembre 2026<\/strong>, votre enfant sera scolaris\u00e9 de la <strong>petite section au CM2<\/strong>, pour la premi\u00e8re fois \u00e0 Saint-Marcel ?<\/p>\n<!-- \/wp:paragraph -->\n\n<!-- wp:paragraph -->\n<p>L&rsquo;inscription se fera aupr\u00e8s de la Mairie (74 route de Lyon) du <strong>lundi 12 janvier au vendredi 24 avril 2026<\/strong>.<\/p>\n<!-- \/wp:paragraph -->\n\n<!-- wp:paragraph -->\n<p>Vous trouverez <strong><a href=\"http:\/\/mairie-saint-marcel.fr\/images\/VieScolaire\/restaurant\/2026-2027\/inscription_ecole_2026_2027.pdf\" target=\"_blank\" rel=\"noreferrer noopener\">ici<\/a><\/strong> les informations n\u00e9cessaires ainsi que les documents \u00e0 nous apporter.<\/p>\n<!-- \/wp:paragraph -->\n\n<!-- wp:paragraph -->\n<p>Renseignements au <strong>04.72.26.12.53<\/strong> \/\/ <strong>secretariat@mairie-saint-marcel.fr<\/strong><\/p>\n<!-- \/wp:paragraph -->\n\n<!-- wp:paragraph -->\n<p><\/p>\n<!-- \/wp:paragraph --><\/div><\/li>\n<li><a class=\"wp-block-latest-posts__post-title\" href=\"https:\/\/mairie-saint-marcel.fr\/?p=3538\">\/!\\ Modification des jours et horaires d&rsquo;ouverture &#8211; M\u00e9di@th\u00e8que de Saint-Marcel<\/a><time datetime=\"2025-10-21T10:06:00+01:00\" class=\"wp-block-latest-posts__post-date\">21 octobre 2025<\/time><div class=\"wp-block-latest-posts__post-full-content\"><!-- wp:paragraph -->\n<p><strong>A compter du<em>\u00a0<\/em>1er novembre 2025, la m\u00e9diath\u00e8que ne sera plus ouverte au public le vendredi soir, de 16h00 \u00e0 18h00.<\/strong><\/p>\n<!-- \/wp:paragraph -->\n\n<!-- wp:image {\"id\":3539,\"sizeSlug\":\"full\",\"linkDestination\":\"none\"} -->\n<figure class=\"wp-block-image size-full\"><img loading=\"lazy\" decoding=\"async\" width=\"493\" height=\"689\" src=\"https:\/\/mairie-saint-marcel.fr\/wp-content\/uploads\/2025\/10\/image-8.png\" alt=\"\" class=\"wp-image-3539\" srcset=\"https:\/\/mairie-saint-marcel.fr\/wp-content\/uploads\/2025\/10\/image-8.png 493w, https:\/\/mairie-saint-marcel.fr\/wp-content\/uploads\/2025\/10\/image-8-215x300.png 215w, https:\/\/mairie-saint-marcel.fr\/wp-content\/uploads\/2025\/10\/image-8-140x196.png 140w\" sizes=\"auto, (max-width: 493px) 100vw, 493px\" \/><\/figure>\n<!-- \/wp:image --><\/div><\/li>\n<li><a class=\"wp-block-latest-posts__post-title\" href=\"https:\/\/mairie-saint-marcel.fr\/?p=3281\">C\u00e9r\u00e9monie de pose de la 1\u00e8re pierre &#8211; Salle p\u00e9riscolaire &#8211; 20\/06\/2025<\/a><time datetime=\"2025-07-01T13:05:25+01:00\" class=\"wp-block-latest-posts__post-date\">1 juillet 2025<\/time><div class=\"wp-block-latest-posts__post-full-content\"><!-- wp:paragraph -->\n<p>En pr\u00e9sence de Madame la Sous-Pr\u00e9f\u00e8te, de Madame la S\u00e9natrice, de Maires, des architectes, des parents d&rsquo;\u00e9l\u00e8ves&#8230; la c\u00e9r\u00e9monie de pose de la 1\u00e8re \u00ab\u00a0botte\u00a0\u00bb de paille s&rsquo;est tenue le vendredi 20 juin 2025.<\/p>\n<!-- \/wp:paragraph -->\n\n<!-- wp:image {\"id\":3286,\"sizeSlug\":\"full\",\"linkDestination\":\"none\"} -->\n<figure class=\"wp-block-image size-full\"><img loading=\"lazy\" decoding=\"async\" width=\"391\" height=\"506\" src=\"https:\/\/mairie-saint-marcel.fr\/wp-content\/uploads\/2025\/07\/image.png\" alt=\"\" class=\"wp-image-3286\" srcset=\"https:\/\/mairie-saint-marcel.fr\/wp-content\/uploads\/2025\/07\/image.png 391w, https:\/\/mairie-saint-marcel.fr\/wp-content\/uploads\/2025\/07\/image-232x300.png 232w, https:\/\/mairie-saint-marcel.fr\/wp-content\/uploads\/2025\/07\/image-140x181.png 140w\" sizes=\"auto, (max-width: 391px) 100vw, 391px\" \/><\/figure>\n<!-- \/wp:image -->\n\n<!-- wp:paragraph -->\n<p>Retrouvez <a href=\"http:\/\/mairie-saint-marcel.fr\/images\/pose_1ere_pierre.pdf\" target=\"_blank\" rel=\"noreferrer noopener\">ici<\/a> les temps forts de cette soir\u00e9e.<\/p>\n<!-- \/wp:paragraph -->\n\n<!-- wp:paragraph -->\n<p><\/p>\n<!-- \/wp:paragraph --><\/div><\/li>\n<li><a class=\"wp-block-latest-posts__post-title\" href=\"https:\/\/mairie-saint-marcel.fr\/?p=2172\">Syndicat d&rsquo;eau potable Bresse Dombes Sa\u00f4ne<\/a><time datetime=\"2023-05-12T13:51:33+01:00\" class=\"wp-block-latest-posts__post-date\">12 mai 2023<\/time><div class=\"wp-block-latest-posts__post-full-content\"><!-- wp:image {\"id\":2173,\"sizeSlug\":\"large\",\"linkDestination\":\"none\"} -->\n<figure class=\"wp-block-image size-large\"><img loading=\"lazy\" decoding=\"async\" width=\"1024\" height=\"310\" src=\"https:\/\/mairie-saint-marcel.fr\/wp-content\/uploads\/2023\/05\/image-1-1024x310.png\" alt=\"\" class=\"wp-image-2173\" srcset=\"https:\/\/mairie-saint-marcel.fr\/wp-content\/uploads\/2023\/05\/image-1-1024x310.png 1024w, https:\/\/mairie-saint-marcel.fr\/wp-content\/uploads\/2023\/05\/image-1-300x91.png 300w, https:\/\/mairie-saint-marcel.fr\/wp-content\/uploads\/2023\/05\/image-1-768x233.png 768w, https:\/\/mairie-saint-marcel.fr\/wp-content\/uploads\/2023\/05\/image-1-140x42.png 140w, https:\/\/mairie-saint-marcel.fr\/wp-content\/uploads\/2023\/05\/image-1.png 1443w\" sizes=\"auto, (max-width: 1024px) 100vw, 1024px\" \/><\/figure>\n<!-- \/wp:image -->\n\n<!-- wp:paragraph -->\n<p>Vous trouverez <a rel=\"noreferrer noopener\" href=\"https:\/\/mairie-saint-marcel.fr\/wp-content\/uploads\/2023\/05\/maquette-Info'eau.pdf?_t=1683887530\" data-type=\"URL\" data-id=\"https:\/\/mairie-saint-marcel.fr\/wp-content\/uploads\/2023\/05\/maquette-Info'eau.pdf?_t=1683887530\" target=\"_blank\">ici<\/a> des informations relatives \u00e0 l&rsquo;\u00e9tat de s\u00e9cheresse des bassins de gestion des eaux souterraines ainsi que la situation des nappes au 1er mars 2023. (la version papier sera distribu\u00e9e dans votre bo\u00eete aux lettres prochainement).<\/p>\n<!-- \/wp:paragraph --><\/div><\/li>\n<li><a class=\"wp-block-latest-posts__post-title\" href=\"https:\/\/mairie-saint-marcel.fr\/?p=2045\">Offres de postes Service National Universel<\/a><time datetime=\"2023-02-27T21:20:18+01:00\" class=\"wp-block-latest-posts__post-date\">27 f\u00e9vrier 2023<\/time><div class=\"wp-block-latest-posts__post-full-content\"><!-- wp:image {\"align\":\"right\",\"id\":2050,\"width\":302,\"height\":444,\"sizeSlug\":\"full\",\"linkDestination\":\"media\"} -->\n<figure class=\"wp-block-image alignright size-full is-resized\"><a href=\"https:\/\/mairie-saint-marcel.fr\/wp-content\/uploads\/2023\/02\/SNU2023.jpg\"><img loading=\"lazy\" decoding=\"async\" src=\"https:\/\/mairie-saint-marcel.fr\/wp-content\/uploads\/2023\/02\/SNU2023.jpg\" alt=\"\" class=\"wp-image-2050\" width=\"302\" height=\"444\" srcset=\"https:\/\/mairie-saint-marcel.fr\/wp-content\/uploads\/2023\/02\/SNU2023.jpg 539w, https:\/\/mairie-saint-marcel.fr\/wp-content\/uploads\/2023\/02\/SNU2023-204x300.jpg 204w, https:\/\/mairie-saint-marcel.fr\/wp-content\/uploads\/2023\/02\/SNU2023-140x206.jpg 140w\" sizes=\"auto, (max-width: 302px) 100vw, 302px\" \/><\/a><\/figure>\n<!-- \/wp:image -->\n\n<!-- wp:paragraph -->\n<p>Le Service National Universel est un dispositif pilot\u00e9 par l&rsquo;Education Nationale qui vise \u00e0 faire d\u00e9couvrir l&rsquo;engagement aux jeunes de 15 \u00e0 17 ans. Trois s\u00e9jours de 12 jours chacun sont organis\u00e9s dans l&rsquo;Ain cette ann\u00e9e. \u00a0 Vous trouverez ci-joint les fiches de postes \u00e0 pourvoir.<\/p>\n<!-- \/wp:paragraph -->\n\n<!-- wp:file {\"id\":2046,\"href\":\"https:\/\/mairie-saint-marcel.fr\/wp-content\/uploads\/2023\/02\/Tuteur.pdf\",\"showDownloadButton\":false,\"displayPreview\":false,\"align\":\"left\"} -->\n<div class=\"wp-block-file alignleft\"><a id=\"wp-block-file--media-6569907f-c753-4a35-91f5-3b090c746a03\" href=\"https:\/\/mairie-saint-marcel.fr\/wp-content\/uploads\/2023\/02\/Tuteur.pdf\" target=\"_blank\" rel=\"noreferrer noopener\">Tuteur<\/a><\/div>\n<!-- \/wp:file -->\n\n<!-- wp:file {\"id\":2047,\"href\":\"https:\/\/mairie-saint-marcel.fr\/wp-content\/uploads\/2023\/02\/CadreSportetCohesion.pdf\",\"showDownloadButton\":false,\"displayPreview\":false,\"align\":\"left\"} -->\n<div class=\"wp-block-file alignleft\"><a id=\"wp-block-file--media-babaf76b-908a-4533-a269-c35b0aa4d02f\" href=\"https:\/\/mairie-saint-marcel.fr\/wp-content\/uploads\/2023\/02\/CadreSportetCohesion.pdf\" target=\"_blank\" rel=\"noreferrer noopener\">Cadre Sport et Cohesion<\/a><\/div>\n<!-- \/wp:file -->\n\n<!-- wp:file {\"id\":2048,\"href\":\"https:\/\/mairie-saint-marcel.fr\/wp-content\/uploads\/2023\/02\/Adjoint.pdf\",\"showDownloadButton\":false,\"displayPreview\":false,\"align\":\"left\"} -->\n<div class=\"wp-block-file alignleft\"><a id=\"wp-block-file--media-9ad6cad2-96e6-4ea5-a866-8aa2713931a4\" href=\"https:\/\/mairie-saint-marcel.fr\/wp-content\/uploads\/2023\/02\/Adjoint.pdf\" target=\"_blank\" rel=\"noreferrer noopener\">Adjoint<\/a><\/div>\n<!-- \/wp:file -->\n\n<!-- wp:file {\"id\":2049,\"href\":\"https:\/\/mairie-saint-marcel.fr\/wp-content\/uploads\/2023\/02\/FicheTuteurVie-Collective2.pdf\",\"showDownloadButton\":false,\"displayPreview\":false,\"align\":\"left\"} -->\n<div class=\"wp-block-file alignleft\"><a id=\"wp-block-file--media-1c36dce7-7b55-41cd-9ccf-5db9c7c6bfb2\" href=\"https:\/\/mairie-saint-marcel.fr\/wp-content\/uploads\/2023\/02\/FicheTuteurVie-Collective2.pdf\" target=\"_blank\" rel=\"noreferrer noopener\">Tuteur Vie-Collective<\/a><\/div>\n<!-- \/wp:file -->\n\n<!-- wp:paragraph -->\n<\/br>\n<!-- \/wp:paragraph -->\n\n<!-- wp:paragraph -->\n<p><\/p>\n<!-- \/wp:paragraph -->\n\n<!-- wp:paragraph {\"align\":\"center\"} -->\n<p class=\"has-text-align-center\">Contact : <a rel=\"noreferrer noopener\" href=\"mailto:ce.sdjes01.snu@ac-lyon.fr\" target=\"_blank\">ce.sdjes01.snu@ac-lyon.fr<\/a><\/p>\n<!-- \/wp:paragraph --><\/div><\/li>\n<\/ul>\n\n\n<h2 class=\"wp-block-heading\"><\/h2>\n\n\n\n<p><\/p>\n","protected":false},"excerpt":{"rendered":"","protected":false},"author":3,"featured_media":0,"parent":0,"menu_order":0,"comment_status":"closed","ping_status":"closed","template":"","meta":{"footnotes":""},"class_list":["post-352","page","type-page","status-publish","hentry"],"_links":{"self":[{"href":"https:\/\/mairie-saint-marcel.fr\/index.php?rest_route=\/wp\/v2\/pages\/352","targetHints":{"allow":["GET"]}}],"collection":[{"href":"https:\/\/mairie-saint-marcel.fr\/index.php?rest_route=\/wp\/v2\/pages"}],"about":[{"href":"https:\/\/mairie-saint-marcel.fr\/index.php?rest_route=\/wp\/v2\/types\/page"}],"author":[{"embeddable":true,"href":"https:\/\/mairie-saint-marcel.fr\/index.php?rest_route=\/wp\/v2\/users\/3"}],"replies":[{"embeddable":true,"href":"https:\/\/mairie-saint-marcel.fr\/index.php?rest_route=%2Fwp%2Fv2%2Fcomments&post=352"}],"version-history":[{"count":11,"href":"https:\/\/mairie-saint-marcel.fr\/index.php?rest_route=\/wp\/v2\/pages\/352\/revisions"}],"predecessor-version":[{"id":2740,"href":"https:\/\/mairie-saint-marcel.fr\/index.php?rest_route=\/wp\/v2\/pages\/352\/revisions\/2740"}],"wp:attachment":[{"href":"https:\/\/mairie-saint-marcel.fr\/index.php?rest_route=%2Fwp%2Fv2%2Fmedia&parent=352"}],"curies":[{"name":"wp","href":"https:\/\/api.w.org\/{rel}","templated":true}]}}