{"id":3621,"date":"2025-12-13T10:20:55","date_gmt":"2025-12-13T09:20:55","guid":{"rendered":"https:\/\/mairie-saint-marcel.fr\/?page_id=3621"},"modified":"2026-04-09T08:59:12","modified_gmt":"2026-04-09T07:59:12","slug":"deliberations-2026","status":"publish","type":"page","link":"https:\/\/mairie-saint-marcel.fr\/?page_id=3621","title":{"rendered":"D\u00e9lib\u00e9rations 2026"},"content":{"rendered":"\n<p><strong>Janvier<\/strong><\/p>\n\n\n\n<p><a href=\"http:\/\/mairie-saint-marcel.fr\/images\/ConseilMunicipal\/2026\/2026-01 - Approbation des conventions de servitudes - raccordement \u00e0 la station d\u2019\u00e9puration.pdf\" target=\"_blank\" rel=\"noreferrer noopener\">1-Autorisation donn\u00e9e \u00e0 Monsieur le Maire pour la signature de conventions de servitudes de tr\u00e9fonds pour le passage d&rsquo;une canalisation de refoulement des eaux us\u00e9es<\/a><\/p>\n\n\n\n<p><a href=\"http:\/\/mairie-saint-marcel.fr\/images\/ConseilMunicipal\/2026\/2026-02 - Deliberation d investissements avant le vote du budget BP.PDF\" target=\"_blank\" rel=\"noreferrer noopener\">2-D\u00e9lib\u00e9ration d&rsquo;investissements avant le vote du budget dans la limite du quart du dit budget &#8211; Budget principal<\/a><\/p>\n\n\n\n<p><a href=\"http:\/\/mairie-saint-marcel.fr\/images\/ConseilMunicipal\/2026\/2026-03 - Deliberation d investissements avant le vote du budget - BA.PDF\" target=\"_blank\" rel=\"noreferrer noopener\">3-D\u00e9lib\u00e9ration d&rsquo;investissements avant le vote du budget dans la limite du quart du dit budget &#8211; Budget assainissement<\/a><\/p>\n\n\n\n<p><a href=\"http:\/\/mairie-saint-marcel.fr\/images\/ConseilMunicipal\/2026\/2026-04 - Remboursement d avances de frais effectuees par un elu.PDF\" target=\"_blank\" rel=\"noreferrer noopener\">4-Remboursement d&rsquo;une avance de frais effectu\u00e9e par un \u00e9lu<\/a><\/p>\n\n\n\n<p><a href=\"http:\/\/mairie-saint-marcel.fr\/images\/ConseilMunicipal\/2026\/2026-05 - Approbation de avenant de transfert du bail commercial - Salon de coiffure.PDF\" target=\"_blank\" rel=\"noreferrer noopener\">5-Approbation de l&rsquo;avenant de transfert du bail commercial du local communale \u00ab\u00a0Salon de coiffure\u00a0\u00bb<\/a><\/p>\n\n\n\n<p><strong>F\u00e9vrier : pas de conseil<\/strong><\/p>\n\n\n\n<p><strong>Mars<\/strong><\/p>\n\n\n\n<p><a href=\"http:\/\/mairie-saint-marcel.fr\/images\/ConseilMunicipal\/2026\/2026-06_prescriptions_par_le_conseil_municipal_du_r\u00e8glement_de_publicit\u00e9.pdf\" target=\"_blank\" rel=\"noreferrer noopener\">6-Prescriptions par le Conseil Municipal du r\u00e8glement de publicit\u00e9<\/a><\/p>\n\n\n\n<p><a href=\"http:\/\/mairie-saint-marcel.fr\/images\/ConseilMunicipal\/2026\/2026-07_ouverture_du_ligne_de_cr\u00e9dit_budget_principal.pdf\" target=\"_blank\" rel=\"noreferrer noopener\">7-Ouverture d&rsquo;une ligne de cr\u00e9dit &#8211; Budget principal<\/a><\/p>\n\n\n\n<p><a href=\"http:\/\/mairie-saint-marcel.fr\/images\/ConseilMunicipal\/2026\/2026-08_modification_du_tableau_des_emplois.pdf\" target=\"_blank\" rel=\"noreferrer noopener\">8-Modification du tableau des emplois<\/a><\/p>\n\n\n\n<p><a href=\"\/images\/ConseilMunicipal\/2026\/2026-09_deliberation_procedant_a _l_election_du_maire.pdf\" target=\"_blank\" rel=\"noreferrer noopener\">9-D\u00e9lib\u00e9ration proc\u00e9dant \u00e0 l&rsquo;\u00e9lection du Maire<\/a><\/p>\n\n\n\n<p><a href=\"\/images\/ConseilMunicipal\/2026\/2026-10_deliberation_fixant_le_nombre_d_adjoints.pdf\" target=\"_blank\" rel=\"noreferrer noopener\">10-D\u00e9lib\u00e9ration fixant le nombre d&rsquo;adjoints<\/a><\/p>\n\n\n\n<p><a href=\"\/images\/ConseilMunicipal\/2026\/2026-11_deliberation_procedant_a_l_election_des_adjoints_au_maire.pdf\" target=\"_blank\" rel=\"noreferrer noopener\">11-D\u00e9lib\u00e9ration proc\u00e9dant \u00e0 l&rsquo;\u00e9lection des adjoints au Maire<\/a><\/p>\n\n\n\n<p><a href=\"\/images\/ConseilMunicipal\/2026\/2026-12_delegation_du_conseil_municipal_au_maire.pdf\">12-D\u00e9l\u00e9gation du Conseil Municipal au Maire<\/a><\/p>\n\n\n\n<p><a href=\"\/images\/ConseilMunicipal\/2026\/2026-13_designation_des_delegues_des_syndicats_mixtes_eau_potable.pdf\" target=\"_blank\" rel=\"noreferrer noopener\">13-D\u00e9signation des d\u00e9l\u00e9gu\u00e9s des syndicats mixtes &#8211; Eau Potable<\/a><\/p>\n\n\n\n<p><a href=\"\/images\/ConseilMunicipal\/2026\/2026-14_deliberation_fixant_les_indemnites_de_fonction_des_elus.pdf\" target=\"_blank\" rel=\"noreferrer noopener\">14-D\u00e9lib\u00e9ration fixant les indemnit\u00e9s de fonction des \u00e9lus<\/a><\/p>\n\n\n\n<p><a href=\"\/images\/ConseilMunicipal\/2026\/2026-15_deliberation_constituant_les_commissions_communales_finances.pdf\" target=\"_blank\" rel=\"noreferrer noopener\">15-D\u00e9lib\u00e9ration constituant les commissions communales &#8211; commissions finances<\/a><\/p>\n","protected":false},"excerpt":{"rendered":"<p>Janvier 1-Autorisation donn\u00e9e \u00e0 Monsieur le Maire pour la signature de conventions de servitudes de tr\u00e9fonds pour le passage d&rsquo;une canalisation de refoulement des eaux us\u00e9es 2-D\u00e9lib\u00e9ration d&rsquo;investissements avant le&hellip;<\/p>\n","protected":false},"author":3,"featured_media":0,"parent":0,"menu_order":0,"comment_status":"closed","ping_status":"closed","template":"","meta":{"footnotes":""},"class_list":["post-3621","page","type-page","status-publish","hentry"],"_links":{"self":[{"href":"https:\/\/mairie-saint-marcel.fr\/index.php?rest_route=\/wp\/v2\/pages\/3621","targetHints":{"allow":["GET"]}}],"collection":[{"href":"https:\/\/mairie-saint-marcel.fr\/index.php?rest_route=\/wp\/v2\/pages"}],"about":[{"href":"https:\/\/mairie-saint-marcel.fr\/index.php?rest_route=\/wp\/v2\/types\/page"}],"author":[{"embeddable":true,"href":"https:\/\/mairie-saint-marcel.fr\/index.php?rest_route=\/wp\/v2\/users\/3"}],"replies":[{"embeddable":true,"href":"https:\/\/mairie-saint-marcel.fr\/index.php?rest_route=%2Fwp%2Fv2%2Fcomments&post=3621"}],"version-history":[{"count":19,"href":"https:\/\/mairie-saint-marcel.fr\/index.php?rest_route=\/wp\/v2\/pages\/3621\/revisions"}],"predecessor-version":[{"id":3889,"href":"https:\/\/mairie-saint-marcel.fr\/index.php?rest_route=\/wp\/v2\/pages\/3621\/revisions\/3889"}],"wp:attachment":[{"href":"https:\/\/mairie-saint-marcel.fr\/index.php?rest_route=%2Fwp%2Fv2%2Fmedia&parent=3621"}],"curies":[{"name":"wp","href":"https:\/\/api.w.org\/{rel}","templated":true}]}}