{"id":3898,"date":"2026-04-23T13:48:11","date_gmt":"2026-04-23T12:48:11","guid":{"rendered":"https:\/\/mairie-saint-marcel.fr\/?page_id=3898"},"modified":"2026-04-23T14:00:22","modified_gmt":"2026-04-23T13:00:22","slug":"2026-3","status":"publish","type":"page","link":"https:\/\/mairie-saint-marcel.fr\/?page_id=3898","title":{"rendered":"2026"},"content":{"rendered":"\n<p><a href=\"\/images\/arretescommunaux\/2026\/2026_10_ELU_arrete_de_delegation_1ere adj_MONCHEAUX_TAMP.pdf\" target=\"_blank\" rel=\"noreferrer noopener\">D\u00e9l\u00e9gation de fonction et de signature \u00e0 Madame H\u00e9l\u00e8ne MONCHEAUX, 1\u00e8re adjointe au Maire<\/a><\/p>\n\n\n\n<p><a href=\"\/images\/arretescommunaux\/2026\/2026_11_ELU_arrete_de_delegation_2eme_adj_COUTURIER_TAMP.pdf\" target=\"_blank\" rel=\"noreferrer noopener\">D\u00e9l\u00e9gation de fonction et de signature \u00e0 Monsieur Ren\u00e9 COUTURIER, 2\u00e8me adjoint au Maire<\/a><\/p>\n\n\n\n<p><a href=\"\/images\/arretescommunaux\/2026\/2026_12_ELU_arrete_de_delegation_3eme_adj_SIMON_TAMP.pdf\" target=\"_blank\" rel=\"noreferrer noopener\">D\u00e9l\u00e9gation de fonction et de signature \u00e0 Madame Jennifer SIMON, 3\u00e8me adjointe au Maire<\/a><\/p>\n\n\n\n<p><a href=\"\/images\/arretescommunaux\/2026\/2026_13_ELU_arrete_de_delegation_4eme_adj_LAFARGE_TAMP.pdf\" target=\"_blank\" rel=\"noreferrer noopener\">D\u00e9l\u00e9gation de fonction et de signature \u00e0 Monsieur Ludovic LAFARGE, 4\u00e8me adjoint au Maire<\/a><\/p>\n\n\n\n<p><\/p>\n","protected":false},"excerpt":{"rendered":"<p>D\u00e9l\u00e9gation de fonction et de signature \u00e0 Madame H\u00e9l\u00e8ne MONCHEAUX, 1\u00e8re adjointe au Maire D\u00e9l\u00e9gation de fonction et de signature \u00e0 Monsieur Ren\u00e9 COUTURIER, 2\u00e8me adjoint au Maire D\u00e9l\u00e9gation de&hellip;<\/p>\n","protected":false},"author":3,"featured_media":0,"parent":0,"menu_order":0,"comment_status":"closed","ping_status":"closed","template":"","meta":{"footnotes":""},"class_list":["post-3898","page","type-page","status-publish","hentry"],"_links":{"self":[{"href":"https:\/\/mairie-saint-marcel.fr\/index.php?rest_route=\/wp\/v2\/pages\/3898","targetHints":{"allow":["GET"]}}],"collection":[{"href":"https:\/\/mairie-saint-marcel.fr\/index.php?rest_route=\/wp\/v2\/pages"}],"about":[{"href":"https:\/\/mairie-saint-marcel.fr\/index.php?rest_route=\/wp\/v2\/types\/page"}],"author":[{"embeddable":true,"href":"https:\/\/mairie-saint-marcel.fr\/index.php?rest_route=\/wp\/v2\/users\/3"}],"replies":[{"embeddable":true,"href":"https:\/\/mairie-saint-marcel.fr\/index.php?rest_route=%2Fwp%2Fv2%2Fcomments&post=3898"}],"version-history":[{"count":7,"href":"https:\/\/mairie-saint-marcel.fr\/index.php?rest_route=\/wp\/v2\/pages\/3898\/revisions"}],"predecessor-version":[{"id":3906,"href":"https:\/\/mairie-saint-marcel.fr\/index.php?rest_route=\/wp\/v2\/pages\/3898\/revisions\/3906"}],"wp:attachment":[{"href":"https:\/\/mairie-saint-marcel.fr\/index.php?rest_route=%2Fwp%2Fv2%2Fmedia&parent=3898"}],"curies":[{"name":"wp","href":"https:\/\/api.w.org\/{rel}","templated":true}]}}