{"id":39,"date":"2020-03-22T16:00:26","date_gmt":"2020-03-22T16:00:26","guid":{"rendered":"http:\/\/devludo01390.atwebpages.com\/?page_id=39"},"modified":"2020-12-03T22:26:33","modified_gmt":"2020-12-03T21:26:33","slug":"numeros-durgence","status":"publish","type":"page","link":"https:\/\/mairie-saint-marcel.fr\/?page_id=39","title":{"rendered":"Num\u00e9ros d&rsquo;urgence"},"content":{"rendered":"<h4><span style=\"color: #00ccff;\"><span style=\"color: #3366ff;\">Ci-joint la liste des num\u00e9ros de t\u00e9l\u00e9phone \u00e0 appeler en cas d&rsquo;urgence<\/span>.<\/span><\/h4>\n\n\n<figure class=\"wp-block-table\"><table><tbody><tr><td><strong>Mairie<\/strong><\/td><td>04 72 26 12 53<\/td><\/tr><tr><td><strong>Ecole<\/strong>  <\/td><td>04 72 26 40 45<\/td><\/tr><tr><td><strong>Gendarmerie<\/strong>   <\/td><td>17<br>04 72 26 10 06<\/td><\/tr><tr><td><strong>Pompier<\/strong><\/td><td>18<\/td><\/tr><tr><td><strong>SAMU<\/strong><\/td><td>15<\/td><\/tr><tr><td><strong>N\u00b0 d&rsquo;urgence europ\u00e9en<\/strong><\/td><td>112<\/td><\/tr><tr><td><strong>Centre antipoison Lyon<\/strong><\/td><td>04 72 11 69 11<\/td><\/tr><tr><td><strong>Centre des grands br\u00fbl\u00e9s Lyon<\/strong><\/td><td>04 72 11 75 98<\/td><\/tr><tr><td><strong>Accueil sans abri<\/strong><\/td><td>115<\/td><\/tr><tr><td><strong>SIDA info service<\/strong><\/td><td>0 800 840 800<\/td><\/tr><tr><td><strong>Cancer info service<\/strong><\/td><td>0 810 810 821<\/td><\/tr><tr><td><strong>Drogue alcool tabac info service<\/strong><\/td><td>0 800 23 13 13<\/td><\/tr><tr><td><strong>Allo enfance maltrait\u00e9e<\/strong><\/td><td>119<\/td><\/tr><tr><td><strong>CRICR info routes<\/strong><\/td><td>0 826 022 022<\/td><\/tr><tr><td><strong>H\u00e9patites info service<\/strong><\/td><td>0 800 845 800<\/td><\/tr><tr><td><strong>Ass. Fr de Protection et <\/strong><br><strong>Assistance aux Personnes Ag\u00e9es<\/strong> <\/td><td>0 800 020 528<\/td><\/tr><tr><td><strong>Centre local d&rsquo;information <\/strong><br><strong>et de Coordination g\u00e9rontologique<\/strong> <\/td><td>04 74 98 39 29<\/td><\/tr><\/tbody><\/table><\/figure>\n","protected":false},"excerpt":{"rendered":"<p>Ci-joint la liste des num\u00e9ros de t\u00e9l\u00e9phone \u00e0 appeler en cas d&rsquo;urgence. Mairie 04 72 26 12 53 Ecole 04 72 26 40 45 Gendarmerie 1704 72 26 10 06&hellip;<\/p>\n","protected":false},"author":3,"featured_media":0,"parent":0,"menu_order":0,"comment_status":"closed","ping_status":"closed","template":"","meta":{"footnotes":""},"class_list":["post-39","page","type-page","status-publish","hentry"],"_links":{"self":[{"href":"https:\/\/mairie-saint-marcel.fr\/index.php?rest_route=\/wp\/v2\/pages\/39","targetHints":{"allow":["GET"]}}],"collection":[{"href":"https:\/\/mairie-saint-marcel.fr\/index.php?rest_route=\/wp\/v2\/pages"}],"about":[{"href":"https:\/\/mairie-saint-marcel.fr\/index.php?rest_route=\/wp\/v2\/types\/page"}],"author":[{"embeddable":true,"href":"https:\/\/mairie-saint-marcel.fr\/index.php?rest_route=\/wp\/v2\/users\/3"}],"replies":[{"embeddable":true,"href":"https:\/\/mairie-saint-marcel.fr\/index.php?rest_route=%2Fwp%2Fv2%2Fcomments&post=39"}],"version-history":[{"count":4,"href":"https:\/\/mairie-saint-marcel.fr\/index.php?rest_route=\/wp\/v2\/pages\/39\/revisions"}],"predecessor-version":[{"id":292,"href":"https:\/\/mairie-saint-marcel.fr\/index.php?rest_route=\/wp\/v2\/pages\/39\/revisions\/292"}],"wp:attachment":[{"href":"https:\/\/mairie-saint-marcel.fr\/index.php?rest_route=%2Fwp%2Fv2%2Fmedia&parent=39"}],"curies":[{"name":"wp","href":"https:\/\/api.w.org\/{rel}","templated":true}]}}