{"id":394,"date":"2020-12-26T19:03:19","date_gmt":"2020-12-26T18:03:19","guid":{"rendered":"http:\/\/mairie-saint-marcel.fr\/?page_id=394"},"modified":"2020-12-26T19:03:19","modified_gmt":"2020-12-26T18:03:19","slug":"conseil-de-developpement","status":"publish","type":"page","link":"https:\/\/mairie-saint-marcel.fr\/?page_id=394","title":{"rendered":"Conseil de D\u00e9veloppement"},"content":{"rendered":"\n<p><strong><span style=\"color:#06ff0e\" class=\"has-inline-color\">La Communaut\u00e9 de Communes de la Dombes met en place un Conseil de d\u00e9veloppement. Cette instance de participation est un outil de dialogue et de concertation qui aura notamment la charge du suivi et de l\u2019accompagnement du projet de territoire de la Communaut\u00e9 de Communes de la Dombes.<\/span><\/strong><\/p>\n\n\n\n<p><strong><span class=\"has-inline-color has-luminous-vivid-orange-color\">Un Conseil de d\u00e9veloppement, c\u2019est quoi ?<\/span><\/strong><\/p>\n\n\n\n<p>Toute Communaut\u00e9 de Communes de plus de 20 000 habitants peut mettre en place un Conseil de d\u00e9veloppement.<\/p>\n\n\n\n<p>Cette instance est compos\u00e9e de citoyen(ne)s et remplit une mission consultative aupr\u00e8s des \u00e9lus de la Communaut\u00e9 de communes. Il est un lieu d\u2019expression et de dialogue entre des personnes b\u00e9n\u00e9voles d\u2019horizons tr\u00e8s divers, sans mandat politique, qui expriment leurs id\u00e9es, les mettent en d\u00e9bat et imaginent des projets au profit du territoire et de ses habitants. Il permet de construire collectivement des avis et faire des propositions aux \u00e9lu(e)s.<\/p>\n\n\n\n<p><strong><span class=\"has-inline-color has-luminous-vivid-orange-color\">Pourquoi s\u2019investir ?<\/span><\/strong><\/p>\n\n\n\n<p>Parce que les citoyens(ne)s aspirent \u00e0 faire entendre leur voix et \u00e0 jouer un plus grand r\u00f4le dans l\u2019\u00e9laboration des d\u00e9cisions qui concernent l\u2019avenir de leur territoire.<\/p>\n\n\n\n<p>Parce que les \u00e9lu(e)s souhaitent \u00e9clairer leurs choix sur les strat\u00e9gies et les politiques publiques \u00e0 mettre en \u0153uvre en mati\u00e8re de transports, transition \u00e9cologique, \u00e9conomie et emploi, d\u00e9veloppement du num\u00e9rique, culture, \u2026 Les points de vue de leurs concitoyen(e)s viennent compl\u00e9ter les expertises techniques et politiques.<\/p>\n\n\n\n<p><strong><span class=\"has-inline-color has-luminous-vivid-orange-color\">Quels engagements pour les participant(e)s ?<\/span><\/strong><\/p>\n\n\n\n<div class=\"wp-block-group\"><div class=\"wp-block-group__inner-container is-layout-flow wp-block-group-is-layout-flow\">\n<ul class=\"wp-block-list\"><li>Avoir plus de 18 ans<\/li><li>Participer r\u00e9guli\u00e8rement aux activit\u00e9s du Conseil de d\u00e9veloppement<\/li><li>\u00catre impliqu\u00e9(e)s<\/li><li>\u00catre force de proposition<\/li><li>S\u2019engager \u00e0 relayer r\u00e9guli\u00e8rement l\u2019actualit\u00e9 des travaux du Conseil de D\u00e9veloppement<\/li><\/ul>\n<\/div><\/div>\n\n\n\n<p><strong><span class=\"has-inline-color has-luminous-vivid-orange-color\">Quelle est sa composition ?<\/span><\/strong><\/p>\n\n\n\n<p>Il est compos\u00e9 de repr\u00e9sentants des milieux \u00e9conomiques, sociaux, culturels, \u00e9ducatifs, scientifiques, environnementaux et associatifs du p\u00e9rim\u00e8tre de la communaut\u00e9 de communes.<\/p>\n\n\n\n<p>La composition du conseil de d\u00e9veloppement doit respecter certaines conditions :<\/p>\n\n\n\n<ul class=\"wp-block-list\"><li>l\u2019\u00e9cart entre le nombre d\u2019hommes et le nombre de femmes ne doit pas \u00eatre sup\u00e9rieur \u00e0 un,<\/li><li>la population du territoire concern\u00e9 doit \u00eatre repr\u00e9sent\u00e9e dans ses diff\u00e9rentes classes d\u2019\u00e2ge,<\/li><li>les conseillers communautaires ne peuvent pas en \u00eatre membres.<\/li><\/ul>\n\n\n\n<p><strong><span class=\"has-inline-color has-luminous-vivid-orange-color\">Comment candidater ?<\/span><\/strong><\/p>\n\n\n\n<p>Chaque candidat doit retourner la fiche \u00ab Candidature au conseil de d\u00e9veloppement \u00bb avant le 21 janvier 2021 par mail \u00e0 : <a href=\"mailto:instances@ccdombes.fr\">instances@ccdombes.fr<\/a> ou par courrier \u00e0 la Communaut\u00e9 de Communes de la Dombes.<\/p>\n\n\n\n<p><a href=\"\/images\/divers\/Candidature au conseil de d\u00e9veloppement.pdf\" target=\"_blank\" rel=\"noreferrer noopener\">Formulaire de candidature<\/a><\/p>\n\n\n\n<p>L\u2019installation du Conseil de D\u00e9veloppement sera fix\u00e9e au premier trimestre 2021.<\/p>\n","protected":false},"excerpt":{"rendered":"<p>La Communaut\u00e9 de Communes de la Dombes met en place un Conseil de d\u00e9veloppement. Cette instance de participation est un outil de dialogue et de concertation qui aura notamment la&hellip;<\/p>\n","protected":false},"author":3,"featured_media":0,"parent":0,"menu_order":0,"comment_status":"closed","ping_status":"closed","template":"","meta":{"footnotes":""},"class_list":["post-394","page","type-page","status-publish","hentry"],"_links":{"self":[{"href":"https:\/\/mairie-saint-marcel.fr\/index.php?rest_route=\/wp\/v2\/pages\/394","targetHints":{"allow":["GET"]}}],"collection":[{"href":"https:\/\/mairie-saint-marcel.fr\/index.php?rest_route=\/wp\/v2\/pages"}],"about":[{"href":"https:\/\/mairie-saint-marcel.fr\/index.php?rest_route=\/wp\/v2\/types\/page"}],"author":[{"embeddable":true,"href":"https:\/\/mairie-saint-marcel.fr\/index.php?rest_route=\/wp\/v2\/users\/3"}],"replies":[{"embeddable":true,"href":"https:\/\/mairie-saint-marcel.fr\/index.php?rest_route=%2Fwp%2Fv2%2Fcomments&post=394"}],"version-history":[{"count":1,"href":"https:\/\/mairie-saint-marcel.fr\/index.php?rest_route=\/wp\/v2\/pages\/394\/revisions"}],"predecessor-version":[{"id":395,"href":"https:\/\/mairie-saint-marcel.fr\/index.php?rest_route=\/wp\/v2\/pages\/394\/revisions\/395"}],"wp:attachment":[{"href":"https:\/\/mairie-saint-marcel.fr\/index.php?rest_route=%2Fwp%2Fv2%2Fmedia&parent=394"}],"curies":[{"name":"wp","href":"https:\/\/api.w.org\/{rel}","templated":true}]}}