{"id":449,"date":"2021-01-15T18:48:28","date_gmt":"2021-01-15T17:48:28","guid":{"rendered":"http:\/\/mairie-saint-marcel.fr\/?page_id=449"},"modified":"2026-02-19T08:25:34","modified_gmt":"2026-02-19T07:25:34","slug":"periscolaire","status":"publish","type":"page","link":"https:\/\/mairie-saint-marcel.fr\/?page_id=449","title":{"rendered":"P\u00e9riscolaire"},"content":{"rendered":"\n<p>Le <a href=\"https:\/\/www.01eclat.fr\/\" target=\"_blank\" rel=\"noreferrer noopener\">P\u00f4le Enfance Jeunesse de Saint-Andr\u00e9 de Corcy<\/a> s&rsquo;occupe d&rsquo;assurer le p\u00e9riscolaire \u00e0 Saint-Marcel-en-Dombes avant et apr\u00e8s la classe mais pas uniquement.<\/p>\n\n\n\n<p><\/p>\n","protected":false},"excerpt":{"rendered":"<p>Le P\u00f4le Enfance Jeunesse de Saint-Andr\u00e9 de Corcy s&rsquo;occupe d&rsquo;assurer le p\u00e9riscolaire \u00e0 Saint-Marcel-en-Dombes avant et apr\u00e8s la classe mais pas uniquement.<\/p>\n","protected":false},"author":3,"featured_media":0,"parent":0,"menu_order":0,"comment_status":"closed","ping_status":"closed","template":"","meta":{"footnotes":""},"class_list":["post-449","page","type-page","status-publish","hentry"],"_links":{"self":[{"href":"https:\/\/mairie-saint-marcel.fr\/index.php?rest_route=\/wp\/v2\/pages\/449","targetHints":{"allow":["GET"]}}],"collection":[{"href":"https:\/\/mairie-saint-marcel.fr\/index.php?rest_route=\/wp\/v2\/pages"}],"about":[{"href":"https:\/\/mairie-saint-marcel.fr\/index.php?rest_route=\/wp\/v2\/types\/page"}],"author":[{"embeddable":true,"href":"https:\/\/mairie-saint-marcel.fr\/index.php?rest_route=\/wp\/v2\/users\/3"}],"replies":[{"embeddable":true,"href":"https:\/\/mairie-saint-marcel.fr\/index.php?rest_route=%2Fwp%2Fv2%2Fcomments&post=449"}],"version-history":[{"count":9,"href":"https:\/\/mairie-saint-marcel.fr\/index.php?rest_route=\/wp\/v2\/pages\/449\/revisions"}],"predecessor-version":[{"id":3736,"href":"https:\/\/mairie-saint-marcel.fr\/index.php?rest_route=\/wp\/v2\/pages\/449\/revisions\/3736"}],"wp:attachment":[{"href":"https:\/\/mairie-saint-marcel.fr\/index.php?rest_route=%2Fwp%2Fv2%2Fmedia&parent=449"}],"curies":[{"name":"wp","href":"https:\/\/api.w.org\/{rel}","templated":true}]}}