{"id":458,"date":"2021-01-15T19:01:16","date_gmt":"2021-01-15T18:01:16","guid":{"rendered":"http:\/\/mairie-saint-marcel.fr\/?page_id=458"},"modified":"2026-01-14T15:37:41","modified_gmt":"2026-01-14T14:37:41","slug":"ecole","status":"publish","type":"page","link":"https:\/\/mairie-saint-marcel.fr\/?page_id=458","title":{"rendered":"Ecole"},"content":{"rendered":"\n<figure class=\"wp-block-image size-large is-resized is-style-rounded\"><img loading=\"lazy\" decoding=\"async\" width=\"1024\" height=\"768\" src=\"https:\/\/mairie-saint-marcel.fr\/wp-content\/uploads\/2022\/02\/20220129_102621_resized-1024x768.jpg\" alt=\"\" class=\"wp-image-1524\" style=\"width:629px;height:471px\" srcset=\"https:\/\/mairie-saint-marcel.fr\/wp-content\/uploads\/2022\/02\/20220129_102621_resized-1024x768.jpg 1024w, https:\/\/mairie-saint-marcel.fr\/wp-content\/uploads\/2022\/02\/20220129_102621_resized-300x225.jpg 300w, https:\/\/mairie-saint-marcel.fr\/wp-content\/uploads\/2022\/02\/20220129_102621_resized-768x576.jpg 768w, https:\/\/mairie-saint-marcel.fr\/wp-content\/uploads\/2022\/02\/20220129_102621_resized-1536x1152.jpg 1536w, https:\/\/mairie-saint-marcel.fr\/wp-content\/uploads\/2022\/02\/20220129_102621_resized-140x105.jpg 140w, https:\/\/mairie-saint-marcel.fr\/wp-content\/uploads\/2022\/02\/20220129_102621_resized.jpg 2016w\" sizes=\"auto, (max-width: 1024px) 100vw, 1024px\" \/><\/figure>\n\n\n<div class=\"wp-block-image\">\n<figure class=\"alignright size-large is-resized\"><img loading=\"lazy\" decoding=\"async\" width=\"1024\" height=\"768\" src=\"https:\/\/mairie-saint-marcel.fr\/wp-content\/uploads\/2022\/02\/20220129_102556_resized-1024x768.jpg\" alt=\"\" class=\"wp-image-1527\" style=\"width:238px;height:179px\" srcset=\"https:\/\/mairie-saint-marcel.fr\/wp-content\/uploads\/2022\/02\/20220129_102556_resized-1024x768.jpg 1024w, https:\/\/mairie-saint-marcel.fr\/wp-content\/uploads\/2022\/02\/20220129_102556_resized-300x225.jpg 300w, https:\/\/mairie-saint-marcel.fr\/wp-content\/uploads\/2022\/02\/20220129_102556_resized-768x576.jpg 768w, https:\/\/mairie-saint-marcel.fr\/wp-content\/uploads\/2022\/02\/20220129_102556_resized-1536x1152.jpg 1536w, https:\/\/mairie-saint-marcel.fr\/wp-content\/uploads\/2022\/02\/20220129_102556_resized-140x105.jpg 140w, https:\/\/mairie-saint-marcel.fr\/wp-content\/uploads\/2022\/02\/20220129_102556_resized.jpg 2016w\" sizes=\"auto, (max-width: 1024px) 100vw, 1024px\" \/><\/figure>\n<\/div>\n\n\n<p>T\u00e9l\u00e9phone : 04 72 26 40 45<\/p>\n\n\n\n<p><a href=\"http:\/\/mairie-saint-marcel.fr\/images\/VieScolaire\/restaurant\/2026-2027\/inscription_ecole_2026_2027.pdf\" data-type=\"URL\" data-id=\"mairie-saint-marcel.fr\/images\/VieScolaire\/ecole\/inscription_ecole_2024-25.pdf\" target=\"_blank\" rel=\"noreferrer noopener\">Dossier d&rsquo;inscription scolaire 2026-2027<\/a> (\u00e0 remettre \u00e0 l&rsquo;accueil de la Mairie du lundi 12 janvier au vendredi 24 avril 2026)<\/p>\n\n\n\n<p>Adresse de l&rsquo;\u00e9cole : 115 Route de Monthieux, 01390\u00a0SAINT-MARCEL<\/p>\n\n\n\n<p><strong><u>Nom et Pr\u00e9nom directrice<\/u><\/strong> : Mme C\u00e9line GRASPERGE<br><strong><u>Jour de d\u00e9charge<\/u><\/strong> : Lundi toute la journ\u00e9e, 1 jeudi sur 3, \u00e0 temps partiel le vendredi<br><strong><u>Nombre de classe<\/u><\/strong>\u00a0: 6<br><strong><u>R\u00e9partition<\/u><\/strong> :<\/p>\n\n\n\n<p>Madame BIZIEN \/ Madame GRASPERGE : PS-MS &#8211;&gt; 24 \u00e9l\u00e8ves<\/p>\n\n\n\n<p>Madame ISSARTEL : MS-GS &#8211;&gt; 23 \u00e9l\u00e8ves<\/p>\n\n\n\n<p>Madame BESSET : GS-CP &#8211;&gt; 24 \u00e9l\u00e8ves<\/p>\n\n\n\n<p>Madame POLLET : CP-CE1 &#8211;&gt; 24 \u00e9l\u00e8ves<\/p>\n\n\n\n<p>Madame CHASSAGNE : CE2-CM1 &#8211;&gt; 22 \u00e9l\u00e8ves<\/p>\n\n\n\n<p>Monsieur DULLIAND : CM1-CM2 &#8211;&gt; 23 \u00e9l\u00e8ves<\/p>\n\n\n\n<figure class=\"wp-block-table\"><table><tbody><tr><td>&nbsp;<strong><u>Horaires de l\u2019\u00e9cole :<\/u><\/strong> <br>ELEMENTAIRE ET MATERNELLE : le lundi, mardi, jeudi et vendredi<br>Accueil de 8h20 \u00e0 8h30 et de 13h20 \u00e0 13h30 <br>Les sorties des maternelles se font \u00e0 11h20 et 16h20<br>Les sorties des \u00e9l\u00e9mentaires s\u2019effectuent \u00e0 11h30 et 16h30<\/td><\/tr><\/tbody><\/table><\/figure>\n\n\n\n<p><strong><u>Coll\u00e8ge de rattachement<\/u><\/strong><u><strong> :<\/strong><\/u> Coll\u00e8ge de la Dombes : Saint-Andr\u00e9-de-Corcy<\/p>\n\n\n\n<figure class=\"wp-block-image size-large is-style-rounded\"><img loading=\"lazy\" decoding=\"async\" width=\"1024\" height=\"360\" src=\"http:\/\/mairie-saint-marcel.fr\/wp-content\/uploads\/2020\/04\/571-scaled-1-1024x360.jpg\" alt=\"\" class=\"wp-image-103\" srcset=\"https:\/\/mairie-saint-marcel.fr\/wp-content\/uploads\/2020\/04\/571-scaled-1-1024x360.jpg 1024w, https:\/\/mairie-saint-marcel.fr\/wp-content\/uploads\/2020\/04\/571-scaled-1-300x105.jpg 300w, https:\/\/mairie-saint-marcel.fr\/wp-content\/uploads\/2020\/04\/571-scaled-1-768x270.jpg 768w, https:\/\/mairie-saint-marcel.fr\/wp-content\/uploads\/2020\/04\/571-scaled-1-1536x539.jpg 1536w, https:\/\/mairie-saint-marcel.fr\/wp-content\/uploads\/2020\/04\/571-scaled-1-2048x719.jpg 2048w, https:\/\/mairie-saint-marcel.fr\/wp-content\/uploads\/2020\/04\/571-scaled-1-140x49.jpg 140w\" sizes=\"auto, (max-width: 1024px) 100vw, 1024px\" \/><\/figure>\n\n\n<div class=\"wp-block-image\">\n<figure class=\"alignleft size-large is-resized\"><img loading=\"lazy\" decoding=\"async\" width=\"1024\" height=\"612\" src=\"https:\/\/mairie-saint-marcel.fr\/wp-content\/uploads\/2021\/05\/coccinelle-1024x612.jpg\" alt=\"\" class=\"wp-image-954\" style=\"width:917px;height:549px\" srcset=\"https:\/\/mairie-saint-marcel.fr\/wp-content\/uploads\/2021\/05\/coccinelle-1024x612.jpg 1024w, https:\/\/mairie-saint-marcel.fr\/wp-content\/uploads\/2021\/05\/coccinelle-300x179.jpg 300w, https:\/\/mairie-saint-marcel.fr\/wp-content\/uploads\/2021\/05\/coccinelle-768x459.jpg 768w, https:\/\/mairie-saint-marcel.fr\/wp-content\/uploads\/2021\/05\/coccinelle-1536x918.jpg 1536w, https:\/\/mairie-saint-marcel.fr\/wp-content\/uploads\/2021\/05\/coccinelle-140x84.jpg 140w, https:\/\/mairie-saint-marcel.fr\/wp-content\/uploads\/2021\/05\/coccinelle.jpg 1828w\" sizes=\"auto, (max-width: 1024px) 100vw, 1024px\" \/><\/figure>\n<\/div>\n\n\n<p><\/p>\n\n\n\n<p><\/p>\n\n\n\n<p><\/p>\n","protected":false},"excerpt":{"rendered":"<p>T\u00e9l\u00e9phone : 04 72 26 40 45 Dossier d&rsquo;inscription scolaire 2026-2027 (\u00e0 remettre \u00e0 l&rsquo;accueil de la Mairie du lundi 12 janvier au vendredi 24 avril 2026) Adresse de l&rsquo;\u00e9cole&hellip;<\/p>\n","protected":false},"author":3,"featured_media":0,"parent":0,"menu_order":0,"comment_status":"closed","ping_status":"closed","template":"","meta":{"footnotes":""},"class_list":["post-458","page","type-page","status-publish","hentry"],"_links":{"self":[{"href":"https:\/\/mairie-saint-marcel.fr\/index.php?rest_route=\/wp\/v2\/pages\/458","targetHints":{"allow":["GET"]}}],"collection":[{"href":"https:\/\/mairie-saint-marcel.fr\/index.php?rest_route=\/wp\/v2\/pages"}],"about":[{"href":"https:\/\/mairie-saint-marcel.fr\/index.php?rest_route=\/wp\/v2\/types\/page"}],"author":[{"embeddable":true,"href":"https:\/\/mairie-saint-marcel.fr\/index.php?rest_route=\/wp\/v2\/users\/3"}],"replies":[{"embeddable":true,"href":"https:\/\/mairie-saint-marcel.fr\/index.php?rest_route=%2Fwp%2Fv2%2Fcomments&post=458"}],"version-history":[{"count":47,"href":"https:\/\/mairie-saint-marcel.fr\/index.php?rest_route=\/wp\/v2\/pages\/458\/revisions"}],"predecessor-version":[{"id":3670,"href":"https:\/\/mairie-saint-marcel.fr\/index.php?rest_route=\/wp\/v2\/pages\/458\/revisions\/3670"}],"wp:attachment":[{"href":"https:\/\/mairie-saint-marcel.fr\/index.php?rest_route=%2Fwp%2Fv2%2Fmedia&parent=458"}],"curies":[{"name":"wp","href":"https:\/\/api.w.org\/{rel}","templated":true}]}}