{"id":518,"date":"2021-01-19T19:06:44","date_gmt":"2021-01-19T18:06:44","guid":{"rendered":"http:\/\/mairie-saint-marcel.fr\/?page_id=518"},"modified":"2025-01-18T10:07:21","modified_gmt":"2025-01-18T09:07:21","slug":"environnement-recyclage","status":"publish","type":"page","link":"https:\/\/mairie-saint-marcel.fr\/?page_id=518","title":{"rendered":"Environnement &#038; recyclage"},"content":{"rendered":"\n<p><\/p>\n\n\n<div class=\"wp-block-image is-style-rounded\">\n<figure class=\"alignleft size-large is-resized\"><img loading=\"lazy\" decoding=\"async\" width=\"507\" height=\"380\" src=\"https:\/\/mairie-saint-marcel.fr\/wp-content\/uploads\/2021\/01\/eboueur2.jpg\" alt=\"\" class=\"wp-image-519\" style=\"aspect-ratio:1.342281879194631;width:234px;height:auto\" srcset=\"https:\/\/mairie-saint-marcel.fr\/wp-content\/uploads\/2021\/01\/eboueur2.jpg 507w, https:\/\/mairie-saint-marcel.fr\/wp-content\/uploads\/2021\/01\/eboueur2-300x225.jpg 300w, https:\/\/mairie-saint-marcel.fr\/wp-content\/uploads\/2021\/01\/eboueur2-140x105.jpg 140w\" sizes=\"auto, (max-width: 507px) 100vw, 507px\" \/><\/figure>\n<\/div>\n\n\n<p>Depuis le <a href=\"https:\/\/mairie-saint-marcel.fr\/images\/Dechets\/courrier_2023.pdf?_t=1695194351\" data-type=\"URL\" data-id=\"https:\/\/mairie-saint-marcel.fr\/images\/Dechets\/courrier_2023.pdf?_t=1695194351\" target=\"_blank\" rel=\"noreferrer noopener\"><strong>1er juillet 2023<\/strong><\/a> : <\/p>\n\n\n\n<ul class=\"wp-block-list\">\n<li>Dans le centre-ville :  les ordures m\u00e9nag\u00e8res et les bacs jaunes seront ramass\u00e9s chaque semaine, les lundis.<\/li>\n\n\n\n<li>Dans les \u00e9carts : Maisonnettes, Courbon&#8230;, les collectes des ordures m\u00e9nag\u00e8res et des bacs\/sacs jaunes auront lieu, le m\u00eame jour, <strong>les lundis mais en semaine impaire<\/strong>. Vous trouverez <a href=\"https:\/\/mairie-saint-marcel.fr\/images\/Dechets\/planning_2025.pdf?_t=1695193987\" data-type=\"URL\" data-id=\"https:\/\/mairie-saint-marcel.fr\/images\/Dechets\/planning_2023.pdf?_t=1695193987\" target=\"_blank\" rel=\"noreferrer noopener\">ici<\/a> le planning 2025.<br><\/li>\n<\/ul>\n\n\n\n<p><mark style=\"background-color:rgba(0, 0, 0, 0)\" class=\"has-inline-color has-vivid-red-color\">RAPPEL &#8211;&gt; au 1er janvier 2025 :<\/mark><\/p>\n\n\n\n<p><mark style=\"background-color:rgba(0, 0, 0, 0)\" class=\"has-inline-color has-vivid-red-color\"><strong>Les sacs jaunes ne sont plus du tout collect\u00e9s<\/strong> sur le territoire de la Communaut\u00e9 de Communes de la Dombes et les usagers ont l&rsquo;obligation d&rsquo;\u00eatre \u00e9quip\u00e9s de bacs jaunes pour b\u00e9n\u00e9ficier de ce service.<\/mark><\/p>\n\n\n\n<p><mark style=\"background-color:rgba(0, 0, 0, 0)\" class=\"has-inline-color has-vivid-red-color\">Tous les emballages et papiers doivent imp\u00e9rativement \u00eatre <strong>mis EN VRAC dans le bac jaune <\/strong>et non dans des sacs (m\u00eames jaunes) conform\u00e9ment aux <\/mark><a href=\"http:\/\/mairie-saint-marcel.fr\/wp-content\/uploads\/2024\/01\/Consignes_tri.pdf\" data-type=\"URL\" data-id=\"mairie-saint-marcel.fr\/wp-content\/uploads\/2024\/01\/Consignes_tri.pdf\" target=\"_blank\" rel=\"noreferrer noopener\">consignes de tri pour bacs jaunes<\/a>.<\/p>\n\n\n\n<p><strong><mark style=\"background-color:rgba(0, 0, 0, 0)\" class=\"has-inline-color has-vivid-red-color\">En cas de non-respect, les poubelles ne seront pas ramass\u00e9es.<\/mark><\/strong><\/p>\n\n\n\n<p>Redevance incitative : <a href=\"http:\/\/mairie-saint-marcel.fr\/wp-content\/uploads\/2025\/01\/tarifs_ri_2025.pdf\" data-type=\"URL\" data-id=\"mairie-saint-marcel.fr\/wp-content\/uploads\/2024\/01\/tarifs_ri_2024.pdf\" target=\"_blank\" rel=\"noreferrer noopener\">Tarifs au 1er janvier 2025<\/a><\/p>\n\n\n\n<p><a href=\"http:\/\/mairie-saint-marcel.fr\/wp-content\/uploads\/2025\/01\/Inscription_service_dechets.pdf\" data-type=\"URL\" data-id=\"mairie-saint-marcel.fr\/wp-content\/uploads\/2024\/01\/Inscription_service_dechets.pdf\" target=\"_blank\" rel=\"noreferrer noopener\">Inscription\/R\u00e9siliation Service d\u00e9chets<\/a><\/p>\n\n\n<p><strong><span class=\"has-inline-color has-light-green-cyan-color\">D\u00e9chetteries:<\/span><\/strong> Depuis Saint-Marcel, les deux d\u00e9chetteries les plus proches sont:<\/p>\n<ul>\n<li><a href=\"https:\/\/goo.gl\/maps\/urfxLa3e9jjwAJj66\" target=\"_blank\" rel=\"noreferrer noopener\">Saint-Andr\u00e9-de-Corcy <\/a><\/li>\n<li><a href=\"https:\/\/goo.gl\/maps\/uB57H7AsTq8JtUrt8\" target=\"_blank\" rel=\"noreferrer noopener\">Villars les dombes<\/a><\/li>\n<\/ul>\n<p>Vous devez avoir un badge (<a href=\"https:\/\/mairie-saint-marcel.fr\/wp-content\/uploads\/2025\/01\/formulaire_acces_decheterie.pdf\">formulaire de demande<\/a>) pour y acc\u00e9der.<br \/>Retrouvez les horaires <a href=\"http:\/\/mairie-saint-marcel.fr\/wp-content\/uploads\/2024\/01\/horaires_2024.pdf\" target=\"_blank\" rel=\"noreferrer noopener\">ici<\/a><\/p>\n<p><a href=\"http:\/\/mairie-saint-marcel.fr\/wp-content\/uploads\/2025\/01\/bdc_bac_om.pdf\" target=\"_blank\" rel=\"noopener\">Bon de commande &#8211; Bacs \u00e0 ordures m\u00e9nag\u00e8res<\/a><\/p>\n\n\n<p><a href=\"http:\/\/mairie-saint-marcel.fr\/wp-content\/uploads\/2025\/01\/bdc_composteur_bac_tri.pdf\" data-type=\"URL\" data-id=\"http:\/\/mairie-saint-marcel.fr\/wp-content\/uploads\/2024\/01\/bdc_composteur_bac_tri.pdf\" target=\"_blank\" rel=\"noreferrer noopener\">Bon de commande &#8211; Composteur et bac de tri<\/a><\/p>\n\n\n\n<p><strong><mark style=\"background-color:rgba(0, 0, 0, 0)\" class=\"has-inline-color has-luminous-vivid-orange-color\">Recyclez!<\/mark><\/strong> <\/p>\n\n\n\n<p><\/p>\n\n\n<p>Consignes:<\/p>\n<ul>\n<li><a href=\"https:\/\/www.ccdombes.fr\/wp-content\/uploads\/2020\/12\/CONSIGNES-DE-TRI-Triple-flux.pdf\" target=\"_blank\" rel=\"noreferrer noopener\">Globale<\/a><\/li>\n<li><a href=\"https:\/\/www.ccdombes.fr\/wp-content\/uploads\/2020\/12\/CONSIGNES-DE-TRI-Emballages.pdf\" target=\"_blank\" rel=\"noreferrer noopener\">Les emballages<\/a><\/li>\n<li><a href=\"https:\/\/www.ccdombes.fr\/wp-content\/uploads\/2020\/12\/CONSIGNES-DE-TRI-Papiers.pdf\" target=\"_blank\" rel=\"noreferrer noopener\">Les papiers<\/a><\/li>\n<li><a href=\"https:\/\/www.ccdombes.fr\/wp-content\/uploads\/2020\/12\/CONSIGNES-DE-TRI-Verre.pdf\" target=\"_blank\" rel=\"noreferrer noopener\">Les verres<\/a><\/li>\n<\/ul>\n<p><a href=\"https:\/\/www.monservicedechets.com\/CC-de-la-Dombes\/Particulier\" target=\"_blank\" rel=\"noreferrer noopener\">Pour en savoir plus avec Suez<\/a> <a href=\"https:\/\/www.ccdombes.fr\/vivre\/service-dechets\/dechets\/\" target=\"_blank\" rel=\"noreferrer noopener\">Pour en savoir plus avec la communaut\u00e9 de communes<\/a><\/p>\n\n\n<p><strong><mark style=\"background-color:rgba(0, 0, 0, 0)\" class=\"has-inline-color has-vivid-green-cyan-color\">La redevance incitative est en place depuis le 1<sup>ier<\/sup> Janvier 2021.<\/mark><\/strong><\/p>\n","protected":false},"excerpt":{"rendered":"<p>Depuis le 1er juillet 2023 : RAPPEL &#8211;&gt; au 1er janvier 2025 : Les sacs jaunes ne sont plus du tout collect\u00e9s sur le territoire de la Communaut\u00e9 de Communes&hellip;<\/p>\n","protected":false},"author":3,"featured_media":0,"parent":0,"menu_order":0,"comment_status":"closed","ping_status":"closed","template":"","meta":{"footnotes":""},"class_list":["post-518","page","type-page","status-publish","hentry"],"_links":{"self":[{"href":"https:\/\/mairie-saint-marcel.fr\/index.php?rest_route=\/wp\/v2\/pages\/518","targetHints":{"allow":["GET"]}}],"collection":[{"href":"https:\/\/mairie-saint-marcel.fr\/index.php?rest_route=\/wp\/v2\/pages"}],"about":[{"href":"https:\/\/mairie-saint-marcel.fr\/index.php?rest_route=\/wp\/v2\/types\/page"}],"author":[{"embeddable":true,"href":"https:\/\/mairie-saint-marcel.fr\/index.php?rest_route=\/wp\/v2\/users\/3"}],"replies":[{"embeddable":true,"href":"https:\/\/mairie-saint-marcel.fr\/index.php?rest_route=%2Fwp%2Fv2%2Fcomments&post=518"}],"version-history":[{"count":61,"href":"https:\/\/mairie-saint-marcel.fr\/index.php?rest_route=\/wp\/v2\/pages\/518\/revisions"}],"predecessor-version":[{"id":3062,"href":"https:\/\/mairie-saint-marcel.fr\/index.php?rest_route=\/wp\/v2\/pages\/518\/revisions\/3062"}],"wp:attachment":[{"href":"https:\/\/mairie-saint-marcel.fr\/index.php?rest_route=%2Fwp%2Fv2%2Fmedia&parent=518"}],"curies":[{"name":"wp","href":"https:\/\/api.w.org\/{rel}","templated":true}]}}