{"id":544,"date":"2021-01-19T21:25:01","date_gmt":"2021-01-19T20:25:01","guid":{"rendered":"http:\/\/mairie-saint-marcel.fr\/?page_id=544"},"modified":"2026-04-04T10:57:09","modified_gmt":"2026-04-04T09:57:09","slug":"demarches-administratives","status":"publish","type":"page","link":"https:\/\/mairie-saint-marcel.fr\/?page_id=544","title":{"rendered":"D\u00e9marches administratives"},"content":{"rendered":"\n<h2 class=\"wp-block-heading\">Etat-civil (naissance, union, d\u00e9c\u00e8s)<\/h2>\n\n\n\n<ul class=\"wp-block-list\">\n<li><a href=\"https:\/\/mairie-saint-marcel.fr\/?page_id=561\">Demander un acte (de naissance, de mariage, de d\u00e9c\u00e8s)<\/a><\/li>\n\n\n\n<li><a href=\"https:\/\/mairie-saint-marcel.fr\/?page_id=566\">Mariage, Pacs et concubinage<\/a><\/li>\n\n\n\n<li><a href=\"https:\/\/mairie-saint-marcel.fr\/?page_id=587\">D\u00e9clarer une naissance<\/a><\/li>\n\n\n\n<li><a href=\"https:\/\/mairie-saint-marcel.fr\/?page_id=591\">Reconna\u00eetre un enfant<\/a><\/li>\n\n\n\n<li><a href=\"https:\/\/mairie-saint-marcel.fr\/?page_id=607\">Bapt\u00eame r\u00e9publicain<\/a><\/li>\n\n\n\n<li><a href=\"https:\/\/mairie-saint-marcel.fr\/?page_id=595\">Livrets de famille<\/a><\/li>\n\n\n\n<li><a href=\"https:\/\/mairie-saint-marcel.fr\/?page_id=599\">D\u00e9clarer un d\u00e9c\u00e8s<\/a><\/li>\n\n\n\n<li><a href=\"https:\/\/mairie-saint-marcel.fr\/?page_id=603\">Changer de pr\u00e9nom ou de nom<\/a><\/li>\n<\/ul>\n\n\n\n<h2 class=\"wp-block-heading\">Carte d&rsquo;identit\u00e9 &amp; Passeport (non disponible en Mairie de Saint-Marcel)<\/h2>\n\n\n\n<ul class=\"wp-block-list\">\n<li><a href=\"https:\/\/mairie-saint-marcel.fr\/?page_id=548\">S&rsquo;informer et prendre rendez-vous (carte d&rsquo;identit\u00e9 ou passeport)<\/a><\/li>\n<\/ul>\n\n\n\n<h2 class=\"wp-block-heading\">Elections &#8211; Citoyennet\u00e9<\/h2>\n\n\n\n<ul class=\"wp-block-list\">\n<li><a href=\"https:\/\/mairie-saint-marcel.fr\/?page_id=553\">S&rsquo;inscrire sur les listes \u00e9lectorales<\/a><\/li>\n\n\n\n<li><a href=\"https:\/\/mairie-saint-marcel.fr\/?page_id=556\">Faire son recensement citoyen<\/a> <strong><span class=\"has-inline-color has-vivid-red-color\">(Obligatoire \u00e0 partir de 16 ans)<\/span><\/strong><\/li>\n<\/ul>\n\n\n\n<h2 class=\"wp-block-heading\">L\u00e9galisation de signature<\/h2>\n\n\n\n<ul class=\"wp-block-list\">\n<li><a href=\"https:\/\/mairie-saint-marcel.fr\/?page_id=2029\" data-type=\"page\">Proc\u00e9dure<\/a><\/li>\n<\/ul>\n\n\n\n<h2 class=\"wp-block-heading\">Demande d&rsquo;autorisation de d\u00e9bit de boisson<\/h2>\n\n\n\n<ul class=\"wp-block-list\">\n<li><a href=\"\/images\/divers\/debit_de_boisson.pdf\" target=\"_blank\" rel=\"noreferrer noopener\">Formulaire de demande d&rsquo;autorisation de d\u00e9bit de boisson<\/a><\/li>\n<\/ul>\n\n\n\n<h2 class=\"wp-block-heading\">Demande de pr\u00eat de mat\u00e9riel<\/h2>\n\n\n\n<ul class=\"wp-block-list\">\n<li><a href=\"\/images\/divers\/demande_de_pret_de_materiel.pdf\" target=\"_blank\" rel=\"noreferrer noopener\">Formulaire de demande de pr\u00eat de mat\u00e9riel<\/a><\/li>\n<\/ul>\n\n\n\n<h2 class=\"wp-block-heading\">Demande d&rsquo;autorisation de voirie \/ Stationnement<\/h2>\n\n\n\n<ul class=\"wp-block-list\">\n<li><a href=\"https:\/\/entreprendre.service-public.gouv.fr\/vosdroits\/R17000\" target=\"_blank\" rel=\"noreferrer noopener\">Formulaire de demande de permission ou d\u2019autorisation de voirie, de permis de stationnement, ou d\u2019autorisation d\u2019entreprendre des travaux<\/a><\/li>\n<\/ul>\n\n\n\n<h2 class=\"wp-block-heading\">Demande d&rsquo;organisation d&rsquo;un \u00e9v\u00e9nement<\/h2>\n\n\n\n<ul class=\"wp-block-list\">\n<li><a href=\"\/images\/divers\/prefecture_ain_fiche_recapitulative2025.pdf\" target=\"_blank\" rel=\"noreferrer noopener\">Fiche r\u00e9capitulative relative \u00e0 l&rsquo;organisation d&rsquo;un \u00e9v\u00e9nement ou d&rsquo;une manifestation<\/a><\/li>\n<\/ul>\n\n\n\n<p><\/p>\n","protected":false},"excerpt":{"rendered":"<p>Etat-civil (naissance, union, d\u00e9c\u00e8s) Carte d&rsquo;identit\u00e9 &amp; Passeport (non disponible en Mairie de Saint-Marcel) Elections &#8211; Citoyennet\u00e9 L\u00e9galisation de signature Demande d&rsquo;autorisation de d\u00e9bit de boisson Demande de pr\u00eat de&hellip;<\/p>\n","protected":false},"author":3,"featured_media":0,"parent":0,"menu_order":0,"comment_status":"closed","ping_status":"closed","template":"","meta":{"footnotes":""},"class_list":["post-544","page","type-page","status-publish","hentry"],"_links":{"self":[{"href":"https:\/\/mairie-saint-marcel.fr\/index.php?rest_route=\/wp\/v2\/pages\/544","targetHints":{"allow":["GET"]}}],"collection":[{"href":"https:\/\/mairie-saint-marcel.fr\/index.php?rest_route=\/wp\/v2\/pages"}],"about":[{"href":"https:\/\/mairie-saint-marcel.fr\/index.php?rest_route=\/wp\/v2\/types\/page"}],"author":[{"embeddable":true,"href":"https:\/\/mairie-saint-marcel.fr\/index.php?rest_route=\/wp\/v2\/users\/3"}],"replies":[{"embeddable":true,"href":"https:\/\/mairie-saint-marcel.fr\/index.php?rest_route=%2Fwp%2Fv2%2Fcomments&post=544"}],"version-history":[{"count":29,"href":"https:\/\/mairie-saint-marcel.fr\/index.php?rest_route=\/wp\/v2\/pages\/544\/revisions"}],"predecessor-version":[{"id":3882,"href":"https:\/\/mairie-saint-marcel.fr\/index.php?rest_route=\/wp\/v2\/pages\/544\/revisions\/3882"}],"wp:attachment":[{"href":"https:\/\/mairie-saint-marcel.fr\/index.php?rest_route=%2Fwp%2Fv2%2Fmedia&parent=544"}],"curies":[{"name":"wp","href":"https:\/\/api.w.org\/{rel}","templated":true}]}}