{"id":553,"date":"2021-01-19T21:08:48","date_gmt":"2021-01-19T20:08:48","guid":{"rendered":"http:\/\/mairie-saint-marcel.fr\/?page_id=553"},"modified":"2021-01-19T21:08:48","modified_gmt":"2021-01-19T20:08:48","slug":"inscription-liste-electorale","status":"publish","type":"page","link":"https:\/\/mairie-saint-marcel.fr\/?page_id=553","title":{"rendered":"Inscription liste \u00e9lectorale"},"content":{"rendered":"\n<div class=\"wp-block-columns are-vertically-aligned-center is-layout-flex wp-container-core-columns-is-layout-9d6595d7 wp-block-columns-is-layout-flex\">\n<div class=\"wp-block-column is-vertically-aligned-center is-layout-flow wp-block-column-is-layout-flow\" style=\"flex-basis:100%\">\n<figure class=\"wp-block-image size-large is-resized\"><img loading=\"lazy\" decoding=\"async\" src=\"https:\/\/mairie-saint-marcel.fr\/wp-content\/uploads\/2021\/01\/Liste20electorale.jpg\" alt=\"\" class=\"wp-image-554\" width=\"297\" height=\"183\" srcset=\"https:\/\/mairie-saint-marcel.fr\/wp-content\/uploads\/2021\/01\/Liste20electorale.jpg 615w, https:\/\/mairie-saint-marcel.fr\/wp-content\/uploads\/2021\/01\/Liste20electorale-300x185.jpg 300w, https:\/\/mairie-saint-marcel.fr\/wp-content\/uploads\/2021\/01\/Liste20electorale-140x87.jpg 140w\" sizes=\"auto, (max-width: 297px) 100vw, 297px\" \/><\/figure>\n<\/div>\n<\/div>\n\n\n\n<p><strong>Vous souhaitez v\u00e9rifier si vous \u00eates inscrit sur les listes \u00e9lectorales, et conna\u00eetre votre bureau de vote ?<\/strong><br><a rel=\"noreferrer noopener\" href=\"https:\/\/www.service-public.fr\/particuliers\/vosdroits\/services-en-ligne-et-formulaires\/ISE\" target=\"_blank\">>> Consultez le site service-public.fr<\/a><\/p>\n\n\n\n<p>Toutes&nbsp;les Fran\u00e7aises et Fran\u00e7ais&nbsp;majeurs jouissant de leurs droits civils et politiques et qui ne sont pas d\u00e9j\u00e0 inscrits sur une liste \u00e9lectorale ou qui ont chang\u00e9 de commune de r\u00e9sidence doivent solliciter leur inscription.<\/p>\n\n\n\n<p>Les ressortissants des autres \u00c9tats membres de l\u2019Union europ\u00e9enne peuvent demander \u00e0 \u00eatre inscrits sur les listes \u00e9lectorales compl\u00e9mentaires&nbsp;municipales ou europ\u00e9ennes.<\/p>\n\n\n\n<p>Cette d\u00e9marche s&rsquo;adresse aux citoyens fran\u00e7ais \u00e2g\u00e9s de 18 ans r\u00e9volus et aux citoyens ressortissants de l&rsquo;Union europ\u00e9enne.<br><strong>Elle concerne :<\/strong><\/p>\n\n\n\n<ul class=\"wp-block-list\"><li>Les demandes de premi\u00e8re inscription<\/li><li>Les demandes d&rsquo;inscription en cas de d\u00e9m\u00e9nagement au sein d&rsquo;une m\u00eame commune<\/li><li>Les demandes d&rsquo;inscription en cas de changement de commune d&rsquo;inscription<\/li><\/ul>\n\n\n\n<p>La demande d\u2019inscription peut \u00eatre d\u00e9pos\u00e9e tout au long de l&rsquo;ann\u00e9e et au plus tard le 6e vendredi pr\u00e9c\u00e9dant le premier tour d&rsquo;un scrutin pour pouvoir voter \u00e0 celui-ci.<br>&nbsp;<\/p>\n\n\n\n<p><strong>Avec quels documents ?<\/strong><\/p>\n\n\n\n<ul class=\"wp-block-list\"><li>Mon titre d&rsquo;identit\u00e9 en cours de validit\u00e9 (ou p\u00e9rim\u00e9 depuis moins de 5 ans si je suis Fran\u00e7ais\u2022e).<\/li><li>Un justificatif de domicile de moins de 3 mois \u00e0 mon nom : quittance de loyer ou facture d&rsquo;\u00e9lectricit\u00e9, de gaz ou de t\u00e9l\u00e9phone fixe, ou r\u00f4le des contributions directes communales (deux\u00a0derni\u00e8res ann\u00e9es cons\u00e9cutives).<\/li><li>Comment effectuer ma d\u00e9marche ?<ul><li><strong>Soit par internet\u00a0<\/strong>via le site\u00a0<a rel=\"noreferrer noopener\" href=\"http:\/\/www.service-public.fr\/\" target=\"_blank\">service-public.fr<\/a>. Pour r\u00e9aliser la d\u00e9marche, je devrais poss\u00e9der un compte sur ce site officiel et disposer de mes pi\u00e8ces justificatives en version scann\u00e9e.<\/li><\/ul><ul><li><strong>Soit je me pr\u00e9sente \u00e0 la mairie <\/strong>muni des justificatifs demand\u00e9s.<\/li><\/ul><\/li><\/ul>\n\n\n\n<p><strong>> \u00c9lecteur fran\u00e7ais<\/strong>\u00a0(\u00e0 t\u00e9l\u00e9charger et imprimer) : <\/p>\n\n\n\n<p>Formulaire\u00a0<a rel=\"noreferrer noopener\" href=\"https:\/\/www.service-public.fr\/particuliers\/vosdroits\/R16024\" target=\"_blank\">Cerfa n\u00b012669*02<\/a>\u00a0de demande d&rsquo;inscription<\/p>\n\n\n\n<p><strong>> \u00c9lecteur europ\u00e9en<\/strong>\u00a0(\u00e0 t\u00e9l\u00e9charger et imprimer) : <\/p>\n\n\n\n<p>Formulaire<a rel=\"noreferrer noopener\" href=\"https:\/\/www.service-public.fr\/particuliers\/vosdroits\/R16025\" target=\"_blank\">\u00a0Cerfa n\u00b012671*02<\/a>\u00a0de demande d&rsquo;inscription et\/ou Formulaire\u00a0<a rel=\"noreferrer noopener\" href=\"https:\/\/www.service-public.fr\/particuliers\/vosdroits\/R16026\" target=\"_blank\">Cerfa n\u00b012670*02<\/a>\u00a0de demande d&rsquo;inscription<\/p>\n","protected":false},"excerpt":{"rendered":"<p>Vous souhaitez v\u00e9rifier si vous \u00eates inscrit sur les listes \u00e9lectorales, et conna\u00eetre votre bureau de vote ?>> Consultez le site service-public.fr Toutes&nbsp;les Fran\u00e7aises et Fran\u00e7ais&nbsp;majeurs jouissant de leurs droits&hellip;<\/p>\n","protected":false},"author":3,"featured_media":0,"parent":0,"menu_order":0,"comment_status":"closed","ping_status":"closed","template":"","meta":{"footnotes":""},"class_list":["post-553","page","type-page","status-publish","hentry"],"_links":{"self":[{"href":"https:\/\/mairie-saint-marcel.fr\/index.php?rest_route=\/wp\/v2\/pages\/553","targetHints":{"allow":["GET"]}}],"collection":[{"href":"https:\/\/mairie-saint-marcel.fr\/index.php?rest_route=\/wp\/v2\/pages"}],"about":[{"href":"https:\/\/mairie-saint-marcel.fr\/index.php?rest_route=\/wp\/v2\/types\/page"}],"author":[{"embeddable":true,"href":"https:\/\/mairie-saint-marcel.fr\/index.php?rest_route=\/wp\/v2\/users\/3"}],"replies":[{"embeddable":true,"href":"https:\/\/mairie-saint-marcel.fr\/index.php?rest_route=%2Fwp%2Fv2%2Fcomments&post=553"}],"version-history":[{"count":1,"href":"https:\/\/mairie-saint-marcel.fr\/index.php?rest_route=\/wp\/v2\/pages\/553\/revisions"}],"predecessor-version":[{"id":555,"href":"https:\/\/mairie-saint-marcel.fr\/index.php?rest_route=\/wp\/v2\/pages\/553\/revisions\/555"}],"wp:attachment":[{"href":"https:\/\/mairie-saint-marcel.fr\/index.php?rest_route=%2Fwp%2Fv2%2Fmedia&parent=553"}],"curies":[{"name":"wp","href":"https:\/\/api.w.org\/{rel}","templated":true}]}}