{"id":595,"date":"2021-01-20T21:25:01","date_gmt":"2021-01-20T20:25:01","guid":{"rendered":"http:\/\/mairie-saint-marcel.fr\/?page_id=595"},"modified":"2023-01-20T13:48:44","modified_gmt":"2023-01-20T12:48:44","slug":"livrets-de-famille","status":"publish","type":"page","link":"https:\/\/mairie-saint-marcel.fr\/?page_id=595","title":{"rendered":"Livrets de famille"},"content":{"rendered":"\n<h2 class=\"wp-block-heading\">Demander un duplicata de <a href=\"https:\/\/www.service-public.fr\/particuliers\/vosdroits\/N31784\">livret de famille<\/a><\/h2>\n\n\n<div class=\"wp-block-image\">\n<figure class=\"aligncenter size-large is-resized\"><img loading=\"lazy\" decoding=\"async\" src=\"http:\/\/mairie-saint-marcel.fr\/wp-content\/uploads\/2021\/01\/Livret_de_famille_francais.jpg\" alt=\"\" class=\"wp-image-562\" width=\"77\" height=\"154\" srcset=\"https:\/\/mairie-saint-marcel.fr\/wp-content\/uploads\/2021\/01\/Livret_de_famille_francais.jpg 220w, https:\/\/mairie-saint-marcel.fr\/wp-content\/uploads\/2021\/01\/Livret_de_famille_francais-150x300.jpg 150w, https:\/\/mairie-saint-marcel.fr\/wp-content\/uploads\/2021\/01\/Livret_de_famille_francais-120x240.jpg 120w\" sizes=\"auto, (max-width: 77px) 100vw, 77px\" \/><\/figure>\n<\/div>\n\n\n<p>Parce que je l&rsquo;ai perdu, qu&rsquo;on me l&rsquo;a vol\u00e9 ou parce que j&rsquo;ai divorc\u00e9, je souhaite un deuxi\u00e8me livret de famille.<\/p>\n\n\n\n<p>Ce document me sert \u00e0 justifier ma situation familiale et \u00e0 faire \u00e9tablir certains documents (carte d&rsquo;identit\u00e9, passeport etc\u2026). Il m&rsquo;est remis automatiquement lors de mon mariage et sous certaines conditions \u00e0 l&rsquo;occasion de la naissance de mon enfant si je ne suis pas mari\u00e9.<\/p>\n\n\n\n<p><strong>Documents n\u00e9cessaires :<\/strong><\/p>\n\n\n\n<ul class=\"wp-block-list\">\n<li>Pi\u00e8ce d&rsquo;identit\u00e9<\/li>\n\n\n\n<li>Justificatif de domicile (titre de propri\u00e9t\u00e9, bail, avis d\u2019imposition, quittance EDF ou autres)<\/li>\n\n\n\n<li>Copie int\u00e9grale de l&rsquo;acte de naissance de tous les membres de la famille<\/li>\n\n\n\n<li>Pour une perte : fournir une attestation de perte sur l\u2019honneur<\/li>\n\n\n\n<li>Pour un vol : fournir une d\u00e9claration de vol (effectu\u00e9e au pr\u00e9alable au commissariat)<\/li>\n\n\n\n<li>Pour une mise \u00e0 jour : le livret de famille \u00e0 mettre \u00e0 jour<\/li>\n\n\n\n<li>Apr\u00e8s un divorce : fournir le jugement de divorce et le certificat de non appel (ou \u00a0\u00bb l&rsquo;acte d\u2019acquiescement\u201d) ou l\u2019acte de mariage portant mention du divorce<\/li>\n<\/ul>\n\n\n\n<p><strong>Le d\u00e9lai de d\u00e9livrance du duplicata peut-\u00eatre variable selon le type de demande.<\/strong><\/p>\n","protected":false},"excerpt":{"rendered":"<p>Demander un duplicata de livret de famille Parce que je l&rsquo;ai perdu, qu&rsquo;on me l&rsquo;a vol\u00e9 ou parce que j&rsquo;ai divorc\u00e9, je souhaite un deuxi\u00e8me livret de famille. Ce document&hellip;<\/p>\n","protected":false},"author":3,"featured_media":0,"parent":0,"menu_order":0,"comment_status":"closed","ping_status":"closed","template":"","meta":{"footnotes":""},"class_list":["post-595","page","type-page","status-publish","hentry"],"_links":{"self":[{"href":"https:\/\/mairie-saint-marcel.fr\/index.php?rest_route=\/wp\/v2\/pages\/595","targetHints":{"allow":["GET"]}}],"collection":[{"href":"https:\/\/mairie-saint-marcel.fr\/index.php?rest_route=\/wp\/v2\/pages"}],"about":[{"href":"https:\/\/mairie-saint-marcel.fr\/index.php?rest_route=\/wp\/v2\/types\/page"}],"author":[{"embeddable":true,"href":"https:\/\/mairie-saint-marcel.fr\/index.php?rest_route=\/wp\/v2\/users\/3"}],"replies":[{"embeddable":true,"href":"https:\/\/mairie-saint-marcel.fr\/index.php?rest_route=%2Fwp%2Fv2%2Fcomments&post=595"}],"version-history":[{"count":4,"href":"https:\/\/mairie-saint-marcel.fr\/index.php?rest_route=\/wp\/v2\/pages\/595\/revisions"}],"predecessor-version":[{"id":1985,"href":"https:\/\/mairie-saint-marcel.fr\/index.php?rest_route=\/wp\/v2\/pages\/595\/revisions\/1985"}],"wp:attachment":[{"href":"https:\/\/mairie-saint-marcel.fr\/index.php?rest_route=%2Fwp%2Fv2%2Fmedia&parent=595"}],"curies":[{"name":"wp","href":"https:\/\/api.w.org\/{rel}","templated":true}]}}