{"id":603,"date":"2021-01-20T21:38:23","date_gmt":"2021-01-20T20:38:23","guid":{"rendered":"http:\/\/mairie-saint-marcel.fr\/?page_id=603"},"modified":"2025-06-14T08:14:21","modified_gmt":"2025-06-14T07:14:21","slug":"changer-de-prenom-ou-nom","status":"publish","type":"page","link":"https:\/\/mairie-saint-marcel.fr\/?page_id=603","title":{"rendered":"Changer de pr\u00e9nom ou nom"},"content":{"rendered":"<div class=\"wp-block-image\">\n<figure class=\"aligncenter size-large is-resized\"><img loading=\"lazy\" decoding=\"async\" width=\"300\" height=\"300\" src=\"https:\/\/mairie-saint-marcel.fr\/wp-content\/uploads\/2021\/01\/changementnomprenom.png\" alt=\"\" class=\"wp-image-604\" style=\"width:230px;height:230px\" srcset=\"https:\/\/mairie-saint-marcel.fr\/wp-content\/uploads\/2021\/01\/changementnomprenom.png 300w, https:\/\/mairie-saint-marcel.fr\/wp-content\/uploads\/2021\/01\/changementnomprenom-150x150.png 150w, https:\/\/mairie-saint-marcel.fr\/wp-content\/uploads\/2021\/01\/changementnomprenom-140x140.png 140w\" sizes=\"auto, (max-width: 300px) 100vw, 300px\" \/><\/figure>\n<\/div>\n\n\n<h4 class=\"wp-block-heading\"><strong>Je veux changer de pr\u00e9nom.<\/strong><\/h4>\n\n\n\n<p>Vous pouvez demander \u00e0 changer de pr\u00e9nom si vous estimez avoir un int\u00e9r\u00eat l\u00e9gitime (par exemple que votre pr\u00e9nom vous porte pr\u00e9judice).<\/p>\n\n\n\n<p>Vous trouverez sur le site de&nbsp;<a href=\"https:\/\/www.service-public.fr\/particuliers\/vosdroits\/F885\">service public.fr<\/a>&nbsp;tous les renseignements n\u00e9cessaires \u00e0 cette d\u00e9marche ainsi que les justificatifs n\u00e9cessaires. Les justificatifs doivent \u00eatre fournis en original et en photocopie.<\/p>\n\n\n\n<h4 class=\"wp-block-heading\"><strong>Je veux changer le nom de famille de mon enfant.<\/strong><\/h4>\n\n\n\n<p>Vous pouvez solliciter le changement du nom de famille de votre enfant mineur si le p\u00e8re l&rsquo;a reconnu apr\u00e8s sa d\u00e9claration de naissance.<\/p>\n\n\n\n<p>Vous trouverez sur le site de&nbsp;<a href=\"https:\/\/www.service-public.fr\/particuliers\/vosdroits\/F10506\">service-public.fr<\/a>&nbsp;tous les renseignements n\u00e9cessaires \u00e0 cette d\u00e9marche.<\/p>\n\n\n\n<p>Lors du d\u00e9p\u00f4t du dossier en guichet, les deux parents doivent \u00eatre obligatoirement pr\u00e9sents. Par ailleurs, si l\u2019enfant a plus de 13 ans, sa pr\u00e9sence est \u00e9galement requise.<\/p>\n\n\n\n<p><strong>Documents n\u00e9cessaires pour le changement de nom d&rsquo;un mineur&nbsp;<\/strong>:<\/p>\n\n\n\n<p>&#8211; D\u00e9claration conjointe de changement de nom des parents<\/p>\n\n\n\n<p>&#8211; Acte de naissance de moins de 3 mois de l\u2019enfant.<\/p>\n\n\n\n<p>&#8211; Documents d\u2019identit\u00e9 des parents + celui de l\u2019enfant (originaux et photocopies).<\/p>\n\n\n\n<p>&#8211; Justificatif de domicile des parents datant de moins de 3 mois.<\/p>\n","protected":false},"excerpt":{"rendered":"<p>Je veux changer de pr\u00e9nom. Vous pouvez demander \u00e0 changer de pr\u00e9nom si vous estimez avoir un int\u00e9r\u00eat l\u00e9gitime (par exemple que votre pr\u00e9nom vous porte pr\u00e9judice). Vous trouverez sur&hellip;<\/p>\n","protected":false},"author":3,"featured_media":0,"parent":0,"menu_order":0,"comment_status":"closed","ping_status":"closed","template":"","meta":{"footnotes":""},"class_list":["post-603","page","type-page","status-publish","hentry"],"_links":{"self":[{"href":"https:\/\/mairie-saint-marcel.fr\/index.php?rest_route=\/wp\/v2\/pages\/603","targetHints":{"allow":["GET"]}}],"collection":[{"href":"https:\/\/mairie-saint-marcel.fr\/index.php?rest_route=\/wp\/v2\/pages"}],"about":[{"href":"https:\/\/mairie-saint-marcel.fr\/index.php?rest_route=\/wp\/v2\/types\/page"}],"author":[{"embeddable":true,"href":"https:\/\/mairie-saint-marcel.fr\/index.php?rest_route=\/wp\/v2\/users\/3"}],"replies":[{"embeddable":true,"href":"https:\/\/mairie-saint-marcel.fr\/index.php?rest_route=%2Fwp%2Fv2%2Fcomments&post=603"}],"version-history":[{"count":2,"href":"https:\/\/mairie-saint-marcel.fr\/index.php?rest_route=\/wp\/v2\/pages\/603\/revisions"}],"predecessor-version":[{"id":3261,"href":"https:\/\/mairie-saint-marcel.fr\/index.php?rest_route=\/wp\/v2\/pages\/603\/revisions\/3261"}],"wp:attachment":[{"href":"https:\/\/mairie-saint-marcel.fr\/index.php?rest_route=%2Fwp%2Fv2%2Fmedia&parent=603"}],"curies":[{"name":"wp","href":"https:\/\/api.w.org\/{rel}","templated":true}]}}