{"id":616,"date":"2021-01-20T22:15:10","date_gmt":"2021-01-20T21:15:10","guid":{"rendered":"http:\/\/mairie-saint-marcel.fr\/?page_id=616"},"modified":"2025-03-06T11:29:33","modified_gmt":"2025-03-06T10:29:33","slug":"certificat-durbanisme","status":"publish","type":"page","link":"https:\/\/mairie-saint-marcel.fr\/?page_id=616","title":{"rendered":"Certificat d&rsquo;urbanisme"},"content":{"rendered":"\n<figure class=\"wp-block-image size-full\"><img loading=\"lazy\" decoding=\"async\" width=\"787\" height=\"521\" src=\"https:\/\/mairie-saint-marcel.fr\/wp-content\/uploads\/2025\/03\/image-2.png\" alt=\"\" class=\"wp-image-3118\" srcset=\"https:\/\/mairie-saint-marcel.fr\/wp-content\/uploads\/2025\/03\/image-2.png 787w, https:\/\/mairie-saint-marcel.fr\/wp-content\/uploads\/2025\/03\/image-2-300x199.png 300w, https:\/\/mairie-saint-marcel.fr\/wp-content\/uploads\/2025\/03\/image-2-768x508.png 768w, https:\/\/mairie-saint-marcel.fr\/wp-content\/uploads\/2025\/03\/image-2-140x93.png 140w\" sizes=\"auto, (max-width: 787px) 100vw, 787px\" \/><\/figure>\n\n\n\n<h2 class=\"wp-block-heading\">Dans quels cas r\u00e9aliser cette d\u00e9marche&nbsp;?<\/h2>\n\n\n\n<ul class=\"wp-block-list\">\n<li>vous souhaitez conna\u00eetre les r\u00e8gles applicables en mati\u00e8re d\u2019urbanisme sur un terrain (CUa &#8211; certificat d&rsquo;urbanisme de simple information)<\/li>\n\n\n\n<li>vous souhaitez savoir si l\u2019op\u00e9ration que vous projetez est r\u00e9alisable (CUb &#8211; certificat d&rsquo;urbanisme op\u00e9rationnel)<\/li>\n<\/ul>\n\n\n\n<h2 class=\"wp-block-heading\">Comment constituer votre dossier de demande ?<\/h2>\n\n\n\n<p>Pour que votre dossier soit complet, joignez les pi\u00e8ces dont la liste vous est fournie en annexe du <a rel=\"noreferrer noopener\" href=\"https:\/\/www.service-public.fr\/particuliers\/vosdroits\/R1970\" data-type=\"URL\" data-id=\"https:\/\/www.service-public.fr\/particuliers\/vosdroits\/R1970\" target=\"_blank\">formulaire<\/a>. S\u2019il manque des informations ou des pi\u00e8ces justificatives, cela retardera l\u2019instruction de votre dossier.<\/p>\n\n\n\n<h2 class=\"wp-block-heading\">Combien d\u2019exemplaires faut-il nous fournir ?<\/h2>\n\n\n\n<p>Vous devez fournir deux exemplaires pour les demandes de certificat d\u2019urbanisme de simple information, et op\u00e9rationnel.<\/p>\n\n\n\n<h2 class=\"wp-block-heading\">O\u00f9 d\u00e9poser la demande de certificat d\u2019urbanisme ?<\/h2>\n\n\n\n<p>La demande doit \u00eatre adress\u00e9e \u00e0 la mairie de la commune o\u00f9 se situe le terrain. L\u2019envoi en recommand\u00e9 avec avis de r\u00e9ception est conseill\u00e9. Ou via le <a href=\"https:\/\/portail.siea-sig.fr\/sve\/#\/001371\/connexion\" data-type=\"URL\" data-id=\"https:\/\/portail.siea-sig.fr\/sve\/#\/001371\/connexion\" target=\"_blank\" rel=\"noreferrer noopener\">Portail Usager Urbanisme<\/a>.<\/p>\n","protected":false},"excerpt":{"rendered":"<p>Dans quels cas r\u00e9aliser cette d\u00e9marche&nbsp;? Comment constituer votre dossier de demande ? Pour que votre dossier soit complet, joignez les pi\u00e8ces dont la liste vous est fournie en annexe&hellip;<\/p>\n","protected":false},"author":3,"featured_media":0,"parent":0,"menu_order":0,"comment_status":"closed","ping_status":"closed","template":"","meta":{"footnotes":""},"class_list":["post-616","page","type-page","status-publish","hentry"],"_links":{"self":[{"href":"https:\/\/mairie-saint-marcel.fr\/index.php?rest_route=\/wp\/v2\/pages\/616","targetHints":{"allow":["GET"]}}],"collection":[{"href":"https:\/\/mairie-saint-marcel.fr\/index.php?rest_route=\/wp\/v2\/pages"}],"about":[{"href":"https:\/\/mairie-saint-marcel.fr\/index.php?rest_route=\/wp\/v2\/types\/page"}],"author":[{"embeddable":true,"href":"https:\/\/mairie-saint-marcel.fr\/index.php?rest_route=\/wp\/v2\/users\/3"}],"replies":[{"embeddable":true,"href":"https:\/\/mairie-saint-marcel.fr\/index.php?rest_route=%2Fwp%2Fv2%2Fcomments&post=616"}],"version-history":[{"count":14,"href":"https:\/\/mairie-saint-marcel.fr\/index.php?rest_route=\/wp\/v2\/pages\/616\/revisions"}],"predecessor-version":[{"id":3121,"href":"https:\/\/mairie-saint-marcel.fr\/index.php?rest_route=\/wp\/v2\/pages\/616\/revisions\/3121"}],"wp:attachment":[{"href":"https:\/\/mairie-saint-marcel.fr\/index.php?rest_route=%2Fwp%2Fv2%2Fmedia&parent=616"}],"curies":[{"name":"wp","href":"https:\/\/api.w.org\/{rel}","templated":true}]}}