{"id":623,"date":"2021-01-20T22:24:55","date_gmt":"2021-01-20T21:24:55","guid":{"rendered":"http:\/\/mairie-saint-marcel.fr\/?page_id=623"},"modified":"2026-02-13T11:31:22","modified_gmt":"2026-02-13T10:31:22","slug":"permis-de-construire","status":"publish","type":"page","link":"https:\/\/mairie-saint-marcel.fr\/?page_id=623","title":{"rendered":"Permis de construire"},"content":{"rendered":"\n<figure class=\"wp-block-image size-full is-resized\"><img loading=\"lazy\" decoding=\"async\" width=\"752\" height=\"663\" src=\"https:\/\/mairie-saint-marcel.fr\/wp-content\/uploads\/2025\/03\/image-3.png\" alt=\"\" class=\"wp-image-3122\" style=\"width:530px;height:auto\" srcset=\"https:\/\/mairie-saint-marcel.fr\/wp-content\/uploads\/2025\/03\/image-3.png 752w, https:\/\/mairie-saint-marcel.fr\/wp-content\/uploads\/2025\/03\/image-3-300x264.png 300w, https:\/\/mairie-saint-marcel.fr\/wp-content\/uploads\/2025\/03\/image-3-140x123.png 140w\" sizes=\"auto, (max-width: 752px) 100vw, 752px\" \/><\/figure>\n\n\n\n<h4 class=\"wp-block-heading\">Renseigner le formulaire CERFA correspondant au type de travaux<\/h4>\n\n\n\n<ul class=\"wp-block-list\">\n<li><strong>Demande de permis de construire pour une maison individuelle et\/ou ses annexes comprenant ou non des d\u00e9molitions : <\/strong><em>Permet d&rsquo;agrandir ou de construire une maison individuelle ou ses annexes (ou de r\u00e9aliser des travaux de d\u00e9molition pour reconstruction).<\/em><\/li>\n<\/ul>\n\n\n\n<p><a href=\"https:\/\/www.service-public.gouv.fr\/particuliers\/vosdroits\/R11637\" data-type=\"URL\" data-id=\"https:\/\/www.formulaires.service-public.fr\/gf\/cerfa_13406.do\" target=\"_blank\" rel=\"noreferrer noopener\">T\u00e9l\u00e9charger le formulaire<\/a><\/p>\n\n\n\n<ul class=\"wp-block-list\">\n<li><strong>Demande de permis de construire comprenant ou non des d\u00e9molitions <\/strong><em>Permet de r\u00e9aliser une nouvelle construction ou d&rsquo;effectuer des travaux sur une construction existante.<\/em><\/li>\n<\/ul>\n\n\n\n<p><a href=\"https:\/\/www.service-public.gouv.fr\/particuliers\/vosdroits\/R20835\" data-type=\"URL\" data-id=\"https:\/\/www.formulaires.service-public.fr\/gf\/cerfa_13409.do\" target=\"_blank\" rel=\"noreferrer noopener\">T\u00e9l\u00e9charger le formulaire<\/a><\/p>\n\n\n\n<p>D\u00e9p\u00f4t du dossier en mairie en 5 exemplaires : soit sur place ou envoy\u00e9 par courrier ; la mairie d\u00e9livre un r\u00e9c\u00e9piss\u00e9 comportant un num\u00e9ro d&rsquo;enregistrement qui mentionne le point de d\u00e9part de la date \u00e0 partir de laquelle les travaux pourront commencer en l&rsquo;absence de refus du service instructeur.<\/p>\n\n\n\n<h2 class=\"wp-block-heading\">D\u00e9lai d&rsquo;instruction<\/h2>\n\n\n\n<p>Le d\u00e9lai d\u2019instruction de droit commun est fix\u00e9 \u00e0 deux mois pour les constructions individuelles et trois mois pour les autres constructions lorsqu\u2019un projet ne rel\u00e8ve d\u2019aucune autre l\u00e9gislation que celle du code de l\u2019urbanisme. Ce d\u00e9lai peut \u00eatre modifi\u00e9 pendant le premier mois d\u2019instruction (ERP, Projet dans p\u00e9rim\u00e8tre des monuments historiques\u2026).<br>Quand un permis de construire est soumis \u00e0 des autorisations ou des avis relevant de l\u00e9gislations connexes au droit de l\u2019urbanisme (code l\u2019environnement, patrimoine&#8230;), les d\u00e9lais d\u2019obtention du permis sont allong\u00e9s, tout en respectant, au total le d\u00e9lai maximum de 5 mois.<\/p>\n\n\n\n<h2 class=\"wp-block-heading\">D\u00e9cision<\/h2>\n\n\n\n<p>A l\u2019issue du d\u00e9lai d\u2019instruction, le p\u00e9titionnaire b\u00e9n\u00e9ficie d\u2019une d\u00e9cision tacite dans la plupart des cas. Si aucun arr\u00eat\u00e9 ne lui a \u00e9t\u00e9 notifi\u00e9, il peut alors demander un certificat de permis tacite. L\u2019autorisation est ex\u00e9cutoire d\u00e8s sa r\u00e9ception, ou \u00e0 naissance de l\u2019autorisation tacite.<\/p>\n\n\n\n<h2 class=\"wp-block-heading\">Dur\u00e9e de validit\u00e9<\/h2>\n\n\n\n<p>La dur\u00e9e de validit\u00e9 du permis de construire est d\u00e9sormais port\u00e9e \u00e0 trois ans (contre deux ans avant 2016). Il est possible d&rsquo;obtenir deux prorogations d&rsquo;une dur\u00e9e d&rsquo;un an chacune. La dur\u00e9e maximale de validit\u00e9 du permis de construire s&rsquo;\u00e9tablit par cons\u00e9quent \u00e0 5 ans.<\/p>\n","protected":false},"excerpt":{"rendered":"<p>Renseigner le formulaire CERFA correspondant au type de travaux T\u00e9l\u00e9charger le formulaire T\u00e9l\u00e9charger le formulaire D\u00e9p\u00f4t du dossier en mairie en 5 exemplaires : soit sur place ou envoy\u00e9 par&hellip;<\/p>\n","protected":false},"author":3,"featured_media":0,"parent":0,"menu_order":0,"comment_status":"closed","ping_status":"closed","template":"","meta":{"footnotes":""},"class_list":["post-623","page","type-page","status-publish","hentry"],"_links":{"self":[{"href":"https:\/\/mairie-saint-marcel.fr\/index.php?rest_route=\/wp\/v2\/pages\/623","targetHints":{"allow":["GET"]}}],"collection":[{"href":"https:\/\/mairie-saint-marcel.fr\/index.php?rest_route=\/wp\/v2\/pages"}],"about":[{"href":"https:\/\/mairie-saint-marcel.fr\/index.php?rest_route=\/wp\/v2\/types\/page"}],"author":[{"embeddable":true,"href":"https:\/\/mairie-saint-marcel.fr\/index.php?rest_route=\/wp\/v2\/users\/3"}],"replies":[{"embeddable":true,"href":"https:\/\/mairie-saint-marcel.fr\/index.php?rest_route=%2Fwp%2Fv2%2Fcomments&post=623"}],"version-history":[{"count":11,"href":"https:\/\/mairie-saint-marcel.fr\/index.php?rest_route=\/wp\/v2\/pages\/623\/revisions"}],"predecessor-version":[{"id":3720,"href":"https:\/\/mairie-saint-marcel.fr\/index.php?rest_route=\/wp\/v2\/pages\/623\/revisions\/3720"}],"wp:attachment":[{"href":"https:\/\/mairie-saint-marcel.fr\/index.php?rest_route=%2Fwp%2Fv2%2Fmedia&parent=623"}],"curies":[{"name":"wp","href":"https:\/\/api.w.org\/{rel}","templated":true}]}}