{"id":634,"date":"2021-01-21T18:57:34","date_gmt":"2021-01-21T17:57:34","guid":{"rendered":"http:\/\/mairie-saint-marcel.fr\/?page_id=634"},"modified":"2023-03-01T09:12:27","modified_gmt":"2023-03-01T08:12:27","slug":"permis-de-demolir","status":"publish","type":"page","link":"https:\/\/mairie-saint-marcel.fr\/?page_id=634","title":{"rendered":"Permis de d\u00e9molir"},"content":{"rendered":"\n<figure class=\"wp-block-image size-full\"><img loading=\"lazy\" decoding=\"async\" width=\"765\" height=\"563\" src=\"https:\/\/mairie-saint-marcel.fr\/wp-content\/uploads\/2023\/03\/image-1.png\" alt=\"\" class=\"wp-image-2068\" srcset=\"https:\/\/mairie-saint-marcel.fr\/wp-content\/uploads\/2023\/03\/image-1.png 765w, https:\/\/mairie-saint-marcel.fr\/wp-content\/uploads\/2023\/03\/image-1-300x221.png 300w, https:\/\/mairie-saint-marcel.fr\/wp-content\/uploads\/2023\/03\/image-1-140x103.png 140w\" sizes=\"auto, (max-width: 765px) 100vw, 765px\" \/><\/figure>\n\n\n\n<h4 class=\"wp-block-heading\">Quelle formalit\u00e9 ?<\/h4>\n\n\n\n<ul class=\"wp-block-list\">\n<li><strong>Demande de permis de d\u00e9molir (Formulaire 13405*09)<\/strong><\/li>\n<\/ul>\n\n\n\n<p><em>Permet de d\u00e9molir une construction sans r\u00e9alisation d&rsquo;une autre construction.<\/em><\/p>\n\n\n\n<p><em>Vous devez l&rsquo;obtenir avant la d\u00e9molition partielle ou totale d&rsquo;une construction situ\u00e9e dans un secteur o\u00f9 ce permis est obligatoire. Lorsque la d\u00e9molition est li\u00e9e \u00e0 un projet de construction ou d&rsquo;am\u00e9nagement, la demande peut \u00eatre faite avec la demande de permis de construire ou d&rsquo;am\u00e9nager.<\/em><\/p>\n\n\n\n<p><a href=\"https:\/\/www.formulaires.service-public.fr\/gf\/cerfa_13405.do\" data-type=\"URL\" data-id=\"https:\/\/www.formulaires.service-public.fr\/gf\/cerfa_13405.do\">T\u00e9l\u00e9charger le formulaire<\/a><\/p>\n\n\n\n<h4 class=\"wp-block-heading\">D\u00e9molition et reconstruction<\/h4>\n\n\n\n<p>Si la d\u00e9molition d\u00e9pend d&rsquo;un projet de construction ou d&rsquo;am\u00e9nagement, les formulaires de demande de permis de construire ou d&rsquo;am\u00e9nager permettent \u00e9galement de demander l&rsquo;autorisation de d\u00e9molir.<\/p>\n\n\n\n<h4 class=\"wp-block-heading\">D\u00e9p\u00f4t du dossier<\/h4>\n\n\n\n<p>En mairie en 5 exemplaires : soit sur place ou envoy\u00e9 par courrier ; la mairie d\u00e9livre un r\u00e9c\u00e9piss\u00e9 comportant un num\u00e9ro d&rsquo;enregistrement qui mentionne le point de d\u00e9part de la date \u00e0 partir de laquelle les travaux pourront commencer en l&rsquo;absence de refus du service instructeur.<\/p>\n\n\n\n<h4 class=\"wp-block-heading\">D\u00e9lai d&rsquo;instruction<\/h4>\n\n\n\n<p>Le d\u00e9lai d&rsquo;instruction de droit commun est de 2 mois \u00e0 partir de la date du d\u00e9p\u00f4t de la demande. Ce d\u00e9lai peut \u00eatre modifi\u00e9 pendant le premier mois d\u2019instruction (Projet dans p\u00e9rim\u00e8tre des monuments historiques\u2026).<br>Un extrait de la demande du permis de d\u00e9molir doit faire l&rsquo;objet d&rsquo;un affichage en mairie dans les 8 jours qui suivent son d\u00e9p\u00f4t et rester affich\u00e9.<\/p>\n\n\n\n<h4 class=\"wp-block-heading\">D\u00e9cision<\/h4>\n\n\n\n<p>A l\u2019issue du d\u00e9lai d\u2019instruction, le p\u00e9titionnaire b\u00e9n\u00e9ficie d\u2019une d\u00e9cision tacite dans la plupart des cas. Si aucun arr\u00eat\u00e9 ne lui a \u00e9t\u00e9 notifi\u00e9, il peut alors demander un certificat de permis tacite.<br>L\u2019autorisation est ex\u00e9cutoire d\u00e8s sa r\u00e9ception, ou \u00e0 naissance de l\u2019autorisation tacite, et ne peut pas \u00eatre mis en \u0153uvre avant 15 jours suivant r\u00e9ception de l\u2019autorisation.<\/p>\n\n\n\n<h4 class=\"wp-block-heading\">Dur\u00e9e de validit\u00e9<\/h4>\n\n\n\n<p>La dur\u00e9e de validit\u00e9 d&rsquo;un permis de d\u00e9molir est de 3 ans. Ce d\u00e9lai peut \u00eatre prorog\u00e9 de 2 fois 1 an, sur demande faite par courrier recommand\u00e9 avec avis de r\u00e9ception ou d\u00e9pos\u00e9 en mairie, en double exemplaire, 2 mois au moins avant l&rsquo;expiration du d\u00e9lai de validit\u00e9 initiale du permis de d\u00e9molir.<br>La dur\u00e9e de validit\u00e9 du permis de construire est d\u00e9sormais port\u00e9e \u00e0 trois ans (contre deux ans avant 2016). Il est possible d&rsquo;obtenir deux prorogations d&rsquo;une dur\u00e9e d&rsquo;un an chacune. La dur\u00e9e maximale de validit\u00e9 du permis de construire s&rsquo;\u00e9tablit par cons\u00e9quent \u00e0 5 ans.<\/p>\n","protected":false},"excerpt":{"rendered":"<p>Quelle formalit\u00e9 ? Permet de d\u00e9molir une construction sans r\u00e9alisation d&rsquo;une autre construction. Vous devez l&rsquo;obtenir avant la d\u00e9molition partielle ou totale d&rsquo;une construction situ\u00e9e dans un secteur o\u00f9 ce&hellip;<\/p>\n","protected":false},"author":3,"featured_media":0,"parent":0,"menu_order":0,"comment_status":"closed","ping_status":"closed","template":"","meta":{"footnotes":""},"class_list":["post-634","page","type-page","status-publish","hentry"],"_links":{"self":[{"href":"https:\/\/mairie-saint-marcel.fr\/index.php?rest_route=\/wp\/v2\/pages\/634","targetHints":{"allow":["GET"]}}],"collection":[{"href":"https:\/\/mairie-saint-marcel.fr\/index.php?rest_route=\/wp\/v2\/pages"}],"about":[{"href":"https:\/\/mairie-saint-marcel.fr\/index.php?rest_route=\/wp\/v2\/types\/page"}],"author":[{"embeddable":true,"href":"https:\/\/mairie-saint-marcel.fr\/index.php?rest_route=\/wp\/v2\/users\/3"}],"replies":[{"embeddable":true,"href":"https:\/\/mairie-saint-marcel.fr\/index.php?rest_route=%2Fwp%2Fv2%2Fcomments&post=634"}],"version-history":[{"count":5,"href":"https:\/\/mairie-saint-marcel.fr\/index.php?rest_route=\/wp\/v2\/pages\/634\/revisions"}],"predecessor-version":[{"id":2069,"href":"https:\/\/mairie-saint-marcel.fr\/index.php?rest_route=\/wp\/v2\/pages\/634\/revisions\/2069"}],"wp:attachment":[{"href":"https:\/\/mairie-saint-marcel.fr\/index.php?rest_route=%2Fwp%2Fv2%2Fmedia&parent=634"}],"curies":[{"name":"wp","href":"https:\/\/api.w.org\/{rel}","templated":true}]}}