{"id":641,"date":"2021-01-21T19:06:46","date_gmt":"2021-01-21T18:06:46","guid":{"rendered":"http:\/\/mairie-saint-marcel.fr\/?page_id=641"},"modified":"2024-10-16T12:42:49","modified_gmt":"2024-10-16T11:42:49","slug":"declarer-louverture-lachevement-de-travaux","status":"publish","type":"page","link":"https:\/\/mairie-saint-marcel.fr\/?page_id=641","title":{"rendered":"D\u00e9clarer l&rsquo;ouverture, l&rsquo;ach\u00e8vement de travaux"},"content":{"rendered":"<div class=\"wp-block-image\">\n<figure class=\"aligncenter size-large is-resized\"><img loading=\"lazy\" decoding=\"async\" width=\"240\" height=\"240\" src=\"https:\/\/mairie-saint-marcel.fr\/wp-content\/uploads\/2021\/01\/travaux-en-cours.jpg\" alt=\"\" class=\"wp-image-642\" style=\"width:222px;height:222px\" srcset=\"https:\/\/mairie-saint-marcel.fr\/wp-content\/uploads\/2021\/01\/travaux-en-cours.jpg 240w, https:\/\/mairie-saint-marcel.fr\/wp-content\/uploads\/2021\/01\/travaux-en-cours-150x150.jpg 150w, https:\/\/mairie-saint-marcel.fr\/wp-content\/uploads\/2021\/01\/travaux-en-cours-140x140.jpg 140w\" sizes=\"auto, (max-width: 240px) 100vw, 240px\" \/><\/figure>\n<\/div>\n\n\n<h4 class=\"wp-block-heading\">D\u00e9clarer l\u2019ouverture d\u2019un chantier<\/h4>\n\n\n\n<p>D\u00e8s le commencement des travaux, une d\u00e9claration d\u2019ouverture de chantier doit obligatoirement \u00eatre compl\u00e9t\u00e9e et d\u00e9pos\u00e9e en mairie en 2 exemplaires.<br>Aucune pi\u00e8ce jointe n\u2019est n\u00e9cessaire.<\/p>\n\n\n\n<p><a rel=\"noreferrer noopener\" href=\"https:\/\/www.service-public.fr\/particuliers\/vosdroits\/R1976\" data-type=\"URL\" data-id=\"https:\/\/www.service-public.fr\/particuliers\/vosdroits\/R1976\" target=\"_blank\">T\u00e9l\u00e9charger le formulaire<\/a><\/p>\n\n\n\n<h4 class=\"wp-block-heading\"><strong>D\u00e9clarer l&rsquo;ach\u00e8vement et la conformit\u00e9 des travaux<\/strong><\/h4>\n\n\n\n<p>Dans quels cas r\u00e9aliser cette d\u00e9marche ?<\/p>\n\n\n\n<ul class=\"wp-block-list\">\n<li>Vous d\u00e9clarez l\u2019ach\u00e8vement partiel ou total des travaux de construction ou d\u2019am\u00e9nagement.<\/li>\n\n\n\n<li>Vous d\u00e9clarez que les travaux de construction ou d\u2019am\u00e9nagement sont conformes \u00e0 l\u2019autorisation et respectent les r\u00e8gles g\u00e9n\u00e9rales de construction.<\/li>\n\n\n\n<li>Vous d\u00e9clarez que le changement de destination ou la division de terrain a \u00e9t\u00e9 effectu\u00e9 et est conforme au permis ou \u00e0 la d\u00e9claration pr\u00e9alable.<\/li>\n<\/ul>\n\n\n\n<p><a rel=\"noreferrer noopener\" href=\"https:\/\/www.service-public.fr\/particuliers\/vosdroits\/R1978\" data-type=\"URL\" data-id=\"https:\/\/www.service-public.fr\/particuliers\/vosdroits\/R1978\" target=\"_blank\">T\u00e9l\u00e9charger le formulaire<\/a><\/p>\n","protected":false},"excerpt":{"rendered":"<p>D\u00e9clarer l\u2019ouverture d\u2019un chantier D\u00e8s le commencement des travaux, une d\u00e9claration d\u2019ouverture de chantier doit obligatoirement \u00eatre compl\u00e9t\u00e9e et d\u00e9pos\u00e9e en mairie en 2 exemplaires.Aucune pi\u00e8ce jointe n\u2019est n\u00e9cessaire. T\u00e9l\u00e9charger&hellip;<\/p>\n","protected":false},"author":3,"featured_media":0,"parent":0,"menu_order":0,"comment_status":"closed","ping_status":"closed","template":"","meta":{"footnotes":""},"class_list":["post-641","page","type-page","status-publish","hentry"],"_links":{"self":[{"href":"https:\/\/mairie-saint-marcel.fr\/index.php?rest_route=\/wp\/v2\/pages\/641","targetHints":{"allow":["GET"]}}],"collection":[{"href":"https:\/\/mairie-saint-marcel.fr\/index.php?rest_route=\/wp\/v2\/pages"}],"about":[{"href":"https:\/\/mairie-saint-marcel.fr\/index.php?rest_route=\/wp\/v2\/types\/page"}],"author":[{"embeddable":true,"href":"https:\/\/mairie-saint-marcel.fr\/index.php?rest_route=\/wp\/v2\/users\/3"}],"replies":[{"embeddable":true,"href":"https:\/\/mairie-saint-marcel.fr\/index.php?rest_route=%2Fwp%2Fv2%2Fcomments&post=641"}],"version-history":[{"count":8,"href":"https:\/\/mairie-saint-marcel.fr\/index.php?rest_route=\/wp\/v2\/pages\/641\/revisions"}],"predecessor-version":[{"id":2874,"href":"https:\/\/mairie-saint-marcel.fr\/index.php?rest_route=\/wp\/v2\/pages\/641\/revisions\/2874"}],"wp:attachment":[{"href":"https:\/\/mairie-saint-marcel.fr\/index.php?rest_route=%2Fwp%2Fv2%2Fmedia&parent=641"}],"curies":[{"name":"wp","href":"https:\/\/api.w.org\/{rel}","templated":true}]}}