{"id":713,"date":"2021-01-31T16:56:21","date_gmt":"2021-01-31T15:56:21","guid":{"rendered":"http:\/\/mairie-saint-marcel.fr\/?page_id=713"},"modified":"2021-01-31T16:59:44","modified_gmt":"2021-01-31T15:59:44","slug":"internet-la-fibre","status":"publish","type":"page","link":"https:\/\/mairie-saint-marcel.fr\/?page_id=713","title":{"rendered":"Internet &#038; la fibre"},"content":{"rendered":"\n<p>Saint-Marcel est partiellement desservi par la fibre optique gr\u00e2ce au SIEA<\/p>\n\n\n\n<div class=\"wp-block-image\"><figure class=\"alignleft size-large\"><a href=\"http:\/\/www.reso-liain.fr\/\" target=\"_blank\" rel=\"noopener\"><img loading=\"lazy\" decoding=\"async\" width=\"150\" height=\"150\" src=\"https:\/\/mairie-saint-marcel.fr\/wp-content\/uploads\/2021\/01\/Logo-150x150px1.png\" alt=\"\" class=\"wp-image-714\" srcset=\"https:\/\/mairie-saint-marcel.fr\/wp-content\/uploads\/2021\/01\/Logo-150x150px1.png 150w, https:\/\/mairie-saint-marcel.fr\/wp-content\/uploads\/2021\/01\/Logo-150x150px1-140x140.png 140w\" sizes=\"auto, (max-width: 150px) 100vw, 150px\" \/><\/a><\/figure><\/div>\n\n\n\n<div class=\"wp-block-image\"><figure class=\"alignright size-large is-resized\"><a href=\"http:\/\/siea.fr\" target=\"_blank\" rel=\"noopener\"><img loading=\"lazy\" decoding=\"async\" src=\"http:\/\/mairie-saint-marcel.fr\/wp-content\/uploads\/2021\/01\/SIEA.png\" alt=\"\" class=\"wp-image-715\" width=\"114\" height=\"170\" srcset=\"https:\/\/mairie-saint-marcel.fr\/wp-content\/uploads\/2021\/01\/SIEA.png 184w, https:\/\/mairie-saint-marcel.fr\/wp-content\/uploads\/2021\/01\/SIEA-140x208.png 140w\" sizes=\"auto, (max-width: 114px) 100vw, 114px\" \/><\/a><\/figure><\/div>\n\n\n\n<p><\/p>\n\n\n\n<h4 class=\"wp-block-heading\">Testez votre \u00e9ligibilit\u00e9 <a rel=\"noreferrer noopener\" href=\"https:\/\/customers.liain.fr\/eligibilite\" target=\"_blank\">ici<\/a>  <\/h4>\n\n\n\n<p><\/p>\n","protected":false},"excerpt":{"rendered":"<p>Saint-Marcel est partiellement desservi par la fibre optique gr\u00e2ce au SIEA Testez votre \u00e9ligibilit\u00e9 ici<\/p>\n","protected":false},"author":3,"featured_media":0,"parent":0,"menu_order":0,"comment_status":"closed","ping_status":"closed","template":"","meta":{"footnotes":""},"class_list":["post-713","page","type-page","status-publish","hentry"],"_links":{"self":[{"href":"https:\/\/mairie-saint-marcel.fr\/index.php?rest_route=\/wp\/v2\/pages\/713","targetHints":{"allow":["GET"]}}],"collection":[{"href":"https:\/\/mairie-saint-marcel.fr\/index.php?rest_route=\/wp\/v2\/pages"}],"about":[{"href":"https:\/\/mairie-saint-marcel.fr\/index.php?rest_route=\/wp\/v2\/types\/page"}],"author":[{"embeddable":true,"href":"https:\/\/mairie-saint-marcel.fr\/index.php?rest_route=\/wp\/v2\/users\/3"}],"replies":[{"embeddable":true,"href":"https:\/\/mairie-saint-marcel.fr\/index.php?rest_route=%2Fwp%2Fv2%2Fcomments&post=713"}],"version-history":[{"count":4,"href":"https:\/\/mairie-saint-marcel.fr\/index.php?rest_route=\/wp\/v2\/pages\/713\/revisions"}],"predecessor-version":[{"id":719,"href":"https:\/\/mairie-saint-marcel.fr\/index.php?rest_route=\/wp\/v2\/pages\/713\/revisions\/719"}],"wp:attachment":[{"href":"https:\/\/mairie-saint-marcel.fr\/index.php?rest_route=%2Fwp%2Fv2%2Fmedia&parent=713"}],"curies":[{"name":"wp","href":"https:\/\/api.w.org\/{rel}","templated":true}]}}