{"id":838,"date":"2021-04-10T09:53:49","date_gmt":"2021-04-10T08:53:49","guid":{"rendered":"https:\/\/mairie-saint-marcel.fr\/?page_id=838"},"modified":"2021-04-10T17:27:53","modified_gmt":"2021-04-10T16:27:53","slug":"changement-de-compteur-gaz","status":"publish","type":"page","link":"https:\/\/mairie-saint-marcel.fr\/?page_id=838","title":{"rendered":"Changement de Compteur Gaz"},"content":{"rendered":"\n<h2 class=\"wp-block-heading\">Gazpar arrive&#8230;<\/h2>\n\n\n\n<div class=\"wp-block-image\"><figure class=\"alignleft size-large is-resized\"><img loading=\"lazy\" decoding=\"async\" src=\"http:\/\/mairie-saint-marcel.fr\/wp-content\/uploads\/2021\/04\/gazpar.jpg\" alt=\"\" class=\"wp-image-841\" width=\"121\" height=\"90\" srcset=\"https:\/\/mairie-saint-marcel.fr\/wp-content\/uploads\/2021\/04\/gazpar.jpg 474w, https:\/\/mairie-saint-marcel.fr\/wp-content\/uploads\/2021\/04\/gazpar-300x225.jpg 300w, https:\/\/mairie-saint-marcel.fr\/wp-content\/uploads\/2021\/04\/gazpar-140x105.jpg 140w\" sizes=\"auto, (max-width: 121px) 100vw, 121px\" \/><\/figure><\/div>\n\n\n\n<p>Depuis plusieurs ann\u00e9es maintenant, GRDF est engag\u00e9 dans une d\u00e9marche de conversion de ses compteurs traditionnels vers des compteurs communicants afin de r\u00e9pondre \u00e0 l\u2019obligation r\u00e8glementaire qui lui est faite de fournir aux consommateurs de gaz des indexes r\u00e9els et r\u00e9guliers de consommation.<\/p>\n\n\n\n<p>Jusqu\u2019\u00e0 pr\u00e9sent ce compteur \u00e9tait d\u00e9ploy\u00e9 sur le d\u00e9partement de l\u2019Ain de mani\u00e8re opportuniste (lors des changements p\u00e9riodiques de compteurs ou lors de la pose de compteurs sur b\u00e2timent neuf) et depuis le d\u00e9but de l\u2019ann\u00e9e, GRDF passe en phase industrielle afin de changer tous ceux restant sous l\u2019ancien mod\u00e8le.<\/p>\n\n\n\n<div class=\"wp-block-image\"><figure class=\"alignright size-large is-resized\"><img loading=\"lazy\" decoding=\"async\" src=\"http:\/\/mairie-saint-marcel.fr\/wp-content\/uploads\/2021\/04\/GRDF.png\" alt=\"\" class=\"wp-image-842\" width=\"156\" height=\"82\" srcset=\"https:\/\/mairie-saint-marcel.fr\/wp-content\/uploads\/2021\/04\/GRDF.png 801w, https:\/\/mairie-saint-marcel.fr\/wp-content\/uploads\/2021\/04\/GRDF-300x157.png 300w, https:\/\/mairie-saint-marcel.fr\/wp-content\/uploads\/2021\/04\/GRDF-768x401.png 768w, https:\/\/mairie-saint-marcel.fr\/wp-content\/uploads\/2021\/04\/GRDF-140x73.png 140w\" sizes=\"auto, (max-width: 156px) 100vw, 156px\" \/><\/figure><\/div>\n\n\n\n<h3 class=\"wp-block-heading\"><strong><span class=\"has-inline-color has-vivid-cyan-blue-color\">Cette op\u00e9ration aura lieu au mois de Juin sur la commune de Saint Marcel pour le changement de 176 compteurs de gaz au total.<\/span><\/strong><\/h3>\n\n\n\n<div class=\"wp-block-image\"><figure class=\"alignleft size-large is-resized\"><img loading=\"lazy\" decoding=\"async\" src=\"http:\/\/mairie-saint-marcel.fr\/wp-content\/uploads\/2021\/04\/GRDF_logo.jpg\" alt=\"\" class=\"wp-image-840\" width=\"140\" height=\"69\" srcset=\"https:\/\/mairie-saint-marcel.fr\/wp-content\/uploads\/2021\/04\/GRDF_logo.jpg 300w, https:\/\/mairie-saint-marcel.fr\/wp-content\/uploads\/2021\/04\/GRDF_logo-140x69.jpg 140w\" sizes=\"auto, (max-width: 140px) 100vw, 140px\" \/><\/figure><\/div>\n\n\n\n<p>Pour cela, GRDF fait appel \u00e0 un prestataire, la <strong><span class=\"has-inline-color has-vivid-cyan-blue-color\">soci\u00e9t\u00e9 OKSERVICES<\/span><\/strong>, qui est mandat\u00e9e afin de proc\u00e9der aux changements de compteur.<\/p>\n\n\n\n<p><\/p>\n\n\n\n<p>Ces derniers op\u00e8rent suite au protocole de pr\u00e9venance client ci-dessous&nbsp;:<\/p>\n\n\n\n<ul class=\"wp-block-list\"><li>J-45 \u00e0 30 jours&nbsp;: envoi d\u2019un courrier d\u2019information<\/li><li>J-21 \u00e0 15 jours&nbsp;: proposition d\u2019un RDV pour la pose par mail ou courrier ( avec possibilit\u00e9 de changer le RDV si ce dernier ne convient pas)<\/li><li>J-2&nbsp;: SMS ou mail de rappel de RDV<\/li><li>J&nbsp;: pose du nouveau compteur<\/li><li>Tourn\u00e9e de remise en gaz \u00e9ventuelle.<\/li><\/ul>\n\n\n\n<p><a rel=\"noreferrer noopener\" href=\"https:\/\/mairie-saint-marcel.fr\/images\/divers\/GRDF\/Gazpar.pdf\" target=\"_blank\">Pour plus d&rsquo;informations<\/a><\/p>\n","protected":false},"excerpt":{"rendered":"<p>Gazpar arrive&#8230; Depuis plusieurs ann\u00e9es maintenant, GRDF est engag\u00e9 dans une d\u00e9marche de conversion de ses compteurs traditionnels vers des compteurs communicants afin de r\u00e9pondre \u00e0 l\u2019obligation r\u00e8glementaire qui lui&hellip;<\/p>\n","protected":false},"author":3,"featured_media":0,"parent":0,"menu_order":0,"comment_status":"closed","ping_status":"closed","template":"","meta":{"footnotes":""},"class_list":["post-838","page","type-page","status-publish","hentry"],"_links":{"self":[{"href":"https:\/\/mairie-saint-marcel.fr\/index.php?rest_route=\/wp\/v2\/pages\/838","targetHints":{"allow":["GET"]}}],"collection":[{"href":"https:\/\/mairie-saint-marcel.fr\/index.php?rest_route=\/wp\/v2\/pages"}],"about":[{"href":"https:\/\/mairie-saint-marcel.fr\/index.php?rest_route=\/wp\/v2\/types\/page"}],"author":[{"embeddable":true,"href":"https:\/\/mairie-saint-marcel.fr\/index.php?rest_route=\/wp\/v2\/users\/3"}],"replies":[{"embeddable":true,"href":"https:\/\/mairie-saint-marcel.fr\/index.php?rest_route=%2Fwp%2Fv2%2Fcomments&post=838"}],"version-history":[{"count":6,"href":"https:\/\/mairie-saint-marcel.fr\/index.php?rest_route=\/wp\/v2\/pages\/838\/revisions"}],"predecessor-version":[{"id":859,"href":"https:\/\/mairie-saint-marcel.fr\/index.php?rest_route=\/wp\/v2\/pages\/838\/revisions\/859"}],"wp:attachment":[{"href":"https:\/\/mairie-saint-marcel.fr\/index.php?rest_route=%2Fwp%2Fv2%2Fmedia&parent=838"}],"curies":[{"name":"wp","href":"https:\/\/api.w.org\/{rel}","templated":true}]}}