{"id":864,"date":"2021-04-25T14:42:46","date_gmt":"2021-04-25T13:42:46","guid":{"rendered":"https:\/\/mairie-saint-marcel.fr\/?page_id=864"},"modified":"2024-08-08T13:38:08","modified_gmt":"2024-08-08T12:38:08","slug":"bricolage-jardinage-horaires","status":"publish","type":"page","link":"https:\/\/mairie-saint-marcel.fr\/?page_id=864","title":{"rendered":"Bricolage &#038; jardinage : Horaires"},"content":{"rendered":"\n<div class=\"wp-block-image\"><figure class=\"alignleft size-large is-resized\"><img loading=\"lazy\" decoding=\"async\" src=\"https:\/\/mairie-saint-marcel.fr\/wp-content\/uploads\/2021\/04\/tondeuse.jpeg\" alt=\"\" class=\"wp-image-867\" width=\"162\" height=\"109\" srcset=\"https:\/\/mairie-saint-marcel.fr\/wp-content\/uploads\/2021\/04\/tondeuse.jpeg 275w, https:\/\/mairie-saint-marcel.fr\/wp-content\/uploads\/2021\/04\/tondeuse-140x93.jpeg 140w\" sizes=\"auto, (max-width: 162px) 100vw, 162px\" \/><\/figure><\/div>\n\n\n\n<div class=\"wp-block-image\"><figure class=\"alignright size-large is-resized\"><img loading=\"lazy\" decoding=\"async\" src=\"https:\/\/mairie-saint-marcel.fr\/wp-content\/uploads\/2021\/04\/bruit.jpg\" alt=\"\" class=\"wp-image-866\" width=\"69\" height=\"104\" srcset=\"https:\/\/mairie-saint-marcel.fr\/wp-content\/uploads\/2021\/04\/bruit.jpg 265w, https:\/\/mairie-saint-marcel.fr\/wp-content\/uploads\/2021\/04\/bruit-199x300.jpg 199w, https:\/\/mairie-saint-marcel.fr\/wp-content\/uploads\/2021\/04\/bruit-140x211.jpg 140w\" sizes=\"auto, (max-width: 69px) 100vw, 69px\" \/><\/figure><\/div>\n\n\n\n<p>Selon arr\u00eat\u00e9 pr\u00e9fectoral, les travaux de bricolage et de jardinage sont autoris\u00e9s\u00a0uniquement aux horaires suivants: <\/p>\n\n\n\n<p>   <\/p>\n\n\n\n<ul class=\"wp-block-list\"><li><strong>Les jours ouvrables : de 8h00 \u00e0 12h00 et de 14h00 \u00e0 19h30 <\/strong><\/li><li><strong>Les samedis : de 9h00 \u00e0 12h00 et de 15h00 \u00e0 19h00 <\/strong><\/li><li><strong>Les dimanches et jours f\u00e9ri\u00e9s : de 10h00 \u00e0 12h00<\/strong> <\/li><li><strong><span class=\"has-inline-color has-vivid-red-color\">Le bruit particulier en p\u00e9riode nocturne est interdit de 22h00 \u00e0 7h00.<\/span><\/strong><\/li><\/ul>\n\n\n\n<p><\/p>\n","protected":false},"excerpt":{"rendered":"<p>Selon arr\u00eat\u00e9 pr\u00e9fectoral, les travaux de bricolage et de jardinage sont autoris\u00e9s\u00a0uniquement aux horaires suivants: Les jours ouvrables : de 8h00 \u00e0 12h00 et de 14h00 \u00e0 19h30 Les samedis&hellip;<\/p>\n","protected":false},"author":3,"featured_media":0,"parent":0,"menu_order":0,"comment_status":"closed","ping_status":"closed","template":"","meta":{"footnotes":""},"class_list":["post-864","page","type-page","status-publish","hentry"],"_links":{"self":[{"href":"https:\/\/mairie-saint-marcel.fr\/index.php?rest_route=\/wp\/v2\/pages\/864","targetHints":{"allow":["GET"]}}],"collection":[{"href":"https:\/\/mairie-saint-marcel.fr\/index.php?rest_route=\/wp\/v2\/pages"}],"about":[{"href":"https:\/\/mairie-saint-marcel.fr\/index.php?rest_route=\/wp\/v2\/types\/page"}],"author":[{"embeddable":true,"href":"https:\/\/mairie-saint-marcel.fr\/index.php?rest_route=\/wp\/v2\/users\/3"}],"replies":[{"embeddable":true,"href":"https:\/\/mairie-saint-marcel.fr\/index.php?rest_route=%2Fwp%2Fv2%2Fcomments&post=864"}],"version-history":[{"count":18,"href":"https:\/\/mairie-saint-marcel.fr\/index.php?rest_route=\/wp\/v2\/pages\/864\/revisions"}],"predecessor-version":[{"id":2791,"href":"https:\/\/mairie-saint-marcel.fr\/index.php?rest_route=\/wp\/v2\/pages\/864\/revisions\/2791"}],"wp:attachment":[{"href":"https:\/\/mairie-saint-marcel.fr\/index.php?rest_route=%2Fwp%2Fv2%2Fmedia&parent=864"}],"curies":[{"name":"wp","href":"https:\/\/api.w.org\/{rel}","templated":true}]}}